{"id":1011,"date":"2024-07-08T06:02:37","date_gmt":"2024-07-08T06:02:37","guid":{"rendered":"https:\/\/beatles-shootouts.de\/?page_id=1011"},"modified":"2024-07-08T06:02:37","modified_gmt":"2024-07-08T06:02:37","slug":"abbey-road-legacy","status":"publish","type":"page","link":"https:\/\/beatles-shootouts.de\/de\/shootouts\/legacy-shootouts\/abbey-road-legacy\/","title":{"rendered":"Abbey Road (Legacy)"},"content":{"rendered":"Erstver\u00f6ffentlichung: 30. M\u00e4rz 2021<\/p>\n<p><strong>Die Kandidaten:<\/strong><\/p>\n<ul>\n<li><a href=\"2\/\">Danish First Pressing (1969)<\/a><\/li>\n<li><a href=\"3\/\">German 1st Cut (1969)<\/a><\/li>\n<li><a href=\"4\/\">Japanese Pressing (1969)<\/a><\/li>\n<li><a href=\"5\/\">Australian Reissue (1979)<\/a><\/li>\n<li><a href=\"6\/\">German 2nd Cut (1985)<\/a><\/li>\n<li><a href=\"7\/\">The Verdict)<\/a><\/li>\n<\/ul>\n<p>Die deutschen Cuts sind angegeben anhand der <a href=\"https:\/\/beatles-shootouts.de\/beatles-german-cuts-list\/\">German Matrix Database<\/a>.<\/p>\n<p><!--nextpage--><\/p>\n<h2><b><a href=\"https:\/\/i0.wp.com\/beatles-shootouts.de\/wp-content\/uploads\/2024\/07\/01_DK.jpg?ssl=1\"><img data-recalc-dims=\"1\" loading=\"lazy\" decoding=\"async\" data-attachment-id=\"1012\" data-permalink=\"https:\/\/beatles-shootouts.de\/de\/shootouts\/legacy-shootouts\/abbey-road-legacy\/01_dk\/\" data-orig-file=\"https:\/\/i0.wp.com\/beatles-shootouts.de\/wp-content\/uploads\/2024\/07\/01_DK.jpg?fit=1200%2C1189&amp;ssl=1\" data-orig-size=\"1200,1189\" data-comments-opened=\"1\" data-image-meta=\"{&quot;aperture&quot;:&quot;0&quot;,&quot;credit&quot;:&quot;&quot;,&quot;camera&quot;:&quot;&quot;,&quot;caption&quot;:&quot;&quot;,&quot;created_timestamp&quot;:&quot;0&quot;,&quot;copyright&quot;:&quot;&quot;,&quot;focal_length&quot;:&quot;0&quot;,&quot;iso&quot;:&quot;0&quot;,&quot;shutter_speed&quot;:&quot;0&quot;,&quot;title&quot;:&quot;&quot;,&quot;orientation&quot;:&quot;0&quot;}\" data-image-title=\"01_DK\" data-image-description=\"\" data-image-caption=\"\" data-medium-file=\"https:\/\/i0.wp.com\/beatles-shootouts.de\/wp-content\/uploads\/2024\/07\/01_DK.jpg?fit=300%2C297&amp;ssl=1\" data-large-file=\"https:\/\/i0.wp.com\/beatles-shootouts.de\/wp-content\/uploads\/2024\/07\/01_DK.jpg?fit=1024%2C1015&amp;ssl=1\" class=\"alignright size-medium wp-image-1012\" src=\"https:\/\/i0.wp.com\/beatles-shootouts.de\/wp-content\/uploads\/2024\/07\/01_DK.jpg?resize=300%2C297&#038;ssl=1\" alt=\"\" width=\"300\" height=\"297\" srcset=\"https:\/\/i0.wp.com\/beatles-shootouts.de\/wp-content\/uploads\/2024\/07\/01_DK.jpg?resize=300%2C297&amp;ssl=1 300w, https:\/\/i0.wp.com\/beatles-shootouts.de\/wp-content\/uploads\/2024\/07\/01_DK.jpg?resize=1024%2C1015&amp;ssl=1 1024w, https:\/\/i0.wp.com\/beatles-shootouts.de\/wp-content\/uploads\/2024\/07\/01_DK.jpg?resize=150%2C150&amp;ssl=1 150w, https:\/\/i0.wp.com\/beatles-shootouts.de\/wp-content\/uploads\/2024\/07\/01_DK.jpg?resize=768%2C761&amp;ssl=1 768w, https:\/\/i0.wp.com\/beatles-shootouts.de\/wp-content\/uploads\/2024\/07\/01_DK.jpg?resize=80%2C80&amp;ssl=1 80w, https:\/\/i0.wp.com\/beatles-shootouts.de\/wp-content\/uploads\/2024\/07\/01_DK.jpg?w=1200&amp;ssl=1 1200w\" sizes=\"auto, (max-width: 300px) 100vw, 300px\" \/><\/a><\/b>Danish First Pressing (1969)<\/h2>\n<p><strong>PCS 7088<\/strong><\/p>\n<p><a href=\"https:\/\/www.discogs.com\/The-Beatles-Abbey-Road\/release\/2716956\" target=\"_blank\" rel=\"noopener\">Discogs<\/a><\/p>\n<p>Matrix:<br \/>\nSide A: YEX 749-2<br \/>\nSide B: YEX 750-1<br \/>\nUnbanded \/ ohne Kennrillen<\/p>\n<p>Frage: warum der D\u00e4ne? Die Antwort: 1) er wurde von den gleichen Matrizen wie die britische Erstpressung gepresst, und 2) er war erheblich g\u00fcnstiger im anh\u00f6rbaren Zustand erwerbbar, als ein echter Brite.<\/p>\n<p>Diese Variante gilt zurecht als die Referenzpressung schlechthin. Sie ist sehr balanciert, hat einerseits reichlich Bass und \u201ePunch\u201c, andererseits sind die H\u00f6hen auch anst\u00e4ndig aufgel\u00f6st. Die Mitten sind kraftvoll und das ganze Klangbild stimmt einfach. Und zwar \u00fcber das ganze Album hinweg, was wichtig ist, denn er ist vom Klang und Dynamik sehr vielf\u00e4ltig. Ein durchweg konsistentes H\u00f6rvergn\u00fcgen.<br \/>\n<!--nextpage--><\/p>\n<h2><b><a href=\"https:\/\/i0.wp.com\/beatles-shootouts.de\/wp-content\/uploads\/2024\/07\/02_DE.jpg?ssl=1\"><img data-recalc-dims=\"1\" loading=\"lazy\" decoding=\"async\" data-attachment-id=\"1013\" data-permalink=\"https:\/\/beatles-shootouts.de\/de\/shootouts\/legacy-shootouts\/abbey-road-legacy\/02_de\/\" data-orig-file=\"https:\/\/i0.wp.com\/beatles-shootouts.de\/wp-content\/uploads\/2024\/07\/02_DE.jpg?fit=1200%2C1185&amp;ssl=1\" data-orig-size=\"1200,1185\" data-comments-opened=\"1\" data-image-meta=\"{&quot;aperture&quot;:&quot;0&quot;,&quot;credit&quot;:&quot;&quot;,&quot;camera&quot;:&quot;&quot;,&quot;caption&quot;:&quot;&quot;,&quot;created_timestamp&quot;:&quot;0&quot;,&quot;copyright&quot;:&quot;&quot;,&quot;focal_length&quot;:&quot;0&quot;,&quot;iso&quot;:&quot;0&quot;,&quot;shutter_speed&quot;:&quot;0&quot;,&quot;title&quot;:&quot;&quot;,&quot;orientation&quot;:&quot;0&quot;}\" data-image-title=\"02_DE\" data-image-description=\"\" data-image-caption=\"\" data-medium-file=\"https:\/\/i0.wp.com\/beatles-shootouts.de\/wp-content\/uploads\/2024\/07\/02_DE.jpg?fit=300%2C296&amp;ssl=1\" data-large-file=\"https:\/\/i0.wp.com\/beatles-shootouts.de\/wp-content\/uploads\/2024\/07\/02_DE.jpg?fit=1024%2C1011&amp;ssl=1\" class=\"alignright size-medium wp-image-1013\" src=\"https:\/\/i0.wp.com\/beatles-shootouts.de\/wp-content\/uploads\/2024\/07\/02_DE.jpg?resize=300%2C296&#038;ssl=1\" alt=\"\" width=\"300\" height=\"296\" srcset=\"https:\/\/i0.wp.com\/beatles-shootouts.de\/wp-content\/uploads\/2024\/07\/02_DE.jpg?resize=300%2C296&amp;ssl=1 300w, https:\/\/i0.wp.com\/beatles-shootouts.de\/wp-content\/uploads\/2024\/07\/02_DE.jpg?resize=1024%2C1011&amp;ssl=1 1024w, https:\/\/i0.wp.com\/beatles-shootouts.de\/wp-content\/uploads\/2024\/07\/02_DE.jpg?resize=768%2C758&amp;ssl=1 768w, https:\/\/i0.wp.com\/beatles-shootouts.de\/wp-content\/uploads\/2024\/07\/02_DE.jpg?resize=80%2C80&amp;ssl=1 80w, https:\/\/i0.wp.com\/beatles-shootouts.de\/wp-content\/uploads\/2024\/07\/02_DE.jpg?w=1200&amp;ssl=1 1200w\" sizes=\"auto, (max-width: 300px) 100vw, 300px\" \/><\/a><\/b>German 1st Cut (1969)<\/h2>\n<p><strong>1C 062-04 243<\/strong><\/p>\n<p><a href=\"https:\/\/www.discogs.com\/release\/4771659-The-Beatles-Abbey-Road\" target=\"_blank\" rel=\"noopener\">Discogs<\/a>\u00a0| <a href=\"https:\/\/beatles-shootouts.de\/beatles-german-cuts-list\/1967-1970\/abbey-road\/#1\" target=\"_blank\" rel=\"noopener\">German Matrix Database<\/a><\/p>\n<p>Matrix:<br \/>\nSide A: 1C062-04243-A-1<br \/>\nSide B: 1C062-04243-B-1<br \/>\nUnbanded<\/p>\n<p>Die erste deutsche Pressung von 1969 (sowie dessen Represses in den folgenden Jahren) ist eine gute Platte. Ohne Direktvergleich w\u00e4re sie absolut top, mit kr\u00e4ftigen, detaillierten Mitten und fein aufgel\u00f6sten H\u00f6hen, die durchaus die Brillanz des Australiers und des Japaners erreichen. Zudem beh\u00e4lt sie als einzige das Unbanded-Konzept der -2\/-1.<\/p>\n<p>Aber im Direktvergleich f\u00e4llt das gr\u00f6\u00dfte Manko dieser Version auf. Es fehlt schlichtweg am Bass. Das Trommelintro zu \u201cSomething\u201d f\u00e4llt etwas flach, da auf Ringos Trommelintro anstelle von Pauls Bass nur ein laues L\u00fcftchen weht. Und diese Bassschw\u00e4che zieht sich durchs ganze Album durch, was schade ist.<\/p>\n<p><!--nextpage--><\/p>\n<h2><b><a href=\"https:\/\/i0.wp.com\/beatles-shootouts.de\/wp-content\/uploads\/2024\/07\/03_JP.jpg?ssl=1\"><img data-recalc-dims=\"1\" loading=\"lazy\" decoding=\"async\" data-attachment-id=\"1014\" data-permalink=\"https:\/\/beatles-shootouts.de\/de\/shootouts\/legacy-shootouts\/abbey-road-legacy\/03_jp\/\" data-orig-file=\"https:\/\/i0.wp.com\/beatles-shootouts.de\/wp-content\/uploads\/2024\/07\/03_JP.jpg?fit=1200%2C1184&amp;ssl=1\" data-orig-size=\"1200,1184\" data-comments-opened=\"1\" data-image-meta=\"{&quot;aperture&quot;:&quot;0&quot;,&quot;credit&quot;:&quot;&quot;,&quot;camera&quot;:&quot;&quot;,&quot;caption&quot;:&quot;&quot;,&quot;created_timestamp&quot;:&quot;0&quot;,&quot;copyright&quot;:&quot;&quot;,&quot;focal_length&quot;:&quot;0&quot;,&quot;iso&quot;:&quot;0&quot;,&quot;shutter_speed&quot;:&quot;0&quot;,&quot;title&quot;:&quot;&quot;,&quot;orientation&quot;:&quot;0&quot;}\" data-image-title=\"03_JP\" data-image-description=\"\" data-image-caption=\"\" data-medium-file=\"https:\/\/i0.wp.com\/beatles-shootouts.de\/wp-content\/uploads\/2024\/07\/03_JP.jpg?fit=300%2C296&amp;ssl=1\" data-large-file=\"https:\/\/i0.wp.com\/beatles-shootouts.de\/wp-content\/uploads\/2024\/07\/03_JP.jpg?fit=1024%2C1010&amp;ssl=1\" class=\"alignright size-medium wp-image-1014\" src=\"https:\/\/i0.wp.com\/beatles-shootouts.de\/wp-content\/uploads\/2024\/07\/03_JP.jpg?resize=300%2C296&#038;ssl=1\" alt=\"\" width=\"300\" height=\"296\" srcset=\"https:\/\/i0.wp.com\/beatles-shootouts.de\/wp-content\/uploads\/2024\/07\/03_JP.jpg?resize=300%2C296&amp;ssl=1 300w, https:\/\/i0.wp.com\/beatles-shootouts.de\/wp-content\/uploads\/2024\/07\/03_JP.jpg?resize=1024%2C1010&amp;ssl=1 1024w, https:\/\/i0.wp.com\/beatles-shootouts.de\/wp-content\/uploads\/2024\/07\/03_JP.jpg?resize=768%2C758&amp;ssl=1 768w, https:\/\/i0.wp.com\/beatles-shootouts.de\/wp-content\/uploads\/2024\/07\/03_JP.jpg?resize=80%2C80&amp;ssl=1 80w, https:\/\/i0.wp.com\/beatles-shootouts.de\/wp-content\/uploads\/2024\/07\/03_JP.jpg?w=1200&amp;ssl=1 1200w\" sizes=\"auto, (max-width: 300px) 100vw, 300px\" \/><\/a><\/b>Japanese Pressing (1969)<\/h2>\n<p><strong>AP-8815<\/strong><\/p>\n<p><a href=\"https:\/\/www.discogs.com\/The-Beatles-Abbey-Road\/release\/2954558\" target=\"_blank\" rel=\"noopener\">Discogs<\/a><\/p>\n<p>Matrix:<br \/>\nSide A: YEX-749 1S3<br \/>\nSide B: YEX-750 1S2<br \/>\nBanded<\/p>\n<p>Japanische Pressungen werden oft als h\u00f6henlastig und bassarm abgetan. Gl\u00fccklicherweise ist das hier nicht der Fall. Der Bass des Japaners geht sogar ein bi\u00dfchen tiefer, als bei der -2\/-1 Pressung, w\u00e4hrend die H\u00f6hen etwas h\u00f6her gehen. In der Hinsicht ist er dem 10 Jahre sp\u00e4teren Australier nicht un\u00e4hnlich, obwohl auf Seite 1 der Australier tats\u00e4chlich die Nase vorn hat, was die Mitten angeht \u2013 die sind erheblich pr\u00e4gnanter, beim Japaner gehen sie unter \u2013 vgl. die wiederholten \u201ecome together \u2013 yeah\u201c im Outro von \u201eCome Together\u201c.<\/p>\n<p>Doch auf Seite 2 wendet sich das Blatt, bei \u201cHere Comes The Sun\u201c zeigt der Japaner, was in ihm steckt: detaillierter, kr\u00e4ftiger Bass, filigrane H\u00f6hen und die pr\u00e4sente Stimme, w\u00e4hrend die darunterliegenden Instrumente wie Akoustikgitarre und Streicher sehr gut zu erkennen sind. Und das hochwertige leise japanische Vinyl tut sein \u00dcbriges.<\/p>\n<p><!--nextpage--><\/p>\n<h2><b><a href=\"https:\/\/i0.wp.com\/beatles-shootouts.de\/wp-content\/uploads\/2024\/07\/04_AU.jpg?ssl=1\"><img data-recalc-dims=\"1\" loading=\"lazy\" decoding=\"async\" data-attachment-id=\"1015\" data-permalink=\"https:\/\/beatles-shootouts.de\/de\/shootouts\/legacy-shootouts\/abbey-road-legacy\/04_au\/\" data-orig-file=\"https:\/\/i0.wp.com\/beatles-shootouts.de\/wp-content\/uploads\/2024\/07\/04_AU.jpg?fit=1200%2C1197&amp;ssl=1\" data-orig-size=\"1200,1197\" data-comments-opened=\"1\" data-image-meta=\"{&quot;aperture&quot;:&quot;0&quot;,&quot;credit&quot;:&quot;&quot;,&quot;camera&quot;:&quot;&quot;,&quot;caption&quot;:&quot;&quot;,&quot;created_timestamp&quot;:&quot;0&quot;,&quot;copyright&quot;:&quot;&quot;,&quot;focal_length&quot;:&quot;0&quot;,&quot;iso&quot;:&quot;0&quot;,&quot;shutter_speed&quot;:&quot;0&quot;,&quot;title&quot;:&quot;&quot;,&quot;orientation&quot;:&quot;0&quot;}\" data-image-title=\"04_AU\" data-image-description=\"\" data-image-caption=\"\" data-medium-file=\"https:\/\/i0.wp.com\/beatles-shootouts.de\/wp-content\/uploads\/2024\/07\/04_AU.jpg?fit=300%2C300&amp;ssl=1\" data-large-file=\"https:\/\/i0.wp.com\/beatles-shootouts.de\/wp-content\/uploads\/2024\/07\/04_AU.jpg?fit=1024%2C1021&amp;ssl=1\" class=\"alignright size-medium wp-image-1015\" src=\"https:\/\/i0.wp.com\/beatles-shootouts.de\/wp-content\/uploads\/2024\/07\/04_AU.jpg?resize=300%2C300&#038;ssl=1\" alt=\"\" width=\"300\" height=\"300\" srcset=\"https:\/\/i0.wp.com\/beatles-shootouts.de\/wp-content\/uploads\/2024\/07\/04_AU.jpg?resize=300%2C300&amp;ssl=1 300w, https:\/\/i0.wp.com\/beatles-shootouts.de\/wp-content\/uploads\/2024\/07\/04_AU.jpg?resize=1024%2C1021&amp;ssl=1 1024w, https:\/\/i0.wp.com\/beatles-shootouts.de\/wp-content\/uploads\/2024\/07\/04_AU.jpg?resize=150%2C150&amp;ssl=1 150w, https:\/\/i0.wp.com\/beatles-shootouts.de\/wp-content\/uploads\/2024\/07\/04_AU.jpg?resize=768%2C766&amp;ssl=1 768w, https:\/\/i0.wp.com\/beatles-shootouts.de\/wp-content\/uploads\/2024\/07\/04_AU.jpg?resize=80%2C80&amp;ssl=1 80w, https:\/\/i0.wp.com\/beatles-shootouts.de\/wp-content\/uploads\/2024\/07\/04_AU.jpg?resize=320%2C320&amp;ssl=1 320w, https:\/\/i0.wp.com\/beatles-shootouts.de\/wp-content\/uploads\/2024\/07\/04_AU.jpg?w=1200&amp;ssl=1 1200w\" sizes=\"auto, (max-width: 300px) 100vw, 300px\" \/><\/a><\/b>1979 Australian Reissue<\/h2>\n<p><strong>PCSO-7088<\/strong><\/p>\n<p><a href=\"https:\/\/www.discogs.com\/The-Beatles-Abbey-Road\/release\/4211213\" target=\"_blank\" rel=\"noopener\">Discogs<\/a><\/p>\n<p>Matrix:<br \/>\nSide A: YEX 749-3<br \/>\nSide B: YEX 749-2<br \/>\nBanded<\/p>\n<p>Diese Zweitpressung habe ich irrt\u00fcmlich bekommen, als ich nach einer g\u00fcnstigen -2\/-1 Version suchte. Der Verk\u00e4ufer bei Discogs hatte sie aber (typisch!) falsch gelistet, daher war es gar nicht so g\u00fcnstig, es war die australische Zweitauflage. Jedoch fand ich sie schon damals sehr ansprechend, daher war ich auf den Direktvergleich gespannt.<\/p>\n<p>Das war erstaunlich. Im Direktvergleich klingt der Australier tats\u00e4chlich sehr sch\u00f6n! Die B\u00e4sse haben einen Ticken mehr Tiefe, die H\u00f6hen sind ein St\u00fcckchen brillanter, wobei das Klangbild trotzdem integer bleibt. Auf Seite 1 ist die Mitte auch sehr gut.<\/p>\n<p>Aber das h\u00e4lt die Platte nicht ganz so gut durch. Beim ultimativen Test, dem dynamisch sehr anspruchsvollen \u201cHere Comes the Sun\u201d, f\u00e4llt der Aussie etwas ab. Obwohl die B\u00e4sse immer noch kr\u00e4ftiger sind, als bei -2\/-1, verlieren sich die Mitten im Mix, der Gesang klingt kraftloser. Daher hat die -2\/-1 die Nase vorn, was den allgemeinen Eindruck angeht.<br \/>\n<!--nextpage--><\/p>\n<h2><b><a href=\"https:\/\/i0.wp.com\/beatles-shootouts.de\/wp-content\/uploads\/2024\/07\/05_DE.jpg?ssl=1\"><img data-recalc-dims=\"1\" loading=\"lazy\" decoding=\"async\" data-attachment-id=\"1016\" data-permalink=\"https:\/\/beatles-shootouts.de\/de\/shootouts\/legacy-shootouts\/abbey-road-legacy\/05_de\/\" data-orig-file=\"https:\/\/i0.wp.com\/beatles-shootouts.de\/wp-content\/uploads\/2024\/07\/05_DE.jpg?fit=1200%2C1184&amp;ssl=1\" data-orig-size=\"1200,1184\" data-comments-opened=\"1\" data-image-meta=\"{&quot;aperture&quot;:&quot;0&quot;,&quot;credit&quot;:&quot;&quot;,&quot;camera&quot;:&quot;&quot;,&quot;caption&quot;:&quot;&quot;,&quot;created_timestamp&quot;:&quot;0&quot;,&quot;copyright&quot;:&quot;&quot;,&quot;focal_length&quot;:&quot;0&quot;,&quot;iso&quot;:&quot;0&quot;,&quot;shutter_speed&quot;:&quot;0&quot;,&quot;title&quot;:&quot;&quot;,&quot;orientation&quot;:&quot;0&quot;}\" data-image-title=\"05_DE\" data-image-description=\"\" data-image-caption=\"\" data-medium-file=\"https:\/\/i0.wp.com\/beatles-shootouts.de\/wp-content\/uploads\/2024\/07\/05_DE.jpg?fit=300%2C296&amp;ssl=1\" data-large-file=\"https:\/\/i0.wp.com\/beatles-shootouts.de\/wp-content\/uploads\/2024\/07\/05_DE.jpg?fit=1024%2C1010&amp;ssl=1\" class=\"alignright size-medium wp-image-1016\" src=\"https:\/\/i0.wp.com\/beatles-shootouts.de\/wp-content\/uploads\/2024\/07\/05_DE.jpg?resize=300%2C296&#038;ssl=1\" alt=\"\" width=\"300\" height=\"296\" srcset=\"https:\/\/i0.wp.com\/beatles-shootouts.de\/wp-content\/uploads\/2024\/07\/05_DE.jpg?resize=300%2C296&amp;ssl=1 300w, https:\/\/i0.wp.com\/beatles-shootouts.de\/wp-content\/uploads\/2024\/07\/05_DE.jpg?resize=1024%2C1010&amp;ssl=1 1024w, https:\/\/i0.wp.com\/beatles-shootouts.de\/wp-content\/uploads\/2024\/07\/05_DE.jpg?resize=768%2C758&amp;ssl=1 768w, https:\/\/i0.wp.com\/beatles-shootouts.de\/wp-content\/uploads\/2024\/07\/05_DE.jpg?resize=80%2C80&amp;ssl=1 80w, https:\/\/i0.wp.com\/beatles-shootouts.de\/wp-content\/uploads\/2024\/07\/05_DE.jpg?w=1200&amp;ssl=1 1200w\" sizes=\"auto, (max-width: 300px) 100vw, 300px\" \/><\/a><\/b>German 2nd Cut (1985)<\/h2>\n<p><strong>1C 072-04-243<\/strong><\/p>\n<p><a href=\"https:\/\/www.discogs.com\/The-Beatles-Abbey-Road\/release\/3388181\" target=\"_blank\" rel=\"noopener\">Discogs<\/a> | <a href=\"https:\/\/beatles-shootouts.de\/beatles-german-cuts-list\/1967-1970\/abbey-road\/#2\">German Matrix Database<\/a><\/p>\n<p>Matrix:<br \/>\nSide A: 1042431 &#8211; A1<br \/>\nSide B: 1042431 &#8211; B1<br \/>\nBanded<\/p>\n<p>Diese Version gab es auch in der 1985 BC13 Box (es gibt zudem noch eine -B2, die ich aber nicht habe), und sie ist einer der sp\u00e4teren Schnitte von John Cremer bei EMI Electrola.<\/p>\n<p>Jedenfalls ist diese Version ziemlich interessant. Die Balance wurde etwas ver\u00e4ndert. Bei \u201cCome Together\u201d kommt Johns Stimme leicht von links, im Gegensatz zu all den anderen Versionen, wo sie leicht von rechts kommt (die Platzierung der anderen Instrumente ist indes unver\u00e4ndert).<\/p>\n<p>Was aber bei dieser Version auff\u00e4llt, ist der \u00fcberbordende Tiefbass. Nicht blo\u00df die Gitarre, sondern auch die Bass Drums. So richtig tief und dr\u00f6hnend, was zuweilen st\u00f6rend wirkt.<br \/>\nAuf der anderen Seite sind die H\u00f6hen nicht wirklich gut, sie klingen belegt und undefiniert. Die Mitten sind zwar prononciert, solange kein Bass im Spiel ist (der Anfang von \u201eHere Comes The Sun\u201c), doch sobald er einsetzt, ist Schicht im Schacht. Dann dr\u00f6hnt alles durchgehend.<\/p>\n<p><!--nextpage--><\/p>\n<h2>Das Urteil<\/h2>\n<ul>\n<li><strong>Platz 0:<\/strong> Die -2\/-1 Version (D\u00e4nemark). Gelegentlich k\u00f6nnte sie filigraner sein, bietet aber letztendlich die \u201crundeste\u201d Erfahrung, den gr\u00f6\u00dften gemeinsamen Nenner was die verschiedenen dynamischen Eigenschaften einzelner Songs, die Kr\u00e4ftigkeit in den B\u00e4ssen und die Klarheit in Mitten und H\u00f6hen angeht. Nachteil: bei leisen Songs ist NM-Zustand Pflicht, in dem man diese Pressung nicht wirklich g\u00fcnstig vorfindet. Etwas g\u00fcnstiger sind Alternativen aus einigen L\u00e4ndern, wo die gleiche Matrix wie in UK verwendet wurde.<\/li>\n<li><strong>Platz 1:<\/strong> Unentschieden zwischen der japanischen AP-8815 (1969) und der 2. Australischen Pressung PCSO-7088 (1979). Beide sind etwas kr\u00e4ftiger im Bass und detaillierter in den H\u00f6hen. Der Australier scheint etwas besser bei Seite 1 abzuschneiden, wohingegen der Japaner bei Seite 2 auftrumpft. Aber das ist Meckern auf hohem Niveau, der Japaner ist trotzdem eine sehr gute Pressung, die man auch noch leicht in NM f\u00fcr einen vern\u00fcnftigen Preis finden kann.<\/li>\n<li><strong>Platz 2:<\/strong> Deutsche Erstpressung 1C 062-04 243 (1969). Tolle Mitten und H\u00f6hen, aber es mangelt einfach am Bass.<\/li>\n<li><strong>Platz 3:<\/strong> Deutsche Reissue 1C 062-04 243 von 1981. Der Bass \u00fcberdr\u00f6hnt alles, es ist einfach nicht sch\u00f6n.<\/li>\n<\/ul>","protected":false},"excerpt":{"rendered":"<p>&#46;&#46;&#46;<\/p>\n","protected":false},"author":1,"featured_media":0,"parent":934,"menu_order":5,"comment_status":"closed","ping_status":"closed","template":"","meta":{"footnotes":""},"class_list":["post-1011","page","type-page","status-publish","hentry"],"jetpack_sharing_enabled":true,"_links":{"self":[{"href":"https:\/\/beatles-shootouts.de\/de\/wp-json\/wp\/v2\/pages\/1011","targetHints":{"allow":["GET"]}}],"collection":[{"href":"https:\/\/beatles-shootouts.de\/de\/wp-json\/wp\/v2\/pages"}],"about":[{"href":"https:\/\/beatles-shootouts.de\/de\/wp-json\/wp\/v2\/types\/page"}],"author":[{"embeddable":true,"href":"https:\/\/beatles-shootouts.de\/de\/wp-json\/wp\/v2\/users\/1"}],"replies":[{"embeddable":true,"href":"https:\/\/beatles-shootouts.de\/de\/wp-json\/wp\/v2\/comments?post=1011"}],"version-history":[{"count":4,"href":"https:\/\/beatles-shootouts.de\/de\/wp-json\/wp\/v2\/pages\/1011\/revisions"}],"predecessor-version":[{"id":1020,"href":"https:\/\/beatles-shootouts.de\/de\/wp-json\/wp\/v2\/pages\/1011\/revisions\/1020"}],"up":[{"embeddable":true,"href":"https:\/\/beatles-shootouts.de\/de\/wp-json\/wp\/v2\/pages\/934"}],"wp:attachment":[{"href":"https:\/\/beatles-shootouts.de\/de\/wp-json\/wp\/v2\/media?parent=1011"}],"curies":[{"name":"wp","href":"https:\/\/api.w.org\/{rel}","templated":true}]}}