{"id":1021,"date":"2024-07-08T06:20:07","date_gmt":"2024-07-08T06:20:07","guid":{"rendered":"https:\/\/beatles-shootouts.de\/?page_id=1021"},"modified":"2024-07-08T06:21:20","modified_gmt":"2024-07-08T06:21:20","slug":"let-it-be-legacy","status":"publish","type":"page","link":"https:\/\/beatles-shootouts.de\/de\/shootouts\/legacy-shootouts\/let-it-be-legacy\/","title":{"rendered":"Let It Be (Legacy)"},"content":{"rendered":"<a href=\"https:\/\/i0.wp.com\/beatles-shootouts.de\/wp-content\/uploads\/2024\/07\/covers-1.jpg?ssl=1\"><img data-recalc-dims=\"1\" loading=\"lazy\" decoding=\"async\" data-attachment-id=\"1025\" data-permalink=\"https:\/\/beatles-shootouts.de\/de\/shootouts\/legacy-shootouts\/let-it-be-legacy\/covers-2\/\" data-orig-file=\"https:\/\/i0.wp.com\/beatles-shootouts.de\/wp-content\/uploads\/2024\/07\/covers-1.jpg?fit=1600%2C789&amp;ssl=1\" data-orig-size=\"1600,789\" data-comments-opened=\"1\" data-image-meta=\"{&quot;aperture&quot;:&quot;0&quot;,&quot;credit&quot;:&quot;&quot;,&quot;camera&quot;:&quot;&quot;,&quot;caption&quot;:&quot;&quot;,&quot;created_timestamp&quot;:&quot;0&quot;,&quot;copyright&quot;:&quot;&quot;,&quot;focal_length&quot;:&quot;0&quot;,&quot;iso&quot;:&quot;0&quot;,&quot;shutter_speed&quot;:&quot;0&quot;,&quot;title&quot;:&quot;&quot;,&quot;orientation&quot;:&quot;0&quot;}\" data-image-title=\"covers\" data-image-description=\"\" data-image-caption=\"\" data-medium-file=\"https:\/\/i0.wp.com\/beatles-shootouts.de\/wp-content\/uploads\/2024\/07\/covers-1.jpg?fit=300%2C148&amp;ssl=1\" data-large-file=\"https:\/\/i0.wp.com\/beatles-shootouts.de\/wp-content\/uploads\/2024\/07\/covers-1.jpg?fit=1024%2C505&amp;ssl=1\" class=\"aligncenter size-large wp-image-1025\" src=\"https:\/\/i0.wp.com\/beatles-shootouts.de\/wp-content\/uploads\/2024\/07\/covers-1.jpg?resize=1024%2C505&#038;ssl=1\" alt=\"\" width=\"1024\" height=\"505\" srcset=\"https:\/\/i0.wp.com\/beatles-shootouts.de\/wp-content\/uploads\/2024\/07\/covers-1.jpg?resize=1024%2C505&amp;ssl=1 1024w, https:\/\/i0.wp.com\/beatles-shootouts.de\/wp-content\/uploads\/2024\/07\/covers-1.jpg?resize=300%2C148&amp;ssl=1 300w, https:\/\/i0.wp.com\/beatles-shootouts.de\/wp-content\/uploads\/2024\/07\/covers-1.jpg?resize=768%2C379&amp;ssl=1 768w, https:\/\/i0.wp.com\/beatles-shootouts.de\/wp-content\/uploads\/2024\/07\/covers-1.jpg?resize=1536%2C757&amp;ssl=1 1536w, https:\/\/i0.wp.com\/beatles-shootouts.de\/wp-content\/uploads\/2024\/07\/covers-1.jpg?w=1600&amp;ssl=1 1600w\" sizes=\"auto, (max-width: 1000px) 100vw, 1000px\" \/><\/a><\/p>\n<p>Erstver\u00f6ffentlichung: 12. Okt. 2021<\/p>\n<p><strong>Die Kandidaten:<\/strong><\/p>\n<ul>\n<li><a href=\"2\/\">UK 4th pressing (1976)<\/a><\/li>\n<li><a href=\"2\/\">German 1st Cut (1970)<\/a><\/li>\n<li><a href=\"2\/\">Japanese EAS Pressing (1976)<\/a><\/li>\n<li><a href=\"2\/\">Das Urteil<\/a><\/li>\n<\/ul>\n<p>Die UK-Pressungen werden anhand der Klassifikation von\u00a0<a href=\"http:\/\/thebeatles-collection.com\/wordpress\/\" target=\"_blank\" rel=\"noopener\">TheBeatles-Collection<\/a>\u00a0angegeben, die deutschen Cuts anhand der\u00a0<a href=\"https:\/\/beatles-shootouts.de\/beatles-german-cuts-list\/\">German Matrix Database<\/a>.<\/p>\n<p><!--nextpage--><\/p>\n<h2><strong><a href=\"https:\/\/i0.wp.com\/beatles-shootouts.de\/wp-content\/uploads\/2024\/07\/01UK.jpg?ssl=1\"><img data-recalc-dims=\"1\" loading=\"lazy\" decoding=\"async\" data-attachment-id=\"1022\" data-permalink=\"https:\/\/beatles-shootouts.de\/de\/shootouts\/legacy-shootouts\/let-it-be-legacy\/01uk\/\" data-orig-file=\"https:\/\/i0.wp.com\/beatles-shootouts.de\/wp-content\/uploads\/2024\/07\/01UK.jpg?fit=1884%2C1884&amp;ssl=1\" data-orig-size=\"1884,1884\" data-comments-opened=\"1\" data-image-meta=\"{&quot;aperture&quot;:&quot;0&quot;,&quot;credit&quot;:&quot;&quot;,&quot;camera&quot;:&quot;&quot;,&quot;caption&quot;:&quot;&quot;,&quot;created_timestamp&quot;:&quot;0&quot;,&quot;copyright&quot;:&quot;&quot;,&quot;focal_length&quot;:&quot;0&quot;,&quot;iso&quot;:&quot;0&quot;,&quot;shutter_speed&quot;:&quot;0&quot;,&quot;title&quot;:&quot;&quot;,&quot;orientation&quot;:&quot;0&quot;}\" data-image-title=\"01UK\" data-image-description=\"\" data-image-caption=\"\" data-medium-file=\"https:\/\/i0.wp.com\/beatles-shootouts.de\/wp-content\/uploads\/2024\/07\/01UK.jpg?fit=300%2C300&amp;ssl=1\" data-large-file=\"https:\/\/i0.wp.com\/beatles-shootouts.de\/wp-content\/uploads\/2024\/07\/01UK.jpg?fit=1024%2C1024&amp;ssl=1\" class=\"alignright size-medium wp-image-1022\" src=\"https:\/\/i0.wp.com\/beatles-shootouts.de\/wp-content\/uploads\/2024\/07\/01UK.jpg?resize=300%2C300&#038;ssl=1\" alt=\"\" width=\"300\" height=\"300\" srcset=\"https:\/\/i0.wp.com\/beatles-shootouts.de\/wp-content\/uploads\/2024\/07\/01UK.jpg?resize=300%2C300&amp;ssl=1 300w, https:\/\/i0.wp.com\/beatles-shootouts.de\/wp-content\/uploads\/2024\/07\/01UK.jpg?resize=1024%2C1024&amp;ssl=1 1024w, https:\/\/i0.wp.com\/beatles-shootouts.de\/wp-content\/uploads\/2024\/07\/01UK.jpg?resize=150%2C150&amp;ssl=1 150w, https:\/\/i0.wp.com\/beatles-shootouts.de\/wp-content\/uploads\/2024\/07\/01UK.jpg?resize=768%2C768&amp;ssl=1 768w, https:\/\/i0.wp.com\/beatles-shootouts.de\/wp-content\/uploads\/2024\/07\/01UK.jpg?resize=1536%2C1536&amp;ssl=1 1536w, https:\/\/i0.wp.com\/beatles-shootouts.de\/wp-content\/uploads\/2024\/07\/01UK.jpg?resize=80%2C80&amp;ssl=1 80w, https:\/\/i0.wp.com\/beatles-shootouts.de\/wp-content\/uploads\/2024\/07\/01UK.jpg?resize=320%2C320&amp;ssl=1 320w, https:\/\/i0.wp.com\/beatles-shootouts.de\/wp-content\/uploads\/2024\/07\/01UK.jpg?w=1884&amp;ssl=1 1884w\" sizes=\"auto, (max-width: 300px) 100vw, 300px\" \/><\/a>UK 4<sup>th<\/sup> pressing (1976)<\/strong><\/h2>\n<p><strong>PCS 7096<\/strong><\/p>\n<p><a href=\"https:\/\/www.discogs.com\/release\/5088837-The-Beatles-Let-It-Be\" target=\"_blank\" rel=\"noopener\">Discogs<\/a> | <a href=\"http:\/\/thebeatles-collection.com\/wordpress\/2011\/10\/04\/let-it-be-apple-pxs-1-pcs-7096-2\/\" target=\"_blank\" rel=\"noopener\">TheBeatlesCollection<\/a><\/p>\n<p>Matrix:<br \/>\nSide A: YEX 773-3U<br \/>\nSide B: YEX 774-4\u00a0 \u00a0HTM<\/p>\n<p>Diese vierte Pressung lag in meinem Exemplar der BC13 Box. Hergestellt wurde sie zwischen 1976 und 1980. Meine Kopie stammt aus dem Jahr 1978 und benutzt die 3U-Matrix f\u00fcr Seite A, die in 1970 geschnitten wurde. Seite B enth\u00e4lt eine neuere -4 Matrix mit HTM-K\u00fcrzel.<\/p>\n<p>Also, auf geht\u2019s zu Seite A. \u201eTwo of Us\u201c beginnt sehr fein, sch\u00f6ne Details bei den Akustikgitarren und angenehme Tiefe bei dem Bass-Drum. Der Gesang f\u00fcgt sich harmonisch in die Klangkulisse ein. \u201eDig a Pony\u201c: bei \u201eyou can celebrate\u201c ist etwas Sibilanz zu h\u00f6ren. Ansonsten ist der Bass etwas schwach, daf\u00fcr die Mitten gut (die Gitarren an den \u00e4u\u00dferen Stereo-R\u00e4ndern). \u201eAcross the Universe\u201c ist schwer zu beurteilen, weil es so gefiltert und komprimiert ist, vor allem im ersten Teil. Doch Phil Spectors Versch\u00f6nerung durchs Orchester klingt voll und angenehm. \u201eI Me Mine\u201c ist wohl der dynamischste Song auf Seite A, und obwohl der Bass mal wieder etwas schwachbr\u00fcstig ist, sind die Instrumente hervorragend detailliert. \u201eDig It\u201c ist okay. Nun, der Titeltrack, \u201eLet it Be\u201d, gl\u00e4nzt einfach. Der Fl\u00fcgel, der Bass, die Drums, alles ist da, wie es sich geh\u00f6rt. Die H\u00f6hen sind fein aufgel\u00f6st. Die Stimme f\u00fcgt sich harmonisch an, genau richtig: nicht vergraben, nicht losgel\u00f6st. \u201eMaggie Mae\u201c hat gute H\u00f6hen, doch mangelt es allgemein an Details, vermutlich, weil es so nah am Label geschnitten wurde.<\/p>\n<p>Nun zur Seite B. \u201eI\u2019ve Got a Feeling\u201c. Der Bass ist hier ganz gut, die H\u00f6hen sind sch\u00f6n ausgepr\u00e4gt. Gute Instrumententrennung, und die Stimmen sind genau richtig. \u201cOne After 909\u201d: sch\u00f6ner punchiger Bass, gute Instrumententrennung (Orgel und Gitarre auf den Stereo-Seiten!), und die Stimmen f\u00fcgen sich wieder harmonisch ins Klangbild. \u201eThe Long and Winding Road\u201c: sehr angenehm, detailliert. Es gibt sowohl Power im Bass, als auch Details bei den H\u00f6hen. Pauls Stimme hat eine gute Pr\u00e4senz. Das Orchester, obwohl ihn nicht alle m\u00f6gen, klingt sehr sch\u00f6n.\u00a0 \u201eFor You Blue\u201c ist ein akustischer Hochgenuss: gute B\u00e4sse, gute Stimmpr\u00e4senz, feine H\u00f6hen und gute Instrumententrennung. \u201eGet Back\u201c klingt (absichtlich) ged\u00e4mpft, doch die Rhythmus-Gitarre, der Bass und die Becken von Ringo offenbaren, dass mit dem Mix alles gut ist.<\/p>\n<p><strong>Fazit:<\/strong> diese UK-Fassung ist toll. Obwohl die Platte nicht unbedingt ein audiophiles Meisterwerk ist, profitiert das Album dennoch von gutter Instrumententrennung und vom ausgewogenen Klangbild. Seite A, die in 1970 geschnitten wurde, schw\u00e4chelt etwas beim Bass. Seite B, die sp\u00e4ter geschnitten wurde, ist weniger davon betroffen. Eine tolle Version.<\/p>\n<p><!--nextpage--><\/p>\n<h2><strong><a href=\"https:\/\/i0.wp.com\/beatles-shootouts.de\/wp-content\/uploads\/2024\/07\/02DE.jpg?ssl=1\"><img data-recalc-dims=\"1\" loading=\"lazy\" decoding=\"async\" data-attachment-id=\"1023\" data-permalink=\"https:\/\/beatles-shootouts.de\/de\/shootouts\/legacy-shootouts\/let-it-be-legacy\/02de\/\" data-orig-file=\"https:\/\/i0.wp.com\/beatles-shootouts.de\/wp-content\/uploads\/2024\/07\/02DE.jpg?fit=1884%2C1884&amp;ssl=1\" data-orig-size=\"1884,1884\" data-comments-opened=\"1\" data-image-meta=\"{&quot;aperture&quot;:&quot;0&quot;,&quot;credit&quot;:&quot;&quot;,&quot;camera&quot;:&quot;&quot;,&quot;caption&quot;:&quot;&quot;,&quot;created_timestamp&quot;:&quot;0&quot;,&quot;copyright&quot;:&quot;&quot;,&quot;focal_length&quot;:&quot;0&quot;,&quot;iso&quot;:&quot;0&quot;,&quot;shutter_speed&quot;:&quot;0&quot;,&quot;title&quot;:&quot;&quot;,&quot;orientation&quot;:&quot;0&quot;}\" data-image-title=\"02DE\" data-image-description=\"\" data-image-caption=\"\" data-medium-file=\"https:\/\/i0.wp.com\/beatles-shootouts.de\/wp-content\/uploads\/2024\/07\/02DE.jpg?fit=300%2C300&amp;ssl=1\" data-large-file=\"https:\/\/i0.wp.com\/beatles-shootouts.de\/wp-content\/uploads\/2024\/07\/02DE.jpg?fit=1024%2C1024&amp;ssl=1\" class=\"alignright size-medium wp-image-1023\" src=\"https:\/\/i0.wp.com\/beatles-shootouts.de\/wp-content\/uploads\/2024\/07\/02DE.jpg?resize=300%2C300&#038;ssl=1\" alt=\"\" width=\"300\" height=\"300\" srcset=\"https:\/\/i0.wp.com\/beatles-shootouts.de\/wp-content\/uploads\/2024\/07\/02DE.jpg?resize=300%2C300&amp;ssl=1 300w, https:\/\/i0.wp.com\/beatles-shootouts.de\/wp-content\/uploads\/2024\/07\/02DE.jpg?resize=1024%2C1024&amp;ssl=1 1024w, https:\/\/i0.wp.com\/beatles-shootouts.de\/wp-content\/uploads\/2024\/07\/02DE.jpg?resize=150%2C150&amp;ssl=1 150w, https:\/\/i0.wp.com\/beatles-shootouts.de\/wp-content\/uploads\/2024\/07\/02DE.jpg?resize=768%2C768&amp;ssl=1 768w, https:\/\/i0.wp.com\/beatles-shootouts.de\/wp-content\/uploads\/2024\/07\/02DE.jpg?resize=1536%2C1536&amp;ssl=1 1536w, https:\/\/i0.wp.com\/beatles-shootouts.de\/wp-content\/uploads\/2024\/07\/02DE.jpg?resize=80%2C80&amp;ssl=1 80w, https:\/\/i0.wp.com\/beatles-shootouts.de\/wp-content\/uploads\/2024\/07\/02DE.jpg?resize=320%2C320&amp;ssl=1 320w, https:\/\/i0.wp.com\/beatles-shootouts.de\/wp-content\/uploads\/2024\/07\/02DE.jpg?w=1884&amp;ssl=1 1884w\" sizes=\"auto, (max-width: 300px) 100vw, 300px\" \/><\/a>German 1<sup>st<\/sup> Cut (1970)<\/strong><\/h2>\n<p><strong>1C 062-04 433 Y<\/strong><\/p>\n<p><a href=\"https:\/\/www.discogs.com\/release\/1125105-The-Beatles-Let-It-Be\" target=\"_blank\" rel=\"noopener\">Discogs<\/a> | <a href=\"https:\/\/beatles-shootouts.de\/beatles-german-cuts-list\/1967-1970\/let-it-be\/#1\" target=\"_blank\" rel=\"noopener\">German Matrix Database<\/a><\/p>\n<p>Matrix:<br \/>\nSide A: 1C062-04433-Y-A-1<br \/>\nSide B: 1C062-04433-Y-B-1<\/p>\n<p>Diese Version ist weit verbreitet in Deutschland. Zuerst kam sie in einer Collector\u2019s Box mit Buch heraus (wie in UK), sp\u00e4ter gab\u2019s sie auch getrennt. Im Gegensatz zur UK war das Apple-Logo hinten immer rot. Dieser erste dt. Schnitt von \u201cLet It Be\u201d wurde in Deutschland in den 70ern immer wieder neu gepresst und wurde erst Mitte der 80er durch einen analogen DMM-Schnitt abgel\u00f6st. Meine Kopie dieses Cuts stammt aus dem Jahre 1973.<\/p>\n<p>Nun zum Klang. Seite A beginnt mit \u201eTwo of Us\u201c, und da merkt man schon den Unterschied zur UK. Der Bass wurde verst\u00e4rkt, doch die Mitten und H\u00f6hen h\u00f6ren sich reduziert an, wodurch die Brillianz der akustischen Gitarren und der Stimmen leidet. Es h\u00f6rt sich ged\u00e4mpft an, wie von unter einer Decke. Dasselbe gilt f\u00fcr \u201eDig a Pony\u201c: der Bass ist verst\u00e4rkt, doch die Stimmen irgendwie vergraben. \u201eAcross the Universe\u201c hat ebenfalls eine weniger pr\u00e4sente Stimme. Immerhin profitiert \u201eI Me Mine\u201c vom kr\u00e4ftigeren Bass, und die sind noch stark genug, damit sich das gut anh\u00f6rt. \u201eDig It\u201c ist okay. Nun zum Titeltrack: leider ist der erste Teil irgendwie ged\u00e4mpft, die Stimme weniger pr\u00e4sent, dem Fl\u00fcgel fehlt es an Details. Sobald der Bass, die Drums und das Orchester reinkommen, wird es besser, doch die Stimme ist weiterhin im Mix vergraben. \u201eMaggie Mae\u201c hat mehr Substanz und gute Stereotrennung, doch die H\u00f6hen sind ged\u00e4mpft.<\/p>\n<p>Bei Seite B sind die Unterschiede komischerweise weniger ausgepr\u00e4gt. \u201eI\u2019ve Got a Feeling\u201d hat detaillierte, sch\u00f6ne B\u00e4sse und H\u00f6hen, doch die Stimmen sind etwas vergraben. \u201eOne After 909\u201d: der UK sehr \u00e4hnlich, doch fehlt es an Details. \u201eThe Long and Winding Road\u201d ist ebenfalls der UK \u00e4hnlich, doch die Stimme hat etwas weniger Pr\u00e4senz. \u201eFor You Blue\u201c: sehr sch\u00f6ne Definition, guter Bass, Drums und Instrumententrennung. \u201eGet Back\u201c ist wieder mal \u00e4hnlich der UK, obwohl die Stimmen etwas mehr vergraben sind. Daf\u00fcr sind die H\u00f6hen (Becken) sogar etwas pronunzierter, als bei der UK-Version.<\/p>\n<p><strong>Fazit:<\/strong> zumindest Seite A, im Direktvergleich zum -3U UK-Schnitt, verliert in Sachen Detail und Klarheit. W\u00e4hrend der Bass verst\u00e4rkt ist, h\u00f6ren sich die H\u00f6hen wie durch eine Decke an. Seite B ist dem -4 UK-Schnitt etwas \u00e4hnlicher, obwohl auch hier die Gesangsstimmen etwas ged\u00e4mpft klingen.<\/p>\n<p><!--nextpage--><\/p>\n<h2><strong><a href=\"https:\/\/i0.wp.com\/beatles-shootouts.de\/wp-content\/uploads\/2024\/07\/03JP.jpg?ssl=1\"><img data-recalc-dims=\"1\" loading=\"lazy\" decoding=\"async\" data-attachment-id=\"1024\" data-permalink=\"https:\/\/beatles-shootouts.de\/de\/shootouts\/legacy-shootouts\/let-it-be-legacy\/03jp\/\" data-orig-file=\"https:\/\/i0.wp.com\/beatles-shootouts.de\/wp-content\/uploads\/2024\/07\/03JP.jpg?fit=1884%2C1884&amp;ssl=1\" data-orig-size=\"1884,1884\" data-comments-opened=\"1\" data-image-meta=\"{&quot;aperture&quot;:&quot;0&quot;,&quot;credit&quot;:&quot;&quot;,&quot;camera&quot;:&quot;&quot;,&quot;caption&quot;:&quot;&quot;,&quot;created_timestamp&quot;:&quot;0&quot;,&quot;copyright&quot;:&quot;&quot;,&quot;focal_length&quot;:&quot;0&quot;,&quot;iso&quot;:&quot;0&quot;,&quot;shutter_speed&quot;:&quot;0&quot;,&quot;title&quot;:&quot;&quot;,&quot;orientation&quot;:&quot;0&quot;}\" data-image-title=\"03JP\" data-image-description=\"\" data-image-caption=\"\" data-medium-file=\"https:\/\/i0.wp.com\/beatles-shootouts.de\/wp-content\/uploads\/2024\/07\/03JP.jpg?fit=300%2C300&amp;ssl=1\" data-large-file=\"https:\/\/i0.wp.com\/beatles-shootouts.de\/wp-content\/uploads\/2024\/07\/03JP.jpg?fit=1024%2C1024&amp;ssl=1\" class=\"alignright size-medium wp-image-1024\" src=\"https:\/\/i0.wp.com\/beatles-shootouts.de\/wp-content\/uploads\/2024\/07\/03JP.jpg?resize=300%2C300&#038;ssl=1\" alt=\"\" width=\"300\" height=\"300\" srcset=\"https:\/\/i0.wp.com\/beatles-shootouts.de\/wp-content\/uploads\/2024\/07\/03JP.jpg?resize=300%2C300&amp;ssl=1 300w, https:\/\/i0.wp.com\/beatles-shootouts.de\/wp-content\/uploads\/2024\/07\/03JP.jpg?resize=1024%2C1024&amp;ssl=1 1024w, https:\/\/i0.wp.com\/beatles-shootouts.de\/wp-content\/uploads\/2024\/07\/03JP.jpg?resize=150%2C150&amp;ssl=1 150w, https:\/\/i0.wp.com\/beatles-shootouts.de\/wp-content\/uploads\/2024\/07\/03JP.jpg?resize=768%2C768&amp;ssl=1 768w, https:\/\/i0.wp.com\/beatles-shootouts.de\/wp-content\/uploads\/2024\/07\/03JP.jpg?resize=1536%2C1536&amp;ssl=1 1536w, https:\/\/i0.wp.com\/beatles-shootouts.de\/wp-content\/uploads\/2024\/07\/03JP.jpg?resize=80%2C80&amp;ssl=1 80w, https:\/\/i0.wp.com\/beatles-shootouts.de\/wp-content\/uploads\/2024\/07\/03JP.jpg?resize=320%2C320&amp;ssl=1 320w, https:\/\/i0.wp.com\/beatles-shootouts.de\/wp-content\/uploads\/2024\/07\/03JP.jpg?w=1884&amp;ssl=1 1884w\" sizes=\"auto, (max-width: 300px) 100vw, 300px\" \/><\/a>Japanese EAS pressing (1976)<\/strong><\/h2>\n<p><strong>EAS-80561<\/strong><\/p>\n<p><a href=\"https:\/\/www.discogs.com\/release\/3346223-The-Beatles-Let-It-Be\" target=\"_blank\" rel=\"noopener\">Discogs<\/a><\/p>\n<p>Matrix:<br \/>\nSide A: YEX-773 9S2<br \/>\nSide B: YEX-774 9S4<\/p>\n<p>Diese japanische Pressung kam auf dem jap. Apple-Label in der sog. \u201eCountry-Flag\u201d-Serie Ende der 1970er heraus. Interessanterweise benutzt die japanische Variante ein Gatefold-Cover (wie bei den US-Versionen) \u2013 in Europa gab es so was nicht.<\/p>\n<p>Fangen wir mit Seite A an. \u201eTwo of Us\u201c. Sehr interessant. Der Bass ist etwas st\u00e4rker im Vergleich zur UK. Die H\u00f6hen sind immer noch pronunziert. Die Stimmen sind weniger prominent, doch weniger vergraben, als bei der dt. Version. Sch\u00f6n detaillierte akustische Gitarren. \u00a0Jedenfalls klingt es voller, als die eher h\u00f6henlastige UK. \u201eDig a Pony\u201c. Der Bass ist wieder starker, daf\u00fcr sind die H\u00f6hen etwas reduziert im Vergleich zur UK; Sibilanz bei \u201ecelebrate\u201c ist weg. Die Stimme ist mehr in den Mix eingebettet. \u201eAcross the Universe\u201c: der gefilterte Teil am Anfang klingt voller, als bei der UK; sobald das Orchester einsetzt, verliert die Stimme etwas von der Pr\u00e4senz. \u201eI Me Mine\u201d: die H\u00f6hen und Stimmen klingen etwas ged\u00e4mpft, obwohl die Gitarren im Stereobild und der Bass sehr gut sind. \u201eDig It\u201c ist okay. \u201eLet It Be\u201d hat kr\u00e4ftige B\u00e4sse, doch weniger Pr\u00e4senz bei den Stimmen und H\u00f6hen. \u201eMaggie Mae\u201c ist ziemlich dumpf und hat wenig Details.<\/p>\n<p>Seite B. \u201eI\u2019ve Got a Feeling\u201d. B\u00e4sse und H\u00f6hen sind gut ausgepr\u00e4gt, doch die Mitten sind etwas reserviert, das E-Piano und die Stimmen weniger ausgepr\u00e4gt. \u201eOne After 909\u201c fehlt es etwas an Definition, die H\u00f6hen sind ged\u00e4mpft. \u201eThe Long and Winding Road\u201c: das Orchester ist voll und detailliert, doch die Stimmen haben etwas weniger Pr\u00e4senz. \u201eFor You Blue\u201c \u2013 sehr sch\u00f6n, detailliert, dynamisch, doch die Stimmen sind wieder st\u00e4rker eingebettet. \u201eGet Back\u201c hat wiederum gute Stimmpr\u00e4senz, daf\u00fcr sind die H\u00f6hen (Becken) etwas reduziert.<\/p>\n<p><strong>Fazit:<\/strong> der Eindruck ist gemischt. W\u00e4hrend der Bass kr\u00e4ftiger ist (aber nicht so geboostet wie bei der dt. Version) und die H\u00f6hen zumeist sch\u00f6n ausgepr\u00e4gt sind, gibt es bei den Mitten manchmal Defizite in Pr\u00e4senz und Details.<\/p>\n<p><!--nextpage--><\/p>\n<h2>Das Urteil<\/h2>\n<ul>\n<li><strong>Platz 0:<\/strong> Die UK-Pressung. W\u00e4hrend Seite A (-3U-Matrix aus 1970) beim Bass etwas weniger ausgepr\u00e4gt ist, bietet sie die beste Definition, Details und Stimmpr\u00e4senz. Seite B (-4-Schnitt von ~1976) hat zudem einen besseren Bass, w\u00e4hrend die Details und Stimmpr\u00e4senz weiterhin da sind.<\/li>\n<li><strong>Platz 1:<\/strong> Die japanische Version. Sehr gemischter Eindruck. Der Bass ist starker als bei der UK (aber nicht so geboosted wie bei der dt.), und die Stimmen sind etwas weniger ausgepr\u00e4gt. Die H\u00f6hen und Details variieren von Song zu Song. Dennoch macht diese Version Spa\u00df und klingt die meiste Zeit \u00fcber ganz fein.<\/li>\n<li><strong>Platz 2:<\/strong> Die deutsche. W\u00e4hrend sie einen geboosteten Bass hat (vor allem wenn man mit der UK -3U-Matrix vergleicht) fehlt da etwas bei den Stimmen und H\u00f6hen, wodurch vor allem Seite A etwas dumpf klingt.<\/li>\n<\/ul>","protected":false},"excerpt":{"rendered":"<p>&#46;&#46;&#46;<\/p>\n","protected":false},"author":1,"featured_media":0,"parent":934,"menu_order":6,"comment_status":"closed","ping_status":"closed","template":"","meta":{"footnotes":""},"class_list":["post-1021","page","type-page","status-publish","hentry"],"jetpack_sharing_enabled":true,"_links":{"self":[{"href":"https:\/\/beatles-shootouts.de\/de\/wp-json\/wp\/v2\/pages\/1021","targetHints":{"allow":["GET"]}}],"collection":[{"href":"https:\/\/beatles-shootouts.de\/de\/wp-json\/wp\/v2\/pages"}],"about":[{"href":"https:\/\/beatles-shootouts.de\/de\/wp-json\/wp\/v2\/types\/page"}],"author":[{"embeddable":true,"href":"https:\/\/beatles-shootouts.de\/de\/wp-json\/wp\/v2\/users\/1"}],"replies":[{"embeddable":true,"href":"https:\/\/beatles-shootouts.de\/de\/wp-json\/wp\/v2\/comments?post=1021"}],"version-history":[{"count":4,"href":"https:\/\/beatles-shootouts.de\/de\/wp-json\/wp\/v2\/pages\/1021\/revisions"}],"predecessor-version":[{"id":1029,"href":"https:\/\/beatles-shootouts.de\/de\/wp-json\/wp\/v2\/pages\/1021\/revisions\/1029"}],"up":[{"embeddable":true,"href":"https:\/\/beatles-shootouts.de\/de\/wp-json\/wp\/v2\/pages\/934"}],"wp:attachment":[{"href":"https:\/\/beatles-shootouts.de\/de\/wp-json\/wp\/v2\/media?parent=1021"}],"curies":[{"name":"wp","href":"https:\/\/api.w.org\/{rel}","templated":true}]}}