{"id":623,"date":"2022-08-11T13:26:57","date_gmt":"2022-08-11T13:26:57","guid":{"rendered":"https:\/\/beatles-shootouts.de\/?page_id=623"},"modified":"2023-10-19T14:47:47","modified_gmt":"2023-10-19T14:47:47","slug":"history","status":"publish","type":"page","link":"https:\/\/beatles-shootouts.de\/de\/beatles-german-cuts-list\/history\/","title":{"rendered":"History"},"content":{"rendered":"<h3><strong>v. 1.63:<\/strong><\/h3>\n<ul>\n<li>Infos zum 1. und 2. Schnitt von Revolver hinzugef\u00fcgt<\/li>\n<\/ul>\n<h3><strong>v. 1.62:<\/strong><\/h3>\n<ul>\n<li>Weitere Variante des 1. Schnitts zum White Album hinzugef\u00fcgt<\/li>\n<\/ul>\n<h3><strong>v. 1.61:<\/strong><\/h3>\n<ul>\n<li>Weiteren analogen Schnitt nach 1986 zum White Album hinzugef\u00fcgt<\/li>\n<\/ul>\n<h3><strong>v. 1.6:<\/strong><\/h3>\n<ul>\n<li>Infos \u00fcber die unmarkierten Analog-DMM-Pressungen auf dem Parlophone-Label in den sp\u00e4ten 80ern hinzugef\u00fcgt.<\/li>\n<li>Weitere analoge Schnitte nach 1986 f\u00fcr Yellow Submarine und Rubber Soul zur Datenbank hinzugef\u00fcgt<\/li>\n<li>Katalognummerkorrekturen<\/li>\n<\/ul>\n<h3><strong>v. 1.5:<\/strong><\/h3>\n<ul>\n<li>Liste wurde auf eine eigenst\u00e4ndige Webseite verschoben.<\/li>\n<li>Eine \u00dcbersicht \u00fcber die Evolution der Matrixnummer-Designs bei EMI Electrola im relevanten Zeitrahmmen erstellt<\/li>\n<li>Gewichtige Korrekturen einzelner Beitr\u00e4ge aufgrund neuer Erkenntnisse bez\u00fcglich des Aussehens der Matrizen, Design\u00e4nderungen sowie insbesondere im Hinblick auf die Zeit der DMM-Pressungen.<\/li>\n<\/ul>\n<h3><strong>v. 1.0 &#8211; 1.3<\/strong><\/h3>\n<ul>\n<li>Liste wurde beim <a href=\"https:\/\/forums.stevehoffman.tv\/forums\/music-corner.2\/\" target=\"_blank\" rel=\"noopener\">Stevehoffman Forum<\/a> initial angelegt und gef\u00fchrt.<\/li>\n<\/ul>\n<p>&nbsp;","protected":false},"excerpt":{"rendered":"<p>&#46;&#46;&#46;<\/p>\n","protected":false},"author":1,"featured_media":0,"parent":31,"menu_order":10,"comment_status":"open","ping_status":"closed","template":"","meta":{"footnotes":""},"class_list":["post-623","page","type-page","status-publish","hentry"],"jetpack_sharing_enabled":true,"_links":{"self":[{"href":"https:\/\/beatles-shootouts.de\/de\/wp-json\/wp\/v2\/pages\/623","targetHints":{"allow":["GET"]}}],"collection":[{"href":"https:\/\/beatles-shootouts.de\/de\/wp-json\/wp\/v2\/pages"}],"about":[{"href":"https:\/\/beatles-shootouts.de\/de\/wp-json\/wp\/v2\/types\/page"}],"author":[{"embeddable":true,"href":"https:\/\/beatles-shootouts.de\/de\/wp-json\/wp\/v2\/users\/1"}],"replies":[{"embeddable":true,"href":"https:\/\/beatles-shootouts.de\/de\/wp-json\/wp\/v2\/comments?post=623"}],"version-history":[{"count":8,"href":"https:\/\/beatles-shootouts.de\/de\/wp-json\/wp\/v2\/pages\/623\/revisions"}],"predecessor-version":[{"id":922,"href":"https:\/\/beatles-shootouts.de\/de\/wp-json\/wp\/v2\/pages\/623\/revisions\/922"}],"up":[{"embeddable":true,"href":"https:\/\/beatles-shootouts.de\/de\/wp-json\/wp\/v2\/pages\/31"}],"wp:attachment":[{"href":"https:\/\/beatles-shootouts.de\/de\/wp-json\/wp\/v2\/media?parent=623"}],"curies":[{"name":"wp","href":"https:\/\/api.w.org\/{rel}","templated":true}]}}