{"id":650,"date":"2022-08-12T09:33:30","date_gmt":"2022-08-12T09:33:30","guid":{"rendered":"https:\/\/beatles-shootouts.de\/?page_id=650"},"modified":"2023-04-30T15:46:52","modified_gmt":"2023-04-30T15:46:52","slug":"styles-of-matrix-numbers","status":"publish","type":"page","link":"https:\/\/beatles-shootouts.de\/de\/beatles-german-cuts-list\/excursus-emi-electrola-matrix-numbers\/styles-of-matrix-numbers\/","title":{"rendered":"Stile von Matrixnummern"},"content":{"rendered":"Im Laufe der Zeit \u00e4nderten sich die Stile f\u00fcr die Matrixnummern bei Electrola. Hier ist eine Liste der verwendeten Schriftarten. Die Namen sind unsere eigene Erfindung, um sie voneinander abzugrenzen.<br \/>\n<a name=\"style1\"><\/a><\/p>\n<h3><strong>1963-1967: Weite Gravur<\/strong><\/h3>\n<p><a href=\"https:\/\/i0.wp.com\/beatles-shootouts.de\/wp-content\/uploads\/2022\/07\/02_WTB_M_01_SideA2.jpg?ssl=1\"><img data-recalc-dims=\"1\" loading=\"lazy\" decoding=\"async\" data-attachment-id=\"387\" data-permalink=\"https:\/\/beatles-shootouts.de\/de\/beatles-german-cuts-list\/excursus-emi-electrola-matrix-numbers\/02_wtb_m_01_sidea2\/\" data-orig-file=\"https:\/\/i0.wp.com\/beatles-shootouts.de\/wp-content\/uploads\/2022\/07\/02_WTB_M_01_SideA2.jpg?fit=1000%2C1000&amp;ssl=1\" data-orig-size=\"1000,1000\" data-comments-opened=\"1\" data-image-meta=\"{&quot;aperture&quot;:&quot;0&quot;,&quot;credit&quot;:&quot;&quot;,&quot;camera&quot;:&quot;&quot;,&quot;caption&quot;:&quot;&quot;,&quot;created_timestamp&quot;:&quot;0&quot;,&quot;copyright&quot;:&quot;&quot;,&quot;focal_length&quot;:&quot;0&quot;,&quot;iso&quot;:&quot;0&quot;,&quot;shutter_speed&quot;:&quot;0&quot;,&quot;title&quot;:&quot;&quot;,&quot;orientation&quot;:&quot;0&quot;}\" data-image-title=\"02_WTB_M_01_SideA2\" data-image-description=\"\" data-image-caption=\"\" data-medium-file=\"https:\/\/i0.wp.com\/beatles-shootouts.de\/wp-content\/uploads\/2022\/07\/02_WTB_M_01_SideA2.jpg?fit=300%2C300&amp;ssl=1\" data-large-file=\"https:\/\/i0.wp.com\/beatles-shootouts.de\/wp-content\/uploads\/2022\/07\/02_WTB_M_01_SideA2.jpg?fit=1000%2C1000&amp;ssl=1\" class=\"alignnone size-medium wp-image-387\" src=\"https:\/\/i0.wp.com\/beatles-shootouts.de\/wp-content\/uploads\/2022\/07\/02_WTB_M_01_SideA2.jpg?resize=300%2C300&#038;ssl=1\" alt=\"\" width=\"300\" height=\"300\" srcset=\"https:\/\/i0.wp.com\/beatles-shootouts.de\/wp-content\/uploads\/2022\/07\/02_WTB_M_01_SideA2.jpg?resize=300%2C300&amp;ssl=1 300w, https:\/\/i0.wp.com\/beatles-shootouts.de\/wp-content\/uploads\/2022\/07\/02_WTB_M_01_SideA2.jpg?resize=150%2C150&amp;ssl=1 150w, https:\/\/i0.wp.com\/beatles-shootouts.de\/wp-content\/uploads\/2022\/07\/02_WTB_M_01_SideA2.jpg?resize=768%2C768&amp;ssl=1 768w, https:\/\/i0.wp.com\/beatles-shootouts.de\/wp-content\/uploads\/2022\/07\/02_WTB_M_01_SideA2.jpg?resize=80%2C80&amp;ssl=1 80w, https:\/\/i0.wp.com\/beatles-shootouts.de\/wp-content\/uploads\/2022\/07\/02_WTB_M_01_SideA2.jpg?resize=320%2C320&amp;ssl=1 320w, https:\/\/i0.wp.com\/beatles-shootouts.de\/wp-content\/uploads\/2022\/07\/02_WTB_M_01_SideA2.jpg?w=1000&amp;ssl=1 1000w\" sizes=\"auto, (max-width: 300px) 100vw, 300px\" \/><\/a> <a href=\"https:\/\/i0.wp.com\/beatles-shootouts.de\/wp-content\/uploads\/2022\/07\/08_SP_02_SideA1.jpg?ssl=1\"><img data-recalc-dims=\"1\" loading=\"lazy\" decoding=\"async\" data-attachment-id=\"491\" data-permalink=\"https:\/\/beatles-shootouts.de\/de\/beatles-german-cuts-list\/1967-1970\/sgt-peppers-lonely-hearts-club-band\/08_sp_02_sidea1\/\" data-orig-file=\"https:\/\/i0.wp.com\/beatles-shootouts.de\/wp-content\/uploads\/2022\/07\/08_SP_02_SideA1.jpg?fit=1000%2C1000&amp;ssl=1\" data-orig-size=\"1000,1000\" data-comments-opened=\"1\" data-image-meta=\"{&quot;aperture&quot;:&quot;0&quot;,&quot;credit&quot;:&quot;&quot;,&quot;camera&quot;:&quot;&quot;,&quot;caption&quot;:&quot;&quot;,&quot;created_timestamp&quot;:&quot;0&quot;,&quot;copyright&quot;:&quot;&quot;,&quot;focal_length&quot;:&quot;0&quot;,&quot;iso&quot;:&quot;0&quot;,&quot;shutter_speed&quot;:&quot;0&quot;,&quot;title&quot;:&quot;&quot;,&quot;orientation&quot;:&quot;0&quot;}\" data-image-title=\"08_SP_02_SideA1\" data-image-description=\"\" data-image-caption=\"\" data-medium-file=\"https:\/\/i0.wp.com\/beatles-shootouts.de\/wp-content\/uploads\/2022\/07\/08_SP_02_SideA1.jpg?fit=300%2C300&amp;ssl=1\" data-large-file=\"https:\/\/i0.wp.com\/beatles-shootouts.de\/wp-content\/uploads\/2022\/07\/08_SP_02_SideA1.jpg?fit=1000%2C1000&amp;ssl=1\" class=\"alignnone size-medium wp-image-491\" src=\"https:\/\/i0.wp.com\/beatles-shootouts.de\/wp-content\/uploads\/2022\/07\/08_SP_02_SideA1.jpg?resize=300%2C300&#038;ssl=1\" alt=\"\" width=\"300\" height=\"300\" srcset=\"https:\/\/i0.wp.com\/beatles-shootouts.de\/wp-content\/uploads\/2022\/07\/08_SP_02_SideA1.jpg?resize=300%2C300&amp;ssl=1 300w, https:\/\/i0.wp.com\/beatles-shootouts.de\/wp-content\/uploads\/2022\/07\/08_SP_02_SideA1.jpg?resize=150%2C150&amp;ssl=1 150w, https:\/\/i0.wp.com\/beatles-shootouts.de\/wp-content\/uploads\/2022\/07\/08_SP_02_SideA1.jpg?resize=768%2C768&amp;ssl=1 768w, https:\/\/i0.wp.com\/beatles-shootouts.de\/wp-content\/uploads\/2022\/07\/08_SP_02_SideA1.jpg?resize=80%2C80&amp;ssl=1 80w, https:\/\/i0.wp.com\/beatles-shootouts.de\/wp-content\/uploads\/2022\/07\/08_SP_02_SideA1.jpg?resize=320%2C320&amp;ssl=1 320w, https:\/\/i0.wp.com\/beatles-shootouts.de\/wp-content\/uploads\/2022\/07\/08_SP_02_SideA1.jpg?w=1000&amp;ssl=1 1000w\" sizes=\"auto, (max-width: 300px) 100vw, 300px\" \/><\/a><\/p>\n<p>Die Schriftart ist breit und etwas eckig. Die Abst\u00e4nde zwischen den Zeichen sind breit. Die Gravur ist fein und manchmal schwer zu erkennen, man muss die Platte im richtigen Winkel betrachten. Zumindest einige der Matrizen wurden auf den M\u00fcttern und nicht auf den Lackfolien graviert, so dass Kopien, die von verschiedenen M\u00fcttern gepresst wurden, unterschiedliche Matrixnummern haben k\u00f6nnen.<\/p>\n<p><a name=\"style2\"><\/a><\/p>\n<h3><strong>1968-1970: Enge Gravur<\/strong><\/h3>\n<p><a href=\"https:\/\/i0.wp.com\/beatles-shootouts.de\/wp-content\/uploads\/2022\/08\/09_WA_01_SideD1.jpg?ssl=1\"><img data-recalc-dims=\"1\" loading=\"lazy\" decoding=\"async\" data-attachment-id=\"526\" data-permalink=\"https:\/\/beatles-shootouts.de\/de\/beatles-german-cuts-list\/1967-1970\/the-beatles-white-album\/09_wa_01_sided1\/\" data-orig-file=\"https:\/\/i0.wp.com\/beatles-shootouts.de\/wp-content\/uploads\/2022\/08\/09_WA_01_SideD1.jpg?fit=1000%2C1000&amp;ssl=1\" data-orig-size=\"1000,1000\" data-comments-opened=\"1\" data-image-meta=\"{&quot;aperture&quot;:&quot;0&quot;,&quot;credit&quot;:&quot;&quot;,&quot;camera&quot;:&quot;&quot;,&quot;caption&quot;:&quot;&quot;,&quot;created_timestamp&quot;:&quot;0&quot;,&quot;copyright&quot;:&quot;&quot;,&quot;focal_length&quot;:&quot;0&quot;,&quot;iso&quot;:&quot;0&quot;,&quot;shutter_speed&quot;:&quot;0&quot;,&quot;title&quot;:&quot;&quot;,&quot;orientation&quot;:&quot;0&quot;}\" data-image-title=\"09_WA_01_SideD1\" data-image-description=\"\" data-image-caption=\"\" data-medium-file=\"https:\/\/i0.wp.com\/beatles-shootouts.de\/wp-content\/uploads\/2022\/08\/09_WA_01_SideD1.jpg?fit=300%2C300&amp;ssl=1\" data-large-file=\"https:\/\/i0.wp.com\/beatles-shootouts.de\/wp-content\/uploads\/2022\/08\/09_WA_01_SideD1.jpg?fit=1000%2C1000&amp;ssl=1\" class=\"alignnone size-medium wp-image-526\" src=\"https:\/\/i0.wp.com\/beatles-shootouts.de\/wp-content\/uploads\/2022\/08\/09_WA_01_SideD1.jpg?resize=300%2C300&#038;ssl=1\" alt=\"\" width=\"300\" height=\"300\" srcset=\"https:\/\/i0.wp.com\/beatles-shootouts.de\/wp-content\/uploads\/2022\/08\/09_WA_01_SideD1.jpg?resize=300%2C300&amp;ssl=1 300w, https:\/\/i0.wp.com\/beatles-shootouts.de\/wp-content\/uploads\/2022\/08\/09_WA_01_SideD1.jpg?resize=150%2C150&amp;ssl=1 150w, https:\/\/i0.wp.com\/beatles-shootouts.de\/wp-content\/uploads\/2022\/08\/09_WA_01_SideD1.jpg?resize=768%2C768&amp;ssl=1 768w, https:\/\/i0.wp.com\/beatles-shootouts.de\/wp-content\/uploads\/2022\/08\/09_WA_01_SideD1.jpg?resize=80%2C80&amp;ssl=1 80w, https:\/\/i0.wp.com\/beatles-shootouts.de\/wp-content\/uploads\/2022\/08\/09_WA_01_SideD1.jpg?resize=320%2C320&amp;ssl=1 320w, https:\/\/i0.wp.com\/beatles-shootouts.de\/wp-content\/uploads\/2022\/08\/09_WA_01_SideD1.jpg?w=1000&amp;ssl=1 1000w\" sizes=\"auto, (max-width: 300px) 100vw, 300px\" \/><\/a> <a href=\"https:\/\/i0.wp.com\/beatles-shootouts.de\/wp-content\/uploads\/2022\/08\/12_LIB_01_SideB.jpg?ssl=1\"><img data-recalc-dims=\"1\" loading=\"lazy\" decoding=\"async\" data-attachment-id=\"609\" data-permalink=\"https:\/\/beatles-shootouts.de\/de\/beatles-german-cuts-list\/1967-1970\/let-it-be\/12_lib_01_sideb\/\" data-orig-file=\"https:\/\/i0.wp.com\/beatles-shootouts.de\/wp-content\/uploads\/2022\/08\/12_LIB_01_SideB.jpg?fit=1000%2C1000&amp;ssl=1\" data-orig-size=\"1000,1000\" data-comments-opened=\"1\" data-image-meta=\"{&quot;aperture&quot;:&quot;0&quot;,&quot;credit&quot;:&quot;&quot;,&quot;camera&quot;:&quot;&quot;,&quot;caption&quot;:&quot;&quot;,&quot;created_timestamp&quot;:&quot;0&quot;,&quot;copyright&quot;:&quot;&quot;,&quot;focal_length&quot;:&quot;0&quot;,&quot;iso&quot;:&quot;0&quot;,&quot;shutter_speed&quot;:&quot;0&quot;,&quot;title&quot;:&quot;&quot;,&quot;orientation&quot;:&quot;0&quot;}\" data-image-title=\"12_LIB_01_SideB\" data-image-description=\"\" data-image-caption=\"\" data-medium-file=\"https:\/\/i0.wp.com\/beatles-shootouts.de\/wp-content\/uploads\/2022\/08\/12_LIB_01_SideB.jpg?fit=300%2C300&amp;ssl=1\" data-large-file=\"https:\/\/i0.wp.com\/beatles-shootouts.de\/wp-content\/uploads\/2022\/08\/12_LIB_01_SideB.jpg?fit=1000%2C1000&amp;ssl=1\" class=\"alignnone size-medium wp-image-609\" src=\"https:\/\/i0.wp.com\/beatles-shootouts.de\/wp-content\/uploads\/2022\/08\/12_LIB_01_SideB.jpg?resize=300%2C300&#038;ssl=1\" alt=\"\" width=\"300\" height=\"300\" srcset=\"https:\/\/i0.wp.com\/beatles-shootouts.de\/wp-content\/uploads\/2022\/08\/12_LIB_01_SideB.jpg?resize=300%2C300&amp;ssl=1 300w, https:\/\/i0.wp.com\/beatles-shootouts.de\/wp-content\/uploads\/2022\/08\/12_LIB_01_SideB.jpg?resize=150%2C150&amp;ssl=1 150w, https:\/\/i0.wp.com\/beatles-shootouts.de\/wp-content\/uploads\/2022\/08\/12_LIB_01_SideB.jpg?resize=768%2C768&amp;ssl=1 768w, https:\/\/i0.wp.com\/beatles-shootouts.de\/wp-content\/uploads\/2022\/08\/12_LIB_01_SideB.jpg?resize=80%2C80&amp;ssl=1 80w, https:\/\/i0.wp.com\/beatles-shootouts.de\/wp-content\/uploads\/2022\/08\/12_LIB_01_SideB.jpg?resize=320%2C320&amp;ssl=1 320w, https:\/\/i0.wp.com\/beatles-shootouts.de\/wp-content\/uploads\/2022\/08\/12_LIB_01_SideB.jpg?w=1000&amp;ssl=1 1000w\" sizes=\"auto, (max-width: 300px) 100vw, 300px\" \/><\/a><\/p>\n<p>Diese Schriftart ist der weiten Gravur zumindest von den Ziffern her \u00e4hnlich, jedoch sind die Buchstaben erheblich enger. Der Abstand zwischen den Zeichen ist gering. Die Gravur ist fein und sehr schwer zu erkennen, wenn man sie im falschen Winkel betrachtet. Die Gravur wurde h\u00f6chstwahrscheinlich auf den M\u00fcttern vorgenommen, so dass Kopien, die von verschiedenen M\u00fcttern gepresst wurden, unterschiedliche Matrixnummern haben k\u00f6nnen.<\/p>\n<p><a name=\"style3\"><\/a><\/p>\n<h3><strong>1970-1979: Pr\u00e4gung am Label<\/strong><\/h3>\n<p><a href=\"https:\/\/i0.wp.com\/beatles-shootouts.de\/wp-content\/uploads\/2022\/07\/14_MMT_01_SideA.jpg?ssl=1\"><img data-recalc-dims=\"1\" loading=\"lazy\" decoding=\"async\" data-attachment-id=\"157\" data-permalink=\"https:\/\/beatles-shootouts.de\/de\/beatles-german-cuts-list\/excursus-emi-electrola-matrix-numbers\/14_mmt_01_sidea\/\" data-orig-file=\"https:\/\/i0.wp.com\/beatles-shootouts.de\/wp-content\/uploads\/2022\/07\/14_MMT_01_SideA.jpg?fit=1000%2C1000&amp;ssl=1\" data-orig-size=\"1000,1000\" data-comments-opened=\"1\" data-image-meta=\"{&quot;aperture&quot;:&quot;0&quot;,&quot;credit&quot;:&quot;&quot;,&quot;camera&quot;:&quot;&quot;,&quot;caption&quot;:&quot;&quot;,&quot;created_timestamp&quot;:&quot;0&quot;,&quot;copyright&quot;:&quot;&quot;,&quot;focal_length&quot;:&quot;0&quot;,&quot;iso&quot;:&quot;0&quot;,&quot;shutter_speed&quot;:&quot;0&quot;,&quot;title&quot;:&quot;&quot;,&quot;orientation&quot;:&quot;0&quot;}\" data-image-title=\"14_MMT_01_SideA\" data-image-description=\"\" data-image-caption=\"\" data-medium-file=\"https:\/\/i0.wp.com\/beatles-shootouts.de\/wp-content\/uploads\/2022\/07\/14_MMT_01_SideA.jpg?fit=300%2C300&amp;ssl=1\" data-large-file=\"https:\/\/i0.wp.com\/beatles-shootouts.de\/wp-content\/uploads\/2022\/07\/14_MMT_01_SideA.jpg?fit=1000%2C1000&amp;ssl=1\" class=\"alignnone size-medium wp-image-157\" src=\"https:\/\/i0.wp.com\/beatles-shootouts.de\/wp-content\/uploads\/2022\/07\/14_MMT_01_SideA.jpg?resize=300%2C300&#038;ssl=1\" alt=\"\" width=\"300\" height=\"300\" srcset=\"https:\/\/i0.wp.com\/beatles-shootouts.de\/wp-content\/uploads\/2022\/07\/14_MMT_01_SideA.jpg?resize=300%2C300&amp;ssl=1 300w, https:\/\/i0.wp.com\/beatles-shootouts.de\/wp-content\/uploads\/2022\/07\/14_MMT_01_SideA.jpg?resize=150%2C150&amp;ssl=1 150w, https:\/\/i0.wp.com\/beatles-shootouts.de\/wp-content\/uploads\/2022\/07\/14_MMT_01_SideA.jpg?resize=768%2C768&amp;ssl=1 768w, https:\/\/i0.wp.com\/beatles-shootouts.de\/wp-content\/uploads\/2022\/07\/14_MMT_01_SideA.jpg?resize=80%2C80&amp;ssl=1 80w, https:\/\/i0.wp.com\/beatles-shootouts.de\/wp-content\/uploads\/2022\/07\/14_MMT_01_SideA.jpg?resize=320%2C320&amp;ssl=1 320w, https:\/\/i0.wp.com\/beatles-shootouts.de\/wp-content\/uploads\/2022\/07\/14_MMT_01_SideA.jpg?w=1000&amp;ssl=1 1000w\" sizes=\"auto, (max-width: 300px) 100vw, 300px\" \/><\/a> <a href=\"https:\/\/i0.wp.com\/beatles-shootouts.de\/wp-content\/uploads\/2022\/07\/08_SP_03_SideA2.jpg?ssl=1\"><img data-recalc-dims=\"1\" loading=\"lazy\" decoding=\"async\" data-attachment-id=\"479\" data-permalink=\"https:\/\/beatles-shootouts.de\/de\/beatles-german-cuts-list\/1967-1970\/sgt-peppers-lonely-hearts-club-band\/08_sp_03_sidea2\/\" data-orig-file=\"https:\/\/i0.wp.com\/beatles-shootouts.de\/wp-content\/uploads\/2022\/07\/08_SP_03_SideA2.jpg?fit=1000%2C1000&amp;ssl=1\" data-orig-size=\"1000,1000\" data-comments-opened=\"1\" data-image-meta=\"{&quot;aperture&quot;:&quot;0&quot;,&quot;credit&quot;:&quot;&quot;,&quot;camera&quot;:&quot;&quot;,&quot;caption&quot;:&quot;&quot;,&quot;created_timestamp&quot;:&quot;0&quot;,&quot;copyright&quot;:&quot;&quot;,&quot;focal_length&quot;:&quot;0&quot;,&quot;iso&quot;:&quot;0&quot;,&quot;shutter_speed&quot;:&quot;0&quot;,&quot;title&quot;:&quot;&quot;,&quot;orientation&quot;:&quot;0&quot;}\" data-image-title=\"08_SP_03_SideA2\" data-image-description=\"\" data-image-caption=\"\" data-medium-file=\"https:\/\/i0.wp.com\/beatles-shootouts.de\/wp-content\/uploads\/2022\/07\/08_SP_03_SideA2.jpg?fit=300%2C300&amp;ssl=1\" data-large-file=\"https:\/\/i0.wp.com\/beatles-shootouts.de\/wp-content\/uploads\/2022\/07\/08_SP_03_SideA2.jpg?fit=1000%2C1000&amp;ssl=1\" class=\"alignnone size-medium wp-image-479\" src=\"https:\/\/i0.wp.com\/beatles-shootouts.de\/wp-content\/uploads\/2022\/07\/08_SP_03_SideA2.jpg?resize=300%2C300&#038;ssl=1\" alt=\"\" width=\"300\" height=\"300\" srcset=\"https:\/\/i0.wp.com\/beatles-shootouts.de\/wp-content\/uploads\/2022\/07\/08_SP_03_SideA2.jpg?resize=300%2C300&amp;ssl=1 300w, https:\/\/i0.wp.com\/beatles-shootouts.de\/wp-content\/uploads\/2022\/07\/08_SP_03_SideA2.jpg?resize=150%2C150&amp;ssl=1 150w, https:\/\/i0.wp.com\/beatles-shootouts.de\/wp-content\/uploads\/2022\/07\/08_SP_03_SideA2.jpg?resize=768%2C768&amp;ssl=1 768w, https:\/\/i0.wp.com\/beatles-shootouts.de\/wp-content\/uploads\/2022\/07\/08_SP_03_SideA2.jpg?resize=80%2C80&amp;ssl=1 80w, https:\/\/i0.wp.com\/beatles-shootouts.de\/wp-content\/uploads\/2022\/07\/08_SP_03_SideA2.jpg?resize=320%2C320&amp;ssl=1 320w, https:\/\/i0.wp.com\/beatles-shootouts.de\/wp-content\/uploads\/2022\/07\/08_SP_03_SideA2.jpg?w=1000&amp;ssl=1 1000w\" sizes=\"auto, (max-width: 300px) 100vw, 300px\" \/><\/a><\/p>\n<p>Die Schriftart ist klein und rundlich, mit sehr weiten Abst\u00e4nden zwischen den Zeichen. Die Pr\u00e4gung ist nah am Label und geht in die Erhebung des Labelbereiches rein. Die Kanten der Zeichen sind ziemlich rauh, was darauf hindeutet, dass die Pr\u00e4gung direkt auf die Lackfolie angewendet worden sein k\u00f6nnte.<\/p>\n<p><a name=\"style4\"><\/a><\/p>\n<h3><strong>1969-1979: Zus\u00e4tzliche Gravur<\/strong><\/h3>\n<p><a href=\"https:\/\/i0.wp.com\/beatles-shootouts.de\/wp-content\/uploads\/2022\/07\/08_SP_02_SideB2.jpg?ssl=1\"><img data-recalc-dims=\"1\" loading=\"lazy\" decoding=\"async\" data-attachment-id=\"477\" data-permalink=\"https:\/\/beatles-shootouts.de\/de\/beatles-german-cuts-list\/1967-1970\/sgt-peppers-lonely-hearts-club-band\/08_sp_02_sideb2\/\" data-orig-file=\"https:\/\/i0.wp.com\/beatles-shootouts.de\/wp-content\/uploads\/2022\/07\/08_SP_02_SideB2.jpg?fit=1000%2C1000&amp;ssl=1\" data-orig-size=\"1000,1000\" data-comments-opened=\"1\" data-image-meta=\"{&quot;aperture&quot;:&quot;0&quot;,&quot;credit&quot;:&quot;&quot;,&quot;camera&quot;:&quot;&quot;,&quot;caption&quot;:&quot;&quot;,&quot;created_timestamp&quot;:&quot;0&quot;,&quot;copyright&quot;:&quot;&quot;,&quot;focal_length&quot;:&quot;0&quot;,&quot;iso&quot;:&quot;0&quot;,&quot;shutter_speed&quot;:&quot;0&quot;,&quot;title&quot;:&quot;&quot;,&quot;orientation&quot;:&quot;0&quot;}\" data-image-title=\"08_SP_02_SideB2\" data-image-description=\"\" data-image-caption=\"\" data-medium-file=\"https:\/\/i0.wp.com\/beatles-shootouts.de\/wp-content\/uploads\/2022\/07\/08_SP_02_SideB2.jpg?fit=300%2C300&amp;ssl=1\" data-large-file=\"https:\/\/i0.wp.com\/beatles-shootouts.de\/wp-content\/uploads\/2022\/07\/08_SP_02_SideB2.jpg?fit=1000%2C1000&amp;ssl=1\" class=\"alignnone size-medium wp-image-477\" src=\"https:\/\/i0.wp.com\/beatles-shootouts.de\/wp-content\/uploads\/2022\/07\/08_SP_02_SideB2.jpg?resize=300%2C300&#038;ssl=1\" alt=\"\" width=\"300\" height=\"300\" srcset=\"https:\/\/i0.wp.com\/beatles-shootouts.de\/wp-content\/uploads\/2022\/07\/08_SP_02_SideB2.jpg?resize=300%2C300&amp;ssl=1 300w, https:\/\/i0.wp.com\/beatles-shootouts.de\/wp-content\/uploads\/2022\/07\/08_SP_02_SideB2.jpg?resize=150%2C150&amp;ssl=1 150w, https:\/\/i0.wp.com\/beatles-shootouts.de\/wp-content\/uploads\/2022\/07\/08_SP_02_SideB2.jpg?resize=768%2C768&amp;ssl=1 768w, https:\/\/i0.wp.com\/beatles-shootouts.de\/wp-content\/uploads\/2022\/07\/08_SP_02_SideB2.jpg?resize=80%2C80&amp;ssl=1 80w, https:\/\/i0.wp.com\/beatles-shootouts.de\/wp-content\/uploads\/2022\/07\/08_SP_02_SideB2.jpg?resize=320%2C320&amp;ssl=1 320w, https:\/\/i0.wp.com\/beatles-shootouts.de\/wp-content\/uploads\/2022\/07\/08_SP_02_SideB2.jpg?w=1000&amp;ssl=1 1000w\" sizes=\"auto, (max-width: 300px) 100vw, 300px\" \/><\/a><\/p>\n<p>Neuauflagen von alten Schnitten hatten oft eine weitere Matrixnummer zus\u00e4tzlich zur alten erhalten. Diese &#8222;zus\u00e4tzliche Gravur&#8220; wurde mit einer Schrift gemacht, die der &#8222;engen Gravur&#8220; \u00e4hnlich sieht, visuell aber sehr stark sichtbar ist. Sie wurde eindeutig sp\u00e4ter, vermutlich auf die Mutter, angebracht.<\/p>\n<p><a name=\"style5\"><\/a><\/p>\n<h3><strong>1980 und sp\u00e4ter: Saubere Tiefpr\u00e4gung<\/strong><\/h3>\n<p><a href=\"https:\/\/i0.wp.com\/beatles-shootouts.de\/wp-content\/uploads\/2022\/08\/09_WA_06_SideA.jpg?ssl=1\"><img data-recalc-dims=\"1\" loading=\"lazy\" decoding=\"async\" data-attachment-id=\"559\" data-permalink=\"https:\/\/beatles-shootouts.de\/de\/beatles-german-cuts-list\/1967-1970\/the-beatles-white-album\/09_wa_06_sidea\/\" data-orig-file=\"https:\/\/i0.wp.com\/beatles-shootouts.de\/wp-content\/uploads\/2022\/08\/09_WA_06_SideA.jpg?fit=1000%2C1000&amp;ssl=1\" data-orig-size=\"1000,1000\" data-comments-opened=\"1\" data-image-meta=\"{&quot;aperture&quot;:&quot;0&quot;,&quot;credit&quot;:&quot;&quot;,&quot;camera&quot;:&quot;&quot;,&quot;caption&quot;:&quot;&quot;,&quot;created_timestamp&quot;:&quot;0&quot;,&quot;copyright&quot;:&quot;&quot;,&quot;focal_length&quot;:&quot;0&quot;,&quot;iso&quot;:&quot;0&quot;,&quot;shutter_speed&quot;:&quot;0&quot;,&quot;title&quot;:&quot;&quot;,&quot;orientation&quot;:&quot;0&quot;}\" data-image-title=\"09_WA_06_SideA\" data-image-description=\"\" data-image-caption=\"\" data-medium-file=\"https:\/\/i0.wp.com\/beatles-shootouts.de\/wp-content\/uploads\/2022\/08\/09_WA_06_SideA.jpg?fit=300%2C300&amp;ssl=1\" data-large-file=\"https:\/\/i0.wp.com\/beatles-shootouts.de\/wp-content\/uploads\/2022\/08\/09_WA_06_SideA.jpg?fit=1000%2C1000&amp;ssl=1\" class=\"alignnone size-medium wp-image-559\" src=\"https:\/\/i0.wp.com\/beatles-shootouts.de\/wp-content\/uploads\/2022\/08\/09_WA_06_SideA.jpg?resize=300%2C300&#038;ssl=1\" alt=\"\" width=\"300\" height=\"300\" srcset=\"https:\/\/i0.wp.com\/beatles-shootouts.de\/wp-content\/uploads\/2022\/08\/09_WA_06_SideA.jpg?resize=300%2C300&amp;ssl=1 300w, https:\/\/i0.wp.com\/beatles-shootouts.de\/wp-content\/uploads\/2022\/08\/09_WA_06_SideA.jpg?resize=150%2C150&amp;ssl=1 150w, https:\/\/i0.wp.com\/beatles-shootouts.de\/wp-content\/uploads\/2022\/08\/09_WA_06_SideA.jpg?resize=768%2C768&amp;ssl=1 768w, https:\/\/i0.wp.com\/beatles-shootouts.de\/wp-content\/uploads\/2022\/08\/09_WA_06_SideA.jpg?resize=80%2C80&amp;ssl=1 80w, https:\/\/i0.wp.com\/beatles-shootouts.de\/wp-content\/uploads\/2022\/08\/09_WA_06_SideA.jpg?resize=320%2C320&amp;ssl=1 320w, https:\/\/i0.wp.com\/beatles-shootouts.de\/wp-content\/uploads\/2022\/08\/09_WA_06_SideA.jpg?w=1000&amp;ssl=1 1000w\" sizes=\"auto, (max-width: 300px) 100vw, 300px\" \/><\/a><\/p>\n<p>Etwa ab 1979 wurde f\u00fcr Matrixnummern eine rundliche Schriftart mit moderat weitem Zeichenabstand verwendet. Die Pr\u00e4gung ist tief, sieht jedoch sauber aus, ohne rauhe Artefakte an den R\u00e4ndern.","protected":false},"excerpt":{"rendered":"<p>&#46;&#46;&#46;<\/p>\n","protected":false},"author":1,"featured_media":0,"parent":131,"menu_order":5,"comment_status":"closed","ping_status":"closed","template":"","meta":{"footnotes":""},"class_list":["post-650","page","type-page","status-publish","hentry"],"jetpack_sharing_enabled":true,"_links":{"self":[{"href":"https:\/\/beatles-shootouts.de\/de\/wp-json\/wp\/v2\/pages\/650","targetHints":{"allow":["GET"]}}],"collection":[{"href":"https:\/\/beatles-shootouts.de\/de\/wp-json\/wp\/v2\/pages"}],"about":[{"href":"https:\/\/beatles-shootouts.de\/de\/wp-json\/wp\/v2\/types\/page"}],"author":[{"embeddable":true,"href":"https:\/\/beatles-shootouts.de\/de\/wp-json\/wp\/v2\/users\/1"}],"replies":[{"embeddable":true,"href":"https:\/\/beatles-shootouts.de\/de\/wp-json\/wp\/v2\/comments?post=650"}],"version-history":[{"count":12,"href":"https:\/\/beatles-shootouts.de\/de\/wp-json\/wp\/v2\/pages\/650\/revisions"}],"predecessor-version":[{"id":896,"href":"https:\/\/beatles-shootouts.de\/de\/wp-json\/wp\/v2\/pages\/650\/revisions\/896"}],"up":[{"embeddable":true,"href":"https:\/\/beatles-shootouts.de\/de\/wp-json\/wp\/v2\/pages\/131"}],"wp:attachment":[{"href":"https:\/\/beatles-shootouts.de\/de\/wp-json\/wp\/v2\/media?parent=650"}],"curies":[{"name":"wp","href":"https:\/\/api.w.org\/{rel}","templated":true}]}}