{"id":658,"date":"2022-08-12T10:12:22","date_gmt":"2022-08-12T10:12:22","guid":{"rendered":"https:\/\/beatles-shootouts.de\/?page_id=658"},"modified":"2023-10-19T14:37:11","modified_gmt":"2023-10-19T14:37:11","slug":"horzu-releases","status":"publish","type":"page","link":"https:\/\/beatles-shootouts.de\/de\/beatles-german-cuts-list\/excursus-emi-electrola-matrix-numbers\/horzu-releases\/","title":{"rendered":"H\u00f6rZu-Releases"},"content":{"rendered":"<h3><strong>1964<\/strong><\/h3>\n<p>Die Matrixnumern verwenden den Stil <a href=\"https:\/\/beatles-shootouts.de\/beatles-german-cuts-list\/excursus-emi-electrola-matrix-numbers\/styles-of-matrix-numbers\/#style1\"><em>Weite Gravur<\/em><\/a>.<\/p>\n<p>Die H\u00f6rZu-Version von <a href=\"https:\/\/beatles-shootouts.de\/beatles-german-cuts-list\/1962-1966\/please-please-me\/\"><strong>Please Please Me<\/strong><\/a> (&#8222;Die zentrale Tanzschaffe&#8220;) hatte folgendes Format:<\/p>\n<ul>\n<li>Mono: <strong>HZE&lt;-&gt;&lt;3-stellige Titelnr&gt;&lt;Seite&gt;-&lt;Schnittnummer&gt;<\/strong><br \/>\nBei der Mono-PPM fehlt der Bindestrich nach HZE auf Seite A. Also: <strong>HZE 117A-1<\/strong>, aber <strong>HZE-117B-1<\/strong><\/li>\n<li>Stereo: <strong>SHZE-&lt;3-stellige Titelnr&gt;&lt;Seite&gt;-&lt;Schnittnummer&gt;<\/strong><br \/>\nBeispiel: <strong>SHZE-117B-1<\/strong><\/li>\n<\/ul>\n<p><a href=\"https:\/\/i0.wp.com\/beatles-shootouts.de\/wp-content\/uploads\/2022\/07\/01_PPM_01_SideB.jpg?ssl=1\"><img data-recalc-dims=\"1\" loading=\"lazy\" decoding=\"async\" data-attachment-id=\"110\" data-permalink=\"https:\/\/beatles-shootouts.de\/de\/beatles-german-cuts-list\/1962-1966\/please-please-me\/please-please-me-stereo\/01_ppm_01_sideb\/\" data-orig-file=\"https:\/\/i0.wp.com\/beatles-shootouts.de\/wp-content\/uploads\/2022\/07\/01_PPM_01_SideB.jpg?fit=1000%2C1000&amp;ssl=1\" data-orig-size=\"1000,1000\" data-comments-opened=\"1\" data-image-meta=\"{&quot;aperture&quot;:&quot;0&quot;,&quot;credit&quot;:&quot;&quot;,&quot;camera&quot;:&quot;&quot;,&quot;caption&quot;:&quot;&quot;,&quot;created_timestamp&quot;:&quot;0&quot;,&quot;copyright&quot;:&quot;&quot;,&quot;focal_length&quot;:&quot;0&quot;,&quot;iso&quot;:&quot;0&quot;,&quot;shutter_speed&quot;:&quot;0&quot;,&quot;title&quot;:&quot;&quot;,&quot;orientation&quot;:&quot;0&quot;}\" data-image-title=\"01_PPM_01_SideB\" data-image-description=\"\" data-image-caption=\"&lt;p&gt;Please Please Me (H\u00f6rZu)&lt;\/p&gt;\n\" data-medium-file=\"https:\/\/i0.wp.com\/beatles-shootouts.de\/wp-content\/uploads\/2022\/07\/01_PPM_01_SideB.jpg?fit=300%2C300&amp;ssl=1\" data-large-file=\"https:\/\/i0.wp.com\/beatles-shootouts.de\/wp-content\/uploads\/2022\/07\/01_PPM_01_SideB.jpg?fit=1000%2C1000&amp;ssl=1\" class=\"size-medium wp-image-110\" src=\"https:\/\/i0.wp.com\/beatles-shootouts.de\/wp-content\/uploads\/2022\/07\/01_PPM_01_SideB.jpg?resize=300%2C300&#038;ssl=1\" alt=\"\" width=\"300\" height=\"300\" srcset=\"https:\/\/i0.wp.com\/beatles-shootouts.de\/wp-content\/uploads\/2022\/07\/01_PPM_01_SideB.jpg?resize=300%2C300&amp;ssl=1 300w, https:\/\/i0.wp.com\/beatles-shootouts.de\/wp-content\/uploads\/2022\/07\/01_PPM_01_SideB.jpg?resize=150%2C150&amp;ssl=1 150w, https:\/\/i0.wp.com\/beatles-shootouts.de\/wp-content\/uploads\/2022\/07\/01_PPM_01_SideB.jpg?resize=768%2C768&amp;ssl=1 768w, https:\/\/i0.wp.com\/beatles-shootouts.de\/wp-content\/uploads\/2022\/07\/01_PPM_01_SideB.jpg?resize=80%2C80&amp;ssl=1 80w, https:\/\/i0.wp.com\/beatles-shootouts.de\/wp-content\/uploads\/2022\/07\/01_PPM_01_SideB.jpg?resize=320%2C320&amp;ssl=1 320w, https:\/\/i0.wp.com\/beatles-shootouts.de\/wp-content\/uploads\/2022\/07\/01_PPM_01_SideB.jpg?w=1000&amp;ssl=1 1000w\" sizes=\"auto, (max-width: 300px) 100vw, 300px\" \/><\/a><\/p>\n<p><em>Please Please Me (H\u00f6rZu, 1966)<\/em><\/p>\n<p>&nbsp;<\/p>\n<h3><strong>1965-1970<\/strong><\/h3>\n<p>H\u00f6rZu-V\u00d6s nach <strong>Please Please Me<\/strong> (<strong><a href=\"https:\/\/beatles-shootouts.de\/beatles-german-cuts-list\/1962-1966\/help\/\">Help!<\/a>, <a href=\"https:\/\/beatles-shootouts.de\/beatles-german-cuts-list\/1962-1966\/revolver\/\">Revolver<\/a>, <a href=\"https:\/\/beatles-shootouts.de\/beatles-german-cuts-list\/1967-1970\/sgt-peppers-lonely-hearts-club-band\/\">Sgt. Pepper<\/a><\/strong>) hatten folgendes Format f\u00fcr die Matrixnummern:<\/p>\n<ul>\n<li><strong>SHZE &lt;3-stellige Titelnr&gt;-&lt;Seite&gt;-&lt;Schnittnummer&gt;<\/strong><br \/>\nBeispiel: <strong>SHZE 162-B-1<br \/>\n<\/strong><\/li>\n<\/ul>\n<p>Die Matrixnummern haben den Stil <a href=\"https:\/\/beatles-shootouts.de\/beatles-german-cuts-list\/excursus-emi-electrola-matrix-numbers\/styles-of-matrix-numbers\/#style1\"><em>Weite Gravur<\/em><\/a>.<\/p>\n<p>Anmerkung: Nicht-H\u00f6rZu-Versionen (f\u00fcr die Schweiz oder f\u00fcr ausl\u00e4ndische Streitkr\u00e4fte), hatten zwar kein H\u00f6rZu-Logo auf dem Cover und den Labels, aber trotzdem die SHZE-Matrizen (au\u00dfer <a href=\"https:\/\/beatles-shootouts.de\/beatles-german-cuts-list\/1962-1966\/revolver\/#1\">Revolver<\/a>).<\/p>\n<p><a href=\"https:\/\/i0.wp.com\/beatles-shootouts.de\/wp-content\/uploads\/2022\/07\/05_H_01_SideB.jpg?ssl=1\"><img data-recalc-dims=\"1\" loading=\"lazy\" decoding=\"async\" data-attachment-id=\"366\" data-permalink=\"https:\/\/beatles-shootouts.de\/de\/beatles-german-cuts-list\/1962-1966\/help\/05_h_01_sideb\/\" data-orig-file=\"https:\/\/i0.wp.com\/beatles-shootouts.de\/wp-content\/uploads\/2022\/07\/05_H_01_SideB.jpg?fit=1000%2C1000&amp;ssl=1\" data-orig-size=\"1000,1000\" data-comments-opened=\"1\" data-image-meta=\"{&quot;aperture&quot;:&quot;0&quot;,&quot;credit&quot;:&quot;&quot;,&quot;camera&quot;:&quot;&quot;,&quot;caption&quot;:&quot;&quot;,&quot;created_timestamp&quot;:&quot;0&quot;,&quot;copyright&quot;:&quot;&quot;,&quot;focal_length&quot;:&quot;0&quot;,&quot;iso&quot;:&quot;0&quot;,&quot;shutter_speed&quot;:&quot;0&quot;,&quot;title&quot;:&quot;&quot;,&quot;orientation&quot;:&quot;0&quot;}\" data-image-title=\"05_H_01_SideB\" data-image-description=\"\" data-image-caption=\"\" data-medium-file=\"https:\/\/i0.wp.com\/beatles-shootouts.de\/wp-content\/uploads\/2022\/07\/05_H_01_SideB.jpg?fit=300%2C300&amp;ssl=1\" data-large-file=\"https:\/\/i0.wp.com\/beatles-shootouts.de\/wp-content\/uploads\/2022\/07\/05_H_01_SideB.jpg?fit=1000%2C1000&amp;ssl=1\" class=\"alignnone size-medium wp-image-366\" src=\"https:\/\/i0.wp.com\/beatles-shootouts.de\/wp-content\/uploads\/2022\/07\/05_H_01_SideB.jpg?resize=300%2C300&#038;ssl=1\" alt=\"\" width=\"300\" height=\"300\" srcset=\"https:\/\/i0.wp.com\/beatles-shootouts.de\/wp-content\/uploads\/2022\/07\/05_H_01_SideB.jpg?resize=300%2C300&amp;ssl=1 300w, https:\/\/i0.wp.com\/beatles-shootouts.de\/wp-content\/uploads\/2022\/07\/05_H_01_SideB.jpg?resize=150%2C150&amp;ssl=1 150w, https:\/\/i0.wp.com\/beatles-shootouts.de\/wp-content\/uploads\/2022\/07\/05_H_01_SideB.jpg?resize=768%2C768&amp;ssl=1 768w, https:\/\/i0.wp.com\/beatles-shootouts.de\/wp-content\/uploads\/2022\/07\/05_H_01_SideB.jpg?resize=80%2C80&amp;ssl=1 80w, https:\/\/i0.wp.com\/beatles-shootouts.de\/wp-content\/uploads\/2022\/07\/05_H_01_SideB.jpg?resize=320%2C320&amp;ssl=1 320w, https:\/\/i0.wp.com\/beatles-shootouts.de\/wp-content\/uploads\/2022\/07\/05_H_01_SideB.jpg?w=1000&amp;ssl=1 1000w\" sizes=\"auto, (max-width: 300px) 100vw, 300px\" \/><\/a><\/p>\n<p><em>Help! (H\u00f6rZu, 1973)<\/em><\/p>\n<p>&nbsp;<\/p>\n<h3><strong>(Ende) <\/strong><strong>1970 &#8211; ca. 1979<\/strong><\/h3>\n<p>Die Zusammenarbeit zwischen EMI und H\u00f6rZu endete ca. 1974. Danach wechselten H\u00f6rZu-Titel zun\u00e4chst zu Odeon, und dann zu Apple.<\/p>\n<p>Matrixnummern f\u00fcr neue Schnitte von H\u00f6rZu-Titeln wurden im Stil <a href=\"https:\/\/beatles-shootouts.de\/beatles-german-cuts-list\/excursus-emi-electrola-matrix-numbers\/styles-of-matrix-numbers\/#style3\"><em>Pr\u00e4gung am Label<\/em><\/a> nah am Label ausgef\u00fchrt. Das Format blieb gleich, jedoch verschwand der Bindestrich vor dem Seitenindikator.<\/p>\n<ul>\n<li><strong>SHZE &lt;3-stellige Titelnr&gt; &lt;Seite&gt;-&lt;Schnittnummer&gt;<\/strong><br \/>\nBeispiel: <strong>SHZE 327 A-1<\/strong><\/li>\n<\/ul>\n<p><a href=\"https:\/\/i0.wp.com\/beatles-shootouts.de\/wp-content\/uploads\/2022\/07\/14_MMT_01_SideA.jpg?ssl=1\"><img data-recalc-dims=\"1\" loading=\"lazy\" decoding=\"async\" data-attachment-id=\"157\" data-permalink=\"https:\/\/beatles-shootouts.de\/de\/beatles-german-cuts-list\/excursus-emi-electrola-matrix-numbers\/14_mmt_01_sidea\/\" data-orig-file=\"https:\/\/i0.wp.com\/beatles-shootouts.de\/wp-content\/uploads\/2022\/07\/14_MMT_01_SideA.jpg?fit=1000%2C1000&amp;ssl=1\" data-orig-size=\"1000,1000\" data-comments-opened=\"1\" data-image-meta=\"{&quot;aperture&quot;:&quot;0&quot;,&quot;credit&quot;:&quot;&quot;,&quot;camera&quot;:&quot;&quot;,&quot;caption&quot;:&quot;&quot;,&quot;created_timestamp&quot;:&quot;0&quot;,&quot;copyright&quot;:&quot;&quot;,&quot;focal_length&quot;:&quot;0&quot;,&quot;iso&quot;:&quot;0&quot;,&quot;shutter_speed&quot;:&quot;0&quot;,&quot;title&quot;:&quot;&quot;,&quot;orientation&quot;:&quot;0&quot;}\" data-image-title=\"14_MMT_01_SideA\" data-image-description=\"\" data-image-caption=\"\" data-medium-file=\"https:\/\/i0.wp.com\/beatles-shootouts.de\/wp-content\/uploads\/2022\/07\/14_MMT_01_SideA.jpg?fit=300%2C300&amp;ssl=1\" data-large-file=\"https:\/\/i0.wp.com\/beatles-shootouts.de\/wp-content\/uploads\/2022\/07\/14_MMT_01_SideA.jpg?fit=1000%2C1000&amp;ssl=1\" class=\"alignnone wp-image-157 size-medium\" src=\"https:\/\/i0.wp.com\/beatles-shootouts.de\/wp-content\/uploads\/2022\/07\/14_MMT_01_SideA.jpg?resize=300%2C300&#038;ssl=1\" alt=\"\" width=\"300\" height=\"300\" srcset=\"https:\/\/i0.wp.com\/beatles-shootouts.de\/wp-content\/uploads\/2022\/07\/14_MMT_01_SideA.jpg?resize=300%2C300&amp;ssl=1 300w, https:\/\/i0.wp.com\/beatles-shootouts.de\/wp-content\/uploads\/2022\/07\/14_MMT_01_SideA.jpg?resize=150%2C150&amp;ssl=1 150w, https:\/\/i0.wp.com\/beatles-shootouts.de\/wp-content\/uploads\/2022\/07\/14_MMT_01_SideA.jpg?resize=768%2C768&amp;ssl=1 768w, https:\/\/i0.wp.com\/beatles-shootouts.de\/wp-content\/uploads\/2022\/07\/14_MMT_01_SideA.jpg?resize=80%2C80&amp;ssl=1 80w, https:\/\/i0.wp.com\/beatles-shootouts.de\/wp-content\/uploads\/2022\/07\/14_MMT_01_SideA.jpg?resize=320%2C320&amp;ssl=1 320w, https:\/\/i0.wp.com\/beatles-shootouts.de\/wp-content\/uploads\/2022\/07\/14_MMT_01_SideA.jpg?w=1000&amp;ssl=1 1000w\" sizes=\"auto, (max-width: 300px) 100vw, 300px\" \/><\/a><\/p>\n<p><em><a href=\"https:\/\/beatles-shootouts.de\/beatles-german-cuts-list\/1967-1970\/magical-mystery-tour\/\">Magical Mystery Tour<\/a> (H\u00f6rZu, 1973)<\/em><\/p>\n<p>Sp\u00e4tere Reissues auf Odeon oder Apple hatten nun neue f\u00fcnfstellige <strong>kurze EMI-Nummern<\/strong> zus\u00e4tzlich zu den Originalmatrizen. Diese wurden im Stil <a href=\"https:\/\/beatles-shootouts.de\/beatles-german-cuts-list\/excursus-emi-electrola-matrix-numbers\/styles-of-matrix-numbers\/#style4\"><em>Zus\u00e4tzliche Gravur<\/em><\/a> ausgef\u00fchrt, in der Regel \u00fcber oder unter der Originalmatrixnummer. Vor dem Seitenindikator hatten solche Nummern einen Bindestrich, selbst wenn die originale SHZE-Matrix ihn nicht hatte.<\/p>\n<ul>\n<li><strong>SHZE &lt;3-stellige Titelnr&gt; &lt;Seite&gt;-&lt;Schnittnummer&gt;\u00a0 \u00a0 \u00a0 &lt;5-stellige Titelnr&gt;-&lt;Seite&gt;-&lt;Schnittnummer&gt;<\/strong><br \/>\nBeispiel: <strong>SHZE 327 A-1\u00a0 \u00a004449-A-1<\/strong><\/li>\n<\/ul>\n<p><a href=\"https:\/\/i0.wp.com\/beatles-shootouts.de\/wp-content\/uploads\/2022\/07\/14_MMT_02_SideA.jpg?ssl=1\"><img data-recalc-dims=\"1\" loading=\"lazy\" decoding=\"async\" data-attachment-id=\"159\" data-permalink=\"https:\/\/beatles-shootouts.de\/de\/beatles-german-cuts-list\/excursus-emi-electrola-matrix-numbers\/14_mmt_02_sidea\/\" data-orig-file=\"https:\/\/i0.wp.com\/beatles-shootouts.de\/wp-content\/uploads\/2022\/07\/14_MMT_02_SideA.jpg?fit=1000%2C1000&amp;ssl=1\" data-orig-size=\"1000,1000\" data-comments-opened=\"1\" data-image-meta=\"{&quot;aperture&quot;:&quot;0&quot;,&quot;credit&quot;:&quot;&quot;,&quot;camera&quot;:&quot;&quot;,&quot;caption&quot;:&quot;&quot;,&quot;created_timestamp&quot;:&quot;0&quot;,&quot;copyright&quot;:&quot;&quot;,&quot;focal_length&quot;:&quot;0&quot;,&quot;iso&quot;:&quot;0&quot;,&quot;shutter_speed&quot;:&quot;0&quot;,&quot;title&quot;:&quot;&quot;,&quot;orientation&quot;:&quot;0&quot;}\" data-image-title=\"14_MMT_02_SideA\" data-image-description=\"\" data-image-caption=\"\" data-medium-file=\"https:\/\/i0.wp.com\/beatles-shootouts.de\/wp-content\/uploads\/2022\/07\/14_MMT_02_SideA.jpg?fit=300%2C300&amp;ssl=1\" data-large-file=\"https:\/\/i0.wp.com\/beatles-shootouts.de\/wp-content\/uploads\/2022\/07\/14_MMT_02_SideA.jpg?fit=1000%2C1000&amp;ssl=1\" class=\"alignnone wp-image-159 size-medium\" src=\"https:\/\/i0.wp.com\/beatles-shootouts.de\/wp-content\/uploads\/2022\/07\/14_MMT_02_SideA.jpg?resize=300%2C300&#038;ssl=1\" alt=\"\" width=\"300\" height=\"300\" srcset=\"https:\/\/i0.wp.com\/beatles-shootouts.de\/wp-content\/uploads\/2022\/07\/14_MMT_02_SideA.jpg?resize=300%2C300&amp;ssl=1 300w, https:\/\/i0.wp.com\/beatles-shootouts.de\/wp-content\/uploads\/2022\/07\/14_MMT_02_SideA.jpg?resize=150%2C150&amp;ssl=1 150w, https:\/\/i0.wp.com\/beatles-shootouts.de\/wp-content\/uploads\/2022\/07\/14_MMT_02_SideA.jpg?resize=768%2C768&amp;ssl=1 768w, https:\/\/i0.wp.com\/beatles-shootouts.de\/wp-content\/uploads\/2022\/07\/14_MMT_02_SideA.jpg?resize=80%2C80&amp;ssl=1 80w, https:\/\/i0.wp.com\/beatles-shootouts.de\/wp-content\/uploads\/2022\/07\/14_MMT_02_SideA.jpg?resize=320%2C320&amp;ssl=1 320w, https:\/\/i0.wp.com\/beatles-shootouts.de\/wp-content\/uploads\/2022\/07\/14_MMT_02_SideA.jpg?w=1000&amp;ssl=1 1000w\" sizes=\"auto, (max-width: 300px) 100vw, 300px\" \/><\/a><\/p>\n<p><em>Magical Mystery Tour (Apple, 1977)<\/em><\/p>\n<p>Titel, die zuvor auf H\u00f6rZu rausgebracht wurden, aber erst nach dem Wechsel zu Odeon oder Apple neu geschnitten wurden, enthielten auch weiterhin eine SHZE-Matrixnummer; die Schnittnummer wurde hochgez\u00e4hlt. Beide Teile der Matrix wurden nah am Label im Stil <a href=\"https:\/\/beatles-shootouts.de\/beatles-german-cuts-list\/excursus-emi-electrola-matrix-numbers\/styles-of-matrix-numbers\/#style3\"><em>Pr\u00e4gung am Label<\/em><\/a> gepr\u00e4gt. Der Bindestrich vor dem Seitenindikator entfiel. Beispiele: <strong>Help!<\/strong> und <strong>Sgt. Pepper <\/strong>aus den sp\u00e4ten 70ern, beide auf Apple.<\/p>\n<ul>\n<li><strong>SHZE &lt;3-stellige Titelnr&gt; &lt;Seite&gt;-&lt;Schnittnr&gt;\u00a0 &lt;5-stellige Titelnr&gt; &lt;Seite&gt;-&lt;Schnittnr&gt;<\/strong><br \/>\nBeispiel: <strong>SHZE 16X2 B-3\u00a0 \u00a0 04257 B-3<\/strong><\/li>\n<\/ul>\n<p><a href=\"https:\/\/i0.wp.com\/beatles-shootouts.de\/wp-content\/uploads\/2022\/07\/05_H_03_SideB21.jpg?ssl=1\"><img data-recalc-dims=\"1\" loading=\"lazy\" decoding=\"async\" data-attachment-id=\"431\" data-permalink=\"https:\/\/beatles-shootouts.de\/de\/beatles-german-cuts-list\/1962-1966\/help\/05_h_03_sideb21\/\" data-orig-file=\"https:\/\/i0.wp.com\/beatles-shootouts.de\/wp-content\/uploads\/2022\/07\/05_H_03_SideB21.jpg?fit=1000%2C1000&amp;ssl=1\" data-orig-size=\"1000,1000\" data-comments-opened=\"1\" data-image-meta=\"{&quot;aperture&quot;:&quot;0&quot;,&quot;credit&quot;:&quot;&quot;,&quot;camera&quot;:&quot;&quot;,&quot;caption&quot;:&quot;&quot;,&quot;created_timestamp&quot;:&quot;0&quot;,&quot;copyright&quot;:&quot;&quot;,&quot;focal_length&quot;:&quot;0&quot;,&quot;iso&quot;:&quot;0&quot;,&quot;shutter_speed&quot;:&quot;0&quot;,&quot;title&quot;:&quot;&quot;,&quot;orientation&quot;:&quot;0&quot;}\" data-image-title=\"05_H_03_SideB21\" data-image-description=\"\" data-image-caption=\"\" data-medium-file=\"https:\/\/i0.wp.com\/beatles-shootouts.de\/wp-content\/uploads\/2022\/07\/05_H_03_SideB21.jpg?fit=300%2C300&amp;ssl=1\" data-large-file=\"https:\/\/i0.wp.com\/beatles-shootouts.de\/wp-content\/uploads\/2022\/07\/05_H_03_SideB21.jpg?fit=1000%2C1000&amp;ssl=1\" class=\"alignnone size-medium wp-image-431\" src=\"https:\/\/i0.wp.com\/beatles-shootouts.de\/wp-content\/uploads\/2022\/07\/05_H_03_SideB21.jpg?resize=300%2C300&#038;ssl=1\" alt=\"\" width=\"300\" height=\"300\" srcset=\"https:\/\/i0.wp.com\/beatles-shootouts.de\/wp-content\/uploads\/2022\/07\/05_H_03_SideB21.jpg?resize=300%2C300&amp;ssl=1 300w, https:\/\/i0.wp.com\/beatles-shootouts.de\/wp-content\/uploads\/2022\/07\/05_H_03_SideB21.jpg?resize=150%2C150&amp;ssl=1 150w, https:\/\/i0.wp.com\/beatles-shootouts.de\/wp-content\/uploads\/2022\/07\/05_H_03_SideB21.jpg?resize=768%2C768&amp;ssl=1 768w, https:\/\/i0.wp.com\/beatles-shootouts.de\/wp-content\/uploads\/2022\/07\/05_H_03_SideB21.jpg?resize=80%2C80&amp;ssl=1 80w, https:\/\/i0.wp.com\/beatles-shootouts.de\/wp-content\/uploads\/2022\/07\/05_H_03_SideB21.jpg?resize=320%2C320&amp;ssl=1 320w, https:\/\/i0.wp.com\/beatles-shootouts.de\/wp-content\/uploads\/2022\/07\/05_H_03_SideB21.jpg?w=1000&amp;ssl=1 1000w\" sizes=\"auto, (max-width: 300px) 100vw, 300px\" \/><\/a> <a href=\"https:\/\/i0.wp.com\/beatles-shootouts.de\/wp-content\/uploads\/2022\/07\/05_H_03_SideB22.jpg?ssl=1\"><img data-recalc-dims=\"1\" loading=\"lazy\" decoding=\"async\" data-attachment-id=\"432\" data-permalink=\"https:\/\/beatles-shootouts.de\/de\/beatles-german-cuts-list\/1962-1966\/help\/05_h_03_sideb22\/\" data-orig-file=\"https:\/\/i0.wp.com\/beatles-shootouts.de\/wp-content\/uploads\/2022\/07\/05_H_03_SideB22.jpg?fit=1000%2C1000&amp;ssl=1\" data-orig-size=\"1000,1000\" data-comments-opened=\"1\" data-image-meta=\"{&quot;aperture&quot;:&quot;0&quot;,&quot;credit&quot;:&quot;&quot;,&quot;camera&quot;:&quot;&quot;,&quot;caption&quot;:&quot;&quot;,&quot;created_timestamp&quot;:&quot;0&quot;,&quot;copyright&quot;:&quot;&quot;,&quot;focal_length&quot;:&quot;0&quot;,&quot;iso&quot;:&quot;0&quot;,&quot;shutter_speed&quot;:&quot;0&quot;,&quot;title&quot;:&quot;&quot;,&quot;orientation&quot;:&quot;0&quot;}\" data-image-title=\"05_H_03_SideB22\" data-image-description=\"\" data-image-caption=\"\" data-medium-file=\"https:\/\/i0.wp.com\/beatles-shootouts.de\/wp-content\/uploads\/2022\/07\/05_H_03_SideB22.jpg?fit=300%2C300&amp;ssl=1\" data-large-file=\"https:\/\/i0.wp.com\/beatles-shootouts.de\/wp-content\/uploads\/2022\/07\/05_H_03_SideB22.jpg?fit=1000%2C1000&amp;ssl=1\" class=\"alignnone size-medium wp-image-432\" src=\"https:\/\/i0.wp.com\/beatles-shootouts.de\/wp-content\/uploads\/2022\/07\/05_H_03_SideB22.jpg?resize=300%2C300&#038;ssl=1\" alt=\"\" width=\"300\" height=\"300\" srcset=\"https:\/\/i0.wp.com\/beatles-shootouts.de\/wp-content\/uploads\/2022\/07\/05_H_03_SideB22.jpg?resize=300%2C300&amp;ssl=1 300w, https:\/\/i0.wp.com\/beatles-shootouts.de\/wp-content\/uploads\/2022\/07\/05_H_03_SideB22.jpg?resize=150%2C150&amp;ssl=1 150w, https:\/\/i0.wp.com\/beatles-shootouts.de\/wp-content\/uploads\/2022\/07\/05_H_03_SideB22.jpg?resize=768%2C768&amp;ssl=1 768w, https:\/\/i0.wp.com\/beatles-shootouts.de\/wp-content\/uploads\/2022\/07\/05_H_03_SideB22.jpg?resize=80%2C80&amp;ssl=1 80w, https:\/\/i0.wp.com\/beatles-shootouts.de\/wp-content\/uploads\/2022\/07\/05_H_03_SideB22.jpg?resize=320%2C320&amp;ssl=1 320w, https:\/\/i0.wp.com\/beatles-shootouts.de\/wp-content\/uploads\/2022\/07\/05_H_03_SideB22.jpg?w=1000&amp;ssl=1 1000w\" sizes=\"auto, (max-width: 300px) 100vw, 300px\" \/><\/a><\/p>\n<p><em>Help (Apple, late 70s)<\/em><\/p>\n<p>&nbsp;<\/p>\n<h3><strong>Nach 1979<\/strong><\/h3>\n<p>SHZE-Matrixnummern wurden abgeschafft.","protected":false},"excerpt":{"rendered":"<p>&#46;&#46;&#46;<\/p>\n","protected":false},"author":1,"featured_media":0,"parent":131,"menu_order":1,"comment_status":"closed","ping_status":"closed","template":"","meta":{"footnotes":""},"class_list":["post-658","page","type-page","status-publish","hentry"],"jetpack_sharing_enabled":true,"_links":{"self":[{"href":"https:\/\/beatles-shootouts.de\/de\/wp-json\/wp\/v2\/pages\/658","targetHints":{"allow":["GET"]}}],"collection":[{"href":"https:\/\/beatles-shootouts.de\/de\/wp-json\/wp\/v2\/pages"}],"about":[{"href":"https:\/\/beatles-shootouts.de\/de\/wp-json\/wp\/v2\/types\/page"}],"author":[{"embeddable":true,"href":"https:\/\/beatles-shootouts.de\/de\/wp-json\/wp\/v2\/users\/1"}],"replies":[{"embeddable":true,"href":"https:\/\/beatles-shootouts.de\/de\/wp-json\/wp\/v2\/comments?post=658"}],"version-history":[{"count":7,"href":"https:\/\/beatles-shootouts.de\/de\/wp-json\/wp\/v2\/pages\/658\/revisions"}],"predecessor-version":[{"id":916,"href":"https:\/\/beatles-shootouts.de\/de\/wp-json\/wp\/v2\/pages\/658\/revisions\/916"}],"up":[{"embeddable":true,"href":"https:\/\/beatles-shootouts.de\/de\/wp-json\/wp\/v2\/pages\/131"}],"wp:attachment":[{"href":"https:\/\/beatles-shootouts.de\/de\/wp-json\/wp\/v2\/media?parent=658"}],"curies":[{"name":"wp","href":"https:\/\/api.w.org\/{rel}","templated":true}]}}