{"id":671,"date":"2022-08-12T11:32:08","date_gmt":"2022-08-12T11:32:08","guid":{"rendered":"https:\/\/beatles-shootouts.de\/?page_id=671"},"modified":"2024-10-18T11:16:04","modified_gmt":"2024-10-18T11:16:04","slug":"apple-releases","status":"publish","type":"page","link":"https:\/\/beatles-shootouts.de\/de\/beatles-german-cuts-list\/excursus-emi-electrola-matrix-numbers\/apple-releases\/","title":{"rendered":"Apple-Releases"},"content":{"rendered":"<h3><strong>1968-1969<\/strong><\/h3>\n<p>Auf dem Apple-Label sind in dieser Zeit zwei LPs erschienen: <a href=\"https:\/\/beatles-shootouts.de\/beatles-german-cuts-list\/1967-1970\/the-beatles-white-album\/\"><strong>The Beatles<\/strong><\/a> alias The White Album, sowie <a href=\"https:\/\/beatles-shootouts.de\/beatles-german-cuts-list\/1967-1970\/yellow-submarine\/\"><strong>Yellow Submarine<\/strong><\/a>. F\u00fcr die Matrixnummern wurde dieselbe Nomenklatur verwendet, wie beim Odeon-Label. Genau wie bei <a href=\"https:\/\/beatles-shootouts.de\/beatles-german-cuts-list\/excursus-emi-electrola-matrix-numbers\/odeon-releases\/\">Odeon<\/a> wurde die Platte lokal bei Electrola geschnitten, die UK-Matrixnummern wurden blo\u00df wiederverwendet. Die Matrixnummern wurden im <em><a href=\"https:\/\/beatles-shootouts.de\/beatles-german-cuts-list\/excursus-emi-electrola-matrix-numbers\/styles-of-matrix-numbers\/#style2\">Enge Gravur<\/a><\/em>-Stil gehalten.<\/p>\n<ul>\n<li><strong>YEX &lt;3-stellige UK-Titelnr&gt;-&lt;Schnittnr&gt;<\/strong><br \/>\nBeispiel: <strong>YEX 709-1<\/strong><\/li>\n<\/ul>\n<p><a href=\"https:\/\/i0.wp.com\/beatles-shootouts.de\/wp-content\/uploads\/2022\/08\/09_WA_01_SideD1.jpg?ssl=1\"><img data-recalc-dims=\"1\" loading=\"lazy\" decoding=\"async\" data-attachment-id=\"526\" data-permalink=\"https:\/\/beatles-shootouts.de\/de\/beatles-german-cuts-list\/1967-1970\/the-beatles-white-album\/09_wa_01_sided1\/\" data-orig-file=\"https:\/\/i0.wp.com\/beatles-shootouts.de\/wp-content\/uploads\/2022\/08\/09_WA_01_SideD1.jpg?fit=1000%2C1000&amp;ssl=1\" data-orig-size=\"1000,1000\" data-comments-opened=\"1\" data-image-meta=\"{&quot;aperture&quot;:&quot;0&quot;,&quot;credit&quot;:&quot;&quot;,&quot;camera&quot;:&quot;&quot;,&quot;caption&quot;:&quot;&quot;,&quot;created_timestamp&quot;:&quot;0&quot;,&quot;copyright&quot;:&quot;&quot;,&quot;focal_length&quot;:&quot;0&quot;,&quot;iso&quot;:&quot;0&quot;,&quot;shutter_speed&quot;:&quot;0&quot;,&quot;title&quot;:&quot;&quot;,&quot;orientation&quot;:&quot;0&quot;}\" data-image-title=\"09_WA_01_SideD1\" data-image-description=\"\" data-image-caption=\"\" data-medium-file=\"https:\/\/i0.wp.com\/beatles-shootouts.de\/wp-content\/uploads\/2022\/08\/09_WA_01_SideD1.jpg?fit=300%2C300&amp;ssl=1\" data-large-file=\"https:\/\/i0.wp.com\/beatles-shootouts.de\/wp-content\/uploads\/2022\/08\/09_WA_01_SideD1.jpg?fit=1000%2C1000&amp;ssl=1\" class=\"alignnone size-medium wp-image-526\" src=\"https:\/\/i0.wp.com\/beatles-shootouts.de\/wp-content\/uploads\/2022\/08\/09_WA_01_SideD1.jpg?resize=300%2C300&#038;ssl=1\" alt=\"\" width=\"300\" height=\"300\" srcset=\"https:\/\/i0.wp.com\/beatles-shootouts.de\/wp-content\/uploads\/2022\/08\/09_WA_01_SideD1.jpg?resize=300%2C300&amp;ssl=1 300w, https:\/\/i0.wp.com\/beatles-shootouts.de\/wp-content\/uploads\/2022\/08\/09_WA_01_SideD1.jpg?resize=150%2C150&amp;ssl=1 150w, https:\/\/i0.wp.com\/beatles-shootouts.de\/wp-content\/uploads\/2022\/08\/09_WA_01_SideD1.jpg?resize=768%2C768&amp;ssl=1 768w, https:\/\/i0.wp.com\/beatles-shootouts.de\/wp-content\/uploads\/2022\/08\/09_WA_01_SideD1.jpg?resize=80%2C80&amp;ssl=1 80w, https:\/\/i0.wp.com\/beatles-shootouts.de\/wp-content\/uploads\/2022\/08\/09_WA_01_SideD1.jpg?resize=320%2C320&amp;ssl=1 320w, https:\/\/i0.wp.com\/beatles-shootouts.de\/wp-content\/uploads\/2022\/08\/09_WA_01_SideD1.jpg?w=1000&amp;ssl=1 1000w\" sizes=\"auto, (max-width: 300px) 100vw, 300px\" \/><\/a><\/p>\n<p><em>The Beatles (Apple), 1968<\/em><\/p>\n<p>&nbsp;<\/p>\n<h3><strong>1969<\/strong><\/h3>\n<p>Im Laufe des Jahres 1969 stellte Electrola die Titelnummern auf das neue, EWG-weit g\u00fcltige, f\u00fcnfstellige Format von EMI um. Die kompletten Katalognummern f\u00fcr alle EMI Electrola-Platten hatten nun folgendes Format, welches wir die <strong>lange EMI-Nummer<\/strong> nennen:<\/p>\n<ul>\n<li>&lt;2-stelliger L\u00e4ndercode&gt; &lt;3-stelliger Preiscode&gt; &lt;5-stellige Titelnummer&gt;<br \/>\nBeispiel: 1C 062 04177<\/li>\n<\/ul>\n<p>Das f\u00fchrte zu einem Redesign der Matrixnummern f\u00fcr neue und wiederver\u00f6ffentlichte Beatles-Platten. Die Matrixnummern wurden im <em><a href=\"https:\/\/beatles-shootouts.de\/beatles-german-cuts-list\/excursus-emi-electrola-matrix-numbers\/styles-of-matrix-numbers\/#style2\">Enge Gravur<\/a><\/em>-Stil gehalten. Zudem wurde ein neues Format f\u00fcr die Matrixnummern erarbeitet:<\/p>\n<ul>\n<li><strong>&lt;2-stelliger L\u00e4ndercode&gt;&lt;3-stelliger Preiscode&gt;-&lt;5-stellige Titelnr&gt;-&lt;Seite&gt;-&lt;Schnittnummer&gt;<\/strong><br \/>\nBeispiel: <strong>1C062-04243-A-1<\/strong><\/li>\n<\/ul>\n<p>Manchmal wurde der L\u00e4ndercode ausgelassen, was zu folgendem Format f\u00fchrte:<\/p>\n<ul>\n<li><strong>&lt;3-stelliger Preiscode&gt;-&lt;5-stellige Titelnr&gt;-&lt;Seite&gt;-&lt;Schnittnummer&gt;<\/strong><br \/>\nBeispiel: <strong>192-04174-A-1<\/strong><\/li>\n<\/ul>\n<p>Die neuen Nummern haben die existierenden YEX-Nummern entweder ersetzt (Yellow Submarine), oder wurden zus\u00e4tzlich dazu angebracht (The Beatles).<\/p>\n<p><a href=\"https:\/\/i0.wp.com\/beatles-shootouts.de\/wp-content\/uploads\/2022\/08\/11_AR_01_SideA.jpg?ssl=1\"><img data-recalc-dims=\"1\" loading=\"lazy\" decoding=\"async\" data-attachment-id=\"595\" data-permalink=\"https:\/\/beatles-shootouts.de\/de\/beatles-german-cuts-list\/1967-1970\/abbey-road\/11_ar_01_sidea\/\" data-orig-file=\"https:\/\/i0.wp.com\/beatles-shootouts.de\/wp-content\/uploads\/2022\/08\/11_AR_01_SideA.jpg?fit=1000%2C1000&amp;ssl=1\" data-orig-size=\"1000,1000\" data-comments-opened=\"1\" data-image-meta=\"{&quot;aperture&quot;:&quot;0&quot;,&quot;credit&quot;:&quot;&quot;,&quot;camera&quot;:&quot;&quot;,&quot;caption&quot;:&quot;&quot;,&quot;created_timestamp&quot;:&quot;0&quot;,&quot;copyright&quot;:&quot;&quot;,&quot;focal_length&quot;:&quot;0&quot;,&quot;iso&quot;:&quot;0&quot;,&quot;shutter_speed&quot;:&quot;0&quot;,&quot;title&quot;:&quot;&quot;,&quot;orientation&quot;:&quot;0&quot;}\" data-image-title=\"11_AR_01_SideA\" data-image-description=\"\" data-image-caption=\"\" data-medium-file=\"https:\/\/i0.wp.com\/beatles-shootouts.de\/wp-content\/uploads\/2022\/08\/11_AR_01_SideA.jpg?fit=300%2C300&amp;ssl=1\" data-large-file=\"https:\/\/i0.wp.com\/beatles-shootouts.de\/wp-content\/uploads\/2022\/08\/11_AR_01_SideA.jpg?fit=1000%2C1000&amp;ssl=1\" class=\"alignnone size-medium wp-image-595\" src=\"https:\/\/i0.wp.com\/beatles-shootouts.de\/wp-content\/uploads\/2022\/08\/11_AR_01_SideA.jpg?resize=300%2C300&#038;ssl=1\" alt=\"\" width=\"300\" height=\"300\" srcset=\"https:\/\/i0.wp.com\/beatles-shootouts.de\/wp-content\/uploads\/2022\/08\/11_AR_01_SideA.jpg?resize=300%2C300&amp;ssl=1 300w, https:\/\/i0.wp.com\/beatles-shootouts.de\/wp-content\/uploads\/2022\/08\/11_AR_01_SideA.jpg?resize=150%2C150&amp;ssl=1 150w, https:\/\/i0.wp.com\/beatles-shootouts.de\/wp-content\/uploads\/2022\/08\/11_AR_01_SideA.jpg?resize=768%2C768&amp;ssl=1 768w, https:\/\/i0.wp.com\/beatles-shootouts.de\/wp-content\/uploads\/2022\/08\/11_AR_01_SideA.jpg?resize=80%2C80&amp;ssl=1 80w, https:\/\/i0.wp.com\/beatles-shootouts.de\/wp-content\/uploads\/2022\/08\/11_AR_01_SideA.jpg?resize=320%2C320&amp;ssl=1 320w, https:\/\/i0.wp.com\/beatles-shootouts.de\/wp-content\/uploads\/2022\/08\/11_AR_01_SideA.jpg?w=1000&amp;ssl=1 1000w\" sizes=\"auto, (max-width: 300px) 100vw, 300px\" \/><\/a><\/p>\n<p><em><a href=\"https:\/\/beatles-shootouts.de\/beatles-german-cuts-list\/1967-1970\/abbey-road\/\">Abbey Road<\/a> (Apple), 1973<\/em><\/p>\n<p>&nbsp;<\/p>\n<h3><strong>(Ende) 1970 &#8211; ca. 1979<\/strong><\/h3>\n<p>Im Jahre 1970 hat Electrola eine deutliche \u00c4nderung im \u00e4u\u00dferen Erscheinungsbild der Matrixnummern durchgef\u00fchrt. Nun wurden sie sehr nahe am Label gepr\u00e4gt. Der Stil der Matrixnummer wechselte zu <a href=\"https:\/\/beatles-shootouts.de\/beatles-german-cuts-list\/excursus-emi-electrola-matrix-numbers\/styles-of-matrix-numbers\/#style3\"><em>Pr\u00e4gung am Label<\/em><\/a>.<\/p>\n<p>Das Format \u00e4nderte sich abermals. Die Matrixnummern enthielten nun nur noch die 5-stellige unifizierte Titelnummer, manchmal mit einer Leerstelle nach den ersten beiden Ziffern. Diese nennen wir die <strong>kurze EMI-Nummer<\/strong>.<\/p>\n<ul>\n<li><strong>&lt;5-stellige Titelnummer&gt; &lt;Seite&gt;-&lt;Schnittnummer&gt;<\/strong><br \/>\nBeispiel: <strong>04 173 A-1<\/strong><\/li>\n<\/ul>\n<p><a href=\"https:\/\/i0.wp.com\/beatles-shootouts.de\/wp-content\/uploads\/2022\/08\/09_WA_04_SideA1.jpg?ssl=1\"><img data-recalc-dims=\"1\" loading=\"lazy\" decoding=\"async\" data-attachment-id=\"545\" data-permalink=\"https:\/\/beatles-shootouts.de\/de\/beatles-german-cuts-list\/1967-1970\/the-beatles-white-album\/09_wa_04_sidea1\/\" data-orig-file=\"https:\/\/i0.wp.com\/beatles-shootouts.de\/wp-content\/uploads\/2022\/08\/09_WA_04_SideA1.jpg?fit=1000%2C1000&amp;ssl=1\" data-orig-size=\"1000,1000\" data-comments-opened=\"1\" data-image-meta=\"{&quot;aperture&quot;:&quot;0&quot;,&quot;credit&quot;:&quot;&quot;,&quot;camera&quot;:&quot;&quot;,&quot;caption&quot;:&quot;&quot;,&quot;created_timestamp&quot;:&quot;0&quot;,&quot;copyright&quot;:&quot;&quot;,&quot;focal_length&quot;:&quot;0&quot;,&quot;iso&quot;:&quot;0&quot;,&quot;shutter_speed&quot;:&quot;0&quot;,&quot;title&quot;:&quot;&quot;,&quot;orientation&quot;:&quot;0&quot;}\" data-image-title=\"09_WA_04_SideA1\" data-image-description=\"\" data-image-caption=\"\" data-medium-file=\"https:\/\/i0.wp.com\/beatles-shootouts.de\/wp-content\/uploads\/2022\/08\/09_WA_04_SideA1.jpg?fit=300%2C300&amp;ssl=1\" data-large-file=\"https:\/\/i0.wp.com\/beatles-shootouts.de\/wp-content\/uploads\/2022\/08\/09_WA_04_SideA1.jpg?fit=1000%2C1000&amp;ssl=1\" class=\"alignnone size-medium wp-image-545\" src=\"https:\/\/i0.wp.com\/beatles-shootouts.de\/wp-content\/uploads\/2022\/08\/09_WA_04_SideA1.jpg?resize=300%2C300&#038;ssl=1\" alt=\"\" width=\"300\" height=\"300\" srcset=\"https:\/\/i0.wp.com\/beatles-shootouts.de\/wp-content\/uploads\/2022\/08\/09_WA_04_SideA1.jpg?resize=300%2C300&amp;ssl=1 300w, https:\/\/i0.wp.com\/beatles-shootouts.de\/wp-content\/uploads\/2022\/08\/09_WA_04_SideA1.jpg?resize=150%2C150&amp;ssl=1 150w, https:\/\/i0.wp.com\/beatles-shootouts.de\/wp-content\/uploads\/2022\/08\/09_WA_04_SideA1.jpg?resize=768%2C768&amp;ssl=1 768w, https:\/\/i0.wp.com\/beatles-shootouts.de\/wp-content\/uploads\/2022\/08\/09_WA_04_SideA1.jpg?resize=80%2C80&amp;ssl=1 80w, https:\/\/i0.wp.com\/beatles-shootouts.de\/wp-content\/uploads\/2022\/08\/09_WA_04_SideA1.jpg?resize=320%2C320&amp;ssl=1 320w, https:\/\/i0.wp.com\/beatles-shootouts.de\/wp-content\/uploads\/2022\/08\/09_WA_04_SideA1.jpg?w=1000&amp;ssl=1 1000w\" sizes=\"auto, (max-width: 300px) 100vw, 300px\" \/><\/a><\/p>\n<p><em>The Beatles (Apple), 1977<\/em><\/p>\n<p>Neue Schnitte von Apple-Titeln (wie <strong>The Beatles<\/strong>) hatten diese neuen Matrixnummern. Wiederauflagen von alten Apple-Represses of already existing earlier Apple cuts kept their previous matrices (except for former H\u00f6rZu titles, see <a href=\"https:\/\/beatles-shootouts.de\/beatles-german-cuts-list\/excursus-emi-electrola-matrix-numbers\/horzu-releases\/\">H\u00f6rZu Releases<\/a>). Eine bemerkenswerte Ausnahme ist <strong>The Beatles<\/strong> (Reissue von 1973), die keinem klaren System der Matrixbenennung folgt.<\/p>\n<p>&nbsp;<\/p>\n<h3><strong>1980-1985<\/strong><\/h3>\n<p>Gegen 1980 wurde das Design und das Format der Matrixnummern wieder \u00fcberarbeitet. Die Matrixnummern wurden nun im Stil <a href=\"https:\/\/beatles-shootouts.de\/beatles-german-cuts-list\/excursus-emi-electrola-matrix-numbers\/styles-of-matrix-numbers\/#style5\"><em>Saubere Tiefpr\u00e4gung<\/em><\/a> gehalten, wieder in der Auslaufrille. Der Bindestrich zwischen dem Seitenindikator und der Schnittnummer wurde entfernt, daf\u00fcr aber zwischen der <strong>kurzen EMI-Nummer<\/strong> und dem Seitenindikator hinzugef\u00fcgt.<\/p>\n<p>Die Schnittnummern wurden wieder bei 1 angefangen, wodurch alle vorherigen Schnitte der 60er und 70er verworfen wurden.<\/p>\n<ul>\n<li><strong>&lt;5-stellige Titelnr&gt;-&lt;Seite&gt;&lt;Schnittnr&gt;&lt;Optionaler DMM-Suffix&gt;<\/strong><br \/>\nBeispiel: <strong>04173-A2<\/strong><\/li>\n<\/ul>\n<p>Dies war auch das Format f\u00fcr die meisten unmarkierten DMM-Schnitte, die ab 1984 bei Electrola angefertigt wurden. Offiziell markierte DMM-Schnitte haben einen Suffix &#8222;+\/\/D&#8220; (<strong>The Beatles, 1962-1966, 1967-1970<\/strong> &#8211; obwohl sie bei Teldec und nicht bei Electrola gepresst wurden). <strong>Magical Mystery Tour<\/strong> war zwar nicht-markiertes DMM, besa\u00df aber den Suffix &#8222;+C&#8220;.<\/p>\n<p><a href=\"https:\/\/i0.wp.com\/beatles-shootouts.de\/wp-content\/uploads\/2022\/08\/09_WA_05_SideA.jpg?ssl=1\"><img data-recalc-dims=\"1\" loading=\"lazy\" decoding=\"async\" data-attachment-id=\"550\" data-permalink=\"https:\/\/beatles-shootouts.de\/de\/beatles-german-cuts-list\/1967-1970\/the-beatles-white-album\/09_wa_05_sidea\/\" data-orig-file=\"https:\/\/i0.wp.com\/beatles-shootouts.de\/wp-content\/uploads\/2022\/08\/09_WA_05_SideA.jpg?fit=1000%2C1000&amp;ssl=1\" data-orig-size=\"1000,1000\" data-comments-opened=\"1\" data-image-meta=\"{&quot;aperture&quot;:&quot;0&quot;,&quot;credit&quot;:&quot;&quot;,&quot;camera&quot;:&quot;&quot;,&quot;caption&quot;:&quot;&quot;,&quot;created_timestamp&quot;:&quot;0&quot;,&quot;copyright&quot;:&quot;&quot;,&quot;focal_length&quot;:&quot;0&quot;,&quot;iso&quot;:&quot;0&quot;,&quot;shutter_speed&quot;:&quot;0&quot;,&quot;title&quot;:&quot;&quot;,&quot;orientation&quot;:&quot;0&quot;}\" data-image-title=\"09_WA_05_SideA\" data-image-description=\"\" data-image-caption=\"\" data-medium-file=\"https:\/\/i0.wp.com\/beatles-shootouts.de\/wp-content\/uploads\/2022\/08\/09_WA_05_SideA.jpg?fit=300%2C300&amp;ssl=1\" data-large-file=\"https:\/\/i0.wp.com\/beatles-shootouts.de\/wp-content\/uploads\/2022\/08\/09_WA_05_SideA.jpg?fit=1000%2C1000&amp;ssl=1\" class=\"alignnone size-medium wp-image-550\" src=\"https:\/\/i0.wp.com\/beatles-shootouts.de\/wp-content\/uploads\/2022\/08\/09_WA_05_SideA.jpg?resize=300%2C300&#038;ssl=1\" alt=\"\" width=\"300\" height=\"300\" srcset=\"https:\/\/i0.wp.com\/beatles-shootouts.de\/wp-content\/uploads\/2022\/08\/09_WA_05_SideA.jpg?resize=300%2C300&amp;ssl=1 300w, https:\/\/i0.wp.com\/beatles-shootouts.de\/wp-content\/uploads\/2022\/08\/09_WA_05_SideA.jpg?resize=150%2C150&amp;ssl=1 150w, https:\/\/i0.wp.com\/beatles-shootouts.de\/wp-content\/uploads\/2022\/08\/09_WA_05_SideA.jpg?resize=768%2C768&amp;ssl=1 768w, https:\/\/i0.wp.com\/beatles-shootouts.de\/wp-content\/uploads\/2022\/08\/09_WA_05_SideA.jpg?resize=80%2C80&amp;ssl=1 80w, https:\/\/i0.wp.com\/beatles-shootouts.de\/wp-content\/uploads\/2022\/08\/09_WA_05_SideA.jpg?resize=320%2C320&amp;ssl=1 320w, https:\/\/i0.wp.com\/beatles-shootouts.de\/wp-content\/uploads\/2022\/08\/09_WA_05_SideA.jpg?w=1000&amp;ssl=1 1000w\" sizes=\"auto, (max-width: 300px) 100vw, 300px\" \/><\/a> <a href=\"https:\/\/i0.wp.com\/beatles-shootouts.de\/wp-content\/uploads\/2022\/08\/09_WA_06_SideA.jpg?ssl=1\"><img data-recalc-dims=\"1\" loading=\"lazy\" decoding=\"async\" data-attachment-id=\"559\" data-permalink=\"https:\/\/beatles-shootouts.de\/de\/beatles-german-cuts-list\/1967-1970\/the-beatles-white-album\/09_wa_06_sidea\/\" data-orig-file=\"https:\/\/i0.wp.com\/beatles-shootouts.de\/wp-content\/uploads\/2022\/08\/09_WA_06_SideA.jpg?fit=1000%2C1000&amp;ssl=1\" data-orig-size=\"1000,1000\" data-comments-opened=\"1\" data-image-meta=\"{&quot;aperture&quot;:&quot;0&quot;,&quot;credit&quot;:&quot;&quot;,&quot;camera&quot;:&quot;&quot;,&quot;caption&quot;:&quot;&quot;,&quot;created_timestamp&quot;:&quot;0&quot;,&quot;copyright&quot;:&quot;&quot;,&quot;focal_length&quot;:&quot;0&quot;,&quot;iso&quot;:&quot;0&quot;,&quot;shutter_speed&quot;:&quot;0&quot;,&quot;title&quot;:&quot;&quot;,&quot;orientation&quot;:&quot;0&quot;}\" data-image-title=\"09_WA_06_SideA\" data-image-description=\"\" data-image-caption=\"\" data-medium-file=\"https:\/\/i0.wp.com\/beatles-shootouts.de\/wp-content\/uploads\/2022\/08\/09_WA_06_SideA.jpg?fit=300%2C300&amp;ssl=1\" data-large-file=\"https:\/\/i0.wp.com\/beatles-shootouts.de\/wp-content\/uploads\/2022\/08\/09_WA_06_SideA.jpg?fit=1000%2C1000&amp;ssl=1\" class=\"alignnone size-medium wp-image-559\" src=\"https:\/\/i0.wp.com\/beatles-shootouts.de\/wp-content\/uploads\/2022\/08\/09_WA_06_SideA.jpg?resize=300%2C300&#038;ssl=1\" alt=\"\" width=\"300\" height=\"300\" srcset=\"https:\/\/i0.wp.com\/beatles-shootouts.de\/wp-content\/uploads\/2022\/08\/09_WA_06_SideA.jpg?resize=300%2C300&amp;ssl=1 300w, https:\/\/i0.wp.com\/beatles-shootouts.de\/wp-content\/uploads\/2022\/08\/09_WA_06_SideA.jpg?resize=150%2C150&amp;ssl=1 150w, https:\/\/i0.wp.com\/beatles-shootouts.de\/wp-content\/uploads\/2022\/08\/09_WA_06_SideA.jpg?resize=768%2C768&amp;ssl=1 768w, https:\/\/i0.wp.com\/beatles-shootouts.de\/wp-content\/uploads\/2022\/08\/09_WA_06_SideA.jpg?resize=80%2C80&amp;ssl=1 80w, https:\/\/i0.wp.com\/beatles-shootouts.de\/wp-content\/uploads\/2022\/08\/09_WA_06_SideA.jpg?resize=320%2C320&amp;ssl=1 320w, https:\/\/i0.wp.com\/beatles-shootouts.de\/wp-content\/uploads\/2022\/08\/09_WA_06_SideA.jpg?w=1000&amp;ssl=1 1000w\" sizes=\"auto, (max-width: 300px) 100vw, 300px\" \/><\/a><\/p>\n<p><em>The Beatles (Apple), 1984 und 1985<\/em><\/p>\n<p>&nbsp;<\/p>\n<h3><strong>1985 &#8211; ca. 1986<\/strong><\/h3>\n<p>Im Laufe des Jahres 1985, hat EMI Germany die Titelnummerierung ge\u00e4ndert. Die Titelnummer wurde nun 7-stellig statt 5-stellig. Bereits existierende Nummern haben eine 10 davorgesetzt bekommen. Diese \u00c4nderung wurde vorgenommen, um die Titelnummern mit den 13-stelligen EAN-Strichcodes kompatibel zu machen (welche von da an auf der R\u00fcckseite gedruckt wurden).<\/p>\n<ul>\n<li>&lt;2-stelliger L\u00e4ndercode&gt; &lt;3-stelliger Preiscode&gt; &lt;7-stellige Titelnummer&gt;<br \/>\nExample: 1C 064-10 42431<\/li>\n<\/ul>\n<p>Obwohl der Stil bei den Matrizen nicht ver\u00e4ndert wurde, wurde das Format angepasst.<\/p>\n<ul>\n<li><strong>&lt;7-stellige Titelnummer&gt;-&lt;Seite&gt;&lt;Schnittnumber&gt;&lt;Optionaler DMM-Suffix&gt;<\/strong><br \/>\nBeispiel: <strong>1042431-A1<\/strong><\/li>\n<\/ul>\n<p><a href=\"https:\/\/i0.wp.com\/beatles-shootouts.de\/wp-content\/uploads\/2022\/08\/11_AR_02_SideA.jpg?ssl=1\"><img data-recalc-dims=\"1\" loading=\"lazy\" decoding=\"async\" data-attachment-id=\"597\" data-permalink=\"https:\/\/beatles-shootouts.de\/de\/beatles-german-cuts-list\/1967-1970\/abbey-road\/11_ar_02_sidea\/\" data-orig-file=\"https:\/\/i0.wp.com\/beatles-shootouts.de\/wp-content\/uploads\/2022\/08\/11_AR_02_SideA.jpg?fit=1000%2C1000&amp;ssl=1\" data-orig-size=\"1000,1000\" data-comments-opened=\"1\" data-image-meta=\"{&quot;aperture&quot;:&quot;0&quot;,&quot;credit&quot;:&quot;&quot;,&quot;camera&quot;:&quot;&quot;,&quot;caption&quot;:&quot;&quot;,&quot;created_timestamp&quot;:&quot;0&quot;,&quot;copyright&quot;:&quot;&quot;,&quot;focal_length&quot;:&quot;0&quot;,&quot;iso&quot;:&quot;0&quot;,&quot;shutter_speed&quot;:&quot;0&quot;,&quot;title&quot;:&quot;&quot;,&quot;orientation&quot;:&quot;0&quot;}\" data-image-title=\"11_AR_02_SideA\" data-image-description=\"\" data-image-caption=\"\" data-medium-file=\"https:\/\/i0.wp.com\/beatles-shootouts.de\/wp-content\/uploads\/2022\/08\/11_AR_02_SideA.jpg?fit=300%2C300&amp;ssl=1\" data-large-file=\"https:\/\/i0.wp.com\/beatles-shootouts.de\/wp-content\/uploads\/2022\/08\/11_AR_02_SideA.jpg?fit=1000%2C1000&amp;ssl=1\" class=\"alignnone size-medium wp-image-597\" src=\"https:\/\/i0.wp.com\/beatles-shootouts.de\/wp-content\/uploads\/2022\/08\/11_AR_02_SideA.jpg?resize=300%2C300&#038;ssl=1\" alt=\"\" width=\"300\" height=\"300\" srcset=\"https:\/\/i0.wp.com\/beatles-shootouts.de\/wp-content\/uploads\/2022\/08\/11_AR_02_SideA.jpg?resize=300%2C300&amp;ssl=1 300w, https:\/\/i0.wp.com\/beatles-shootouts.de\/wp-content\/uploads\/2022\/08\/11_AR_02_SideA.jpg?resize=150%2C150&amp;ssl=1 150w, https:\/\/i0.wp.com\/beatles-shootouts.de\/wp-content\/uploads\/2022\/08\/11_AR_02_SideA.jpg?resize=768%2C768&amp;ssl=1 768w, https:\/\/i0.wp.com\/beatles-shootouts.de\/wp-content\/uploads\/2022\/08\/11_AR_02_SideA.jpg?resize=80%2C80&amp;ssl=1 80w, https:\/\/i0.wp.com\/beatles-shootouts.de\/wp-content\/uploads\/2022\/08\/11_AR_02_SideA.jpg?resize=320%2C320&amp;ssl=1 320w, https:\/\/i0.wp.com\/beatles-shootouts.de\/wp-content\/uploads\/2022\/08\/11_AR_02_SideA.jpg?w=1000&amp;ssl=1 1000w\" sizes=\"auto, (max-width: 300px) 100vw, 300px\" \/><\/a><\/p>\n<p><em>Abbey Road (Apple), ca. 1985<\/em><\/p>\n<p>Ab ca. 1986 wurde das Apple-Label ausgemustert und durch Parlophone ersetzt.","protected":false},"excerpt":{"rendered":"<p>&#46;&#46;&#46;<\/p>\n","protected":false},"author":1,"featured_media":0,"parent":131,"menu_order":3,"comment_status":"closed","ping_status":"closed","template":"","meta":{"footnotes":""},"class_list":["post-671","page","type-page","status-publish","hentry"],"jetpack_sharing_enabled":true,"_links":{"self":[{"href":"https:\/\/beatles-shootouts.de\/de\/wp-json\/wp\/v2\/pages\/671","targetHints":{"allow":["GET"]}}],"collection":[{"href":"https:\/\/beatles-shootouts.de\/de\/wp-json\/wp\/v2\/pages"}],"about":[{"href":"https:\/\/beatles-shootouts.de\/de\/wp-json\/wp\/v2\/types\/page"}],"author":[{"embeddable":true,"href":"https:\/\/beatles-shootouts.de\/de\/wp-json\/wp\/v2\/users\/1"}],"replies":[{"embeddable":true,"href":"https:\/\/beatles-shootouts.de\/de\/wp-json\/wp\/v2\/comments?post=671"}],"version-history":[{"count":13,"href":"https:\/\/beatles-shootouts.de\/de\/wp-json\/wp\/v2\/pages\/671\/revisions"}],"predecessor-version":[{"id":1059,"href":"https:\/\/beatles-shootouts.de\/de\/wp-json\/wp\/v2\/pages\/671\/revisions\/1059"}],"up":[{"embeddable":true,"href":"https:\/\/beatles-shootouts.de\/de\/wp-json\/wp\/v2\/pages\/131"}],"wp:attachment":[{"href":"https:\/\/beatles-shootouts.de\/de\/wp-json\/wp\/v2\/media?parent=671"}],"curies":[{"name":"wp","href":"https:\/\/api.w.org\/{rel}","templated":true}]}}