{"id":699,"date":"2022-08-24T08:07:12","date_gmt":"2022-08-24T08:07:12","guid":{"rendered":"https:\/\/beatles-shootouts.de\/?page_id=699"},"modified":"2023-01-08T15:57:16","modified_gmt":"2023-01-08T15:57:16","slug":"faq","status":"publish","type":"page","link":"https:\/\/beatles-shootouts.de\/de\/faq\/","title":{"rendered":"FAQ"},"content":{"rendered":"<h2><strong>H\u00e4ufig gestellte Fragen (FAQ)<\/strong><\/h2>\n<p>Dieser Abschnitt bietet Antworten auf h\u00e4ufige Fragen zu den deutschen Beatles-Pressungen.<\/p>\n<p><strong><div class=\"collapseomatic graytrigger\" id=\"id69fb3bf250809\"  tabindex=\"0\" title=\"Was sind die verschiedenen Typen von Matrizen auf deutschen Pressungen?\"    >Was sind die verschiedenen Typen von Matrizen auf deutschen Pressungen?<\/div><div id=\"target-id69fb3bf250809\" class=\"collapseomatic_content graycontents\"><\/strong><\/p>\n<p>F\u00fcr eine einheitliche Terminologie haben wir verschiedene Typen der Matrizen namentlich benannt. Vgl. auch <a href=\"https:\/\/beatles-shootouts.de\/beatles-german-cuts-list\/excursus-emi-electrola-matrix-numbers\/\">EMI Electrola Matrizen im Wandel der Zeit.<\/a><\/p>\n<p><strong>YEX-Matrix<br \/>\n<\/strong>Wird f\u00fcr Odeon- und fr\u00fche Apple-Titel benutzt. Hat den gleichen Syntax wie die originale UK-Matrixnummern.<br \/>\nFormat: YEX &lt;3-stellige Titelnummer&gt;-&lt;Schnittnummer&gt;<br \/>\nBeispiel: YEX 110-1<\/p>\n<p><strong>SHZE-Matrix<br \/>\n<\/strong>Wird f\u00fcr H\u00f6rZu-Titel verwendet.<br \/>\nFormat: SHZE &lt;3-stellige Titelnummer&gt;-&lt;Seite&gt;-&lt;Schnittnummer&gt;<br \/>\nBeispiel: SHZE 162-A-1<\/p>\n<p><strong>Lange EMI-Matrix<\/strong><br \/>\nWird f\u00fcr Odeon- und Apple-Titel in 1969-1970 benutzt.<br \/>\nFormat: &lt;L\u00e4ndercode&gt;&lt;Preiscode&gt;-&lt;5-stellige Titelnummer&gt;-&lt;Seite&gt;-&lt;Schnittnummer&gt; oder auch &lt;Preiscode&gt;-&lt;5-stellige Titelnummer&gt;-&lt;Seite&gt;-&lt;Schnittnummer&gt;<br \/>\nBeispiel: 1C062-04181-A-1<\/p>\n<p><strong>Kurze EMI-Matrix<\/strong><br \/>\nWird f\u00fcr Odeon-, H\u00f6rZu- und Apple-Titel 1970-1979 benutzt.<br \/>\nFormat: &lt;5-stellige Titelnummer&gt;-&lt;Seite&gt;-&lt;Schnittnummer&gt; or &lt;5-stellige Titelnummer&gt; &lt;Seite&gt;-&lt;Schnittnummer&gt;<br \/>\nBeispiel: 04 115 A-3<\/p>\n<p><strong>Kurze DMM-Matrix<\/strong><br \/>\nWird nach 1979 benutzt, meistens f\u00fcr unmarkierte DMM-Titel<br \/>\nFormat: &lt;5\/7-stellige Titelnummer&gt;-&lt;Seite&gt;&lt;Schnittnummer&gt;<br \/>\nBeispiel: 04115-A1<\/p>\n<\/div>\n<p><strong><div class=\"collapseomatic graytrigger\" id=\"id69fb3bf25083a\"  tabindex=\"0\" title=\"Was bedeutet Unbanded bzw. Banded?\"    >Was bedeutet Unbanded bzw. Banded?<\/div><div id=\"target-id69fb3bf25083a\" class=\"collapseomatic_content graycontents\"><\/strong><\/p>\n<p>Normalerweise besitzt eine Schallplatte deutlich sichtbare Abgrenzungen zwischen den einzelnen Titeln, sogenannte &#8222;Kennrillen&#8220;. Diese hei\u00dfen auf Englisch &#8222;bands&#8220;. Eine &#8222;<strong>Banded<\/strong>&#8222;-Platte hat diese visuelle Hilfen, um zu erkennen, wann ein Lied endet und das n\u00e4chste beginnt.<\/p>\n<p>Im Gegensatz dazu haben &#8222;<strong>Unbanded<\/strong>&#8222;-Platten keine solche Kennrillen, so dass eine Seite aussieht, als w\u00fcrde sie aus einem einzigen Titel bestehen.<\/p>\n<\/div>\n<p><strong><div class=\"collapseomatic graytrigger\" id=\"id69fb3bf25085a\"  tabindex=\"0\" title=\"Was ist unmarkiertes DMM, analoges DMM oder einfach nur DMM?\"    >Was ist unmarkiertes DMM, analoges DMM oder einfach nur DMM?<\/div><div id=\"target-id69fb3bf25085a\" class=\"collapseomatic_content graycontents\"><\/strong><\/p>\n<p><strong>DMM<\/strong> = Direct Metal Mastering. Statt die Hauptmatrize auf eine mit Lackfolie bedeckte Aluminiumscheibe zu schneiden, wird die Platte direkt auf eine Kupferscheibe geschnitten. Diese Technologie wurde von der deutschen Firma Teldec entwickelt und in den 80ern an andere Firlmen unterlizenziert.<\/p>\n<p><strong>Analoges DMM<\/strong> = Platten, die mit der DMM-Technologie von analogen Quellb\u00e4ndern geschnitten wurden. In 1989 wurden alle Beatles-Platten offiziell mit DMM-Logo ver\u00f6ffentlicht, allerdings von neuen digitalen Mastern.<\/p>\n<p><strong>Unmarkiertes DMM<\/strong> = Platten, die bei Electrola in der ersten H\u00e4lfte der 80er Jahre mit DMM-Technologie geschnitten wurden, aber nicht offiziell als DMM-Titel gelabelt wurden (und kein DMM-Logo besa\u00dfen). Die wenigen Titel, die das DMM-Logo besa\u00dfen (&#8222;The Beatles&#8220; auf wei\u00dfem Vinyl, &#8222;1962-1966&#8220; auf rotem Vinyl, &#8222;1967-1970&#8220; auf blauem Vinyl), wurden bei Teldec gepresst.<\/p>\n<\/div>\n<p><strong><div class=\"collapseomatic graytrigger\" id=\"id69fb3bf250877\"  tabindex=\"0\" title=\"Wann hat EMI Electrola angefangen, Beatles-Alben in DMM zu schneiden?\"    >Wann hat EMI Electrola angefangen, Beatles-Alben in DMM zu schneiden?<\/div><div id=\"target-id69fb3bf250877\" class=\"collapseomatic_content graycontents\"><\/strong><\/p>\n<p>Die Antwort kommt vom Mastering Engineer bei Electrola in den 80er Jahren, <strong>John Cremer:<\/strong><\/p>\n<blockquote><p><em>Ja, wir haben Anfang 1983 in K\u00f6ln angefangen, mit DMM zu schneiden.<\/em><\/p>\n<p><em>Zuerst haben wir einige Tests zum Schneiden und Pressen gemacht.<\/em><\/p>\n<p><em>Wir haben die Beatles Red und Blue Doppelalben f\u00fcr diese Tests verwendet, um das EMI-Management in London davon zu \u00fcberzeugen, zur DMM-Technologie zu wechseln. Diese Testpressungen wurden nicht ver\u00f6ffentlicht.<\/em><\/p>\n<p><em>Zu Beginn benutzten wir DMM nur f\u00fcr klassische Musik, dann, gegen 1984, haben wir eine zweite DMM-Maschine bekommen und haben angefangen, sie f\u00fcrs Pop\/Rock-Repertoire zu benutzen.<\/em><\/p>\n<p><em>Um diese Zeit habe ich auch angefangen, Beatles sowie anderes Back-Katalog mit DMM neu zu schneiden.<\/em><\/p>\n<p><em>Das wurde auf den Covern meistens nicht erw\u00e4hnt, so dass es viele deutsche Pressungen gibt, die mit DMM erstellt wurden, und daher viel besser klingen. Es wurden definitiv keine DMM-Schnitte in den 70ern angefertigt.<\/em><\/p>\n<p><em>Viele Gr\u00fc\u00dfe<\/em><br \/>\n<em>John Cremer<\/em><\/p>\n<p>(Quelle: <a href=\"https:\/\/forums.stevehoffman.tv\/threads\/the-beatles-dmm-pressings-analog-and-digital.323420\/page-11#post-11515363\">Stevehoffman Forums<\/a>, \u00dcbersetzung: Pete Klassen)<\/p><\/blockquote>\n<\/div>\n<p><strong><div class=\"collapseomatic graytrigger\" id=\"id69fb3bf250899\"  tabindex=\"0\" title=\"Was haben Symbole wie Kreise, Sternchen usw. neben den Katalognummern bei einigen Versionen zu bedeuten?\"    >Was haben Symbole wie Kreise, Sternchen usw. neben den Katalognummern bei einigen Versionen zu bedeuten?<\/div><div id=\"target-id69fb3bf250899\" class=\"collapseomatic_content graycontents\"><\/strong><\/p>\n<p>Die Antwort kommt vom Repertoire-Manager bei EMI Electrola in den 70ern und 80ern, <strong>Jochen Kraus<\/strong>:<\/p>\n<blockquote><p><em>Das Geheimnis der Sondermarkierungen KREISE und DREIECKE etc. hinter EMI-Katalog-Nummern muss dir nicht weiter schlaflose N\u00e4chte bereiten.<\/em><\/p>\n<p><em>Das R\u00e4tsel ist gel\u00f6st: Es handelt sich um zus\u00e4tzliche Markierungen neben der Katalog-Nr. um bestimmte Auflagen-Kontingente bei Sonder-Preis-Aktionen im Nachherein als solche zu identifizieren.<\/em><\/p>\n<p><em>Wenn der Quartalsumsatz mal wieder &#8222;mau&#8220; hochgerechnet wurde, dann wurden f\u00fcr den Vertrieb Sonderaktionen geplant mit besonders g\u00fcnstigen Konditionen f\u00fcr die H\u00e4ndler. Nur von Top-Bestsellern u.a. wie Beatles, Floyd, Queen etc&#8230; also die Dauerbrenner. Oftmals dann gesondert neu gepresst als Sonderauflage. Dann bekam der H\u00e4ndler eben bei Abnahme einer gr\u00f6sseren St\u00fcckzahl einer Katalog-Nr. einen Preis von z.b. DM 8,20, anstelle sonst normal DM 12,50 (Preise sind fiktiv). F\u00fcr den H\u00e4ndler lohnend, weil er in den seltensten F\u00e4llen (oder nie) den Preisvorteil an seine Kunden weitergab, sondern die DM 4,30 als zus\u00e4tzlichen Gewinn einsackte&#8230;. Da dem H\u00e4ndler aber in der Regel in einem gewissen Umfang ein R\u00fcckgabe-Recht f\u00fcr nicht verkaufte Tontr\u00e4ger einger\u00e4umt wurde, hatte er auch die M\u00f6glichkeit nicht verkaufte Exemplare der &#8222;Billig&#8220; -Variante zur\u00fcck zugeben und gutgeschrieben zu bekommen. Und wenn dann tausende von Platten retourniert wurden, war es anhand der reinen Bestellnummer nicht auseinanderzuhalten in der Retouren-Waren-Annahme, war das jetzt ein White Album f\u00fcr 12,50 oder f\u00fcr 8,20 ausgeliefert. Deshalb die zus\u00e4tzliche Markierung wie Kreis oder Dreieck hinter der Bestell-Nr., die auf die Sonderaktion hinwies. Es gab auch Preis-Aktionen, wo gar kein R\u00fcckgabe-Recht einger\u00e4umt wurde dem Handel&#8230;., eben dann auch extra gekennzeichnet durch ein Symbol. <\/em><\/p>\n<p><em>Da es aber auch eine gewisse kriminelle Energie bei manchen schwarzen Schafen gab, die dann die H\u00fcllen tauschten und die Sonderauflage dann in der H\u00fclle der teureren Version retournierten, gab es dann irgendwann auch die Ver\u00e4nderung, dass solche Sonder-Auflagen f\u00fcr Preis-Aktionen eine eigene Katalog-Nummer bekamen und somit ein Missbrauch weiter eingeschr\u00e4nkt werden konnte. Das sind alles Info, die hab ich mir jetzt von ehemaligen Vertriebskollegen erfragt. Wir Repertoire-Leute haben von diesen Aktionen &#8211; obwohl eigentlich f\u00fcr Beatles oder Floyd Produkte zust\u00e4ndig &#8211; nur am Rande was mitbekommen.<\/em><br \/>\n<em>Wir machten die Kunst, der Vertrieb die Kohle.<\/em><\/p>\n<p>(Quelle: Jochen Kraus)<\/p><\/blockquote>\n<\/div>\n<p><strong><div class=\"collapseomatic graytrigger\" id=\"id69fb3bf2508bd\"  tabindex=\"0\" title=\"Wann kamen die DMM-Versionen von White Album (The Beatles), Red Album (1960-1966)  und Blue Album (1967-1970) heraus?\"    >Wann kamen die DMM-Versionen von White Album (The Beatles), Red Album (1960-1966)  und Blue Album (1967-1970) heraus?<\/div><div id=\"target-id69fb3bf2508bd\" class=\"collapseomatic_content graycontents\"><\/strong><\/p>\n<p>Discogs gibt bei allen drei Titeln das Jahr 1985 an. Allerdings ist die einzige Quelle, die Discogs daf\u00fcr benutzt, das E-Book &#8222;Beatles &#8211; Die deutsche Diskografie&#8220; von Uwe Watzek, die dieses Jahr daf\u00fcr angibt. Allerdings gibt es erhebliche Zweifel an dieser Angabe:<\/p>\n<ul>\n<li>Die Innenh\u00fcllen tragen ein Datumscode &#8222;43.84&#8220; (43. KW 1984), also die Woche von 22.10.1984.<\/li>\n<li>Das Album 1962-1966 wurde am 13.11.1984 geschnitten (Quelle: Electrola-Archiv, zitiert nach <em>The Beatles Mixes<\/em>, S. 121)<\/li>\n<li>Der Discogs-User kkynast hat alle drei Alben am 15.12.1984 gekauft. (Quelle: <a href=\"https:\/\/beatles-shootouts.de\/wp-content\/uploads\/2022\/08\/kkynast.png\">Discogs<\/a>)<\/li>\n<\/ul>\n<p>Anhand dieser Indizien ist meine Schlussfolgerung, dass diese drei Alben <strong>zum Weihnachtsgesch\u00e4ft 1984<\/strong> ver\u00f6ffentlicht wurden, und nicht erst 1985, wie oft angenommen.<\/p>\n<p>(Diskussion dazu: <a href=\"https:\/\/www.tapatalk.com\/groups\/beatlescollecting\/white-album-analogue-dmm-1985-t4089.html\" target=\"_blank\" rel=\"noopener\">Beatles Collecting<\/a>)<\/p>\n<\/div>\n<p><strong><div class=\"collapseomatic graytrigger\" id=\"id69fb3bf2508eb\"  tabindex=\"0\" title=\"Warum gibt es verschiedene Stile bei den Limitierungsnummern der 1. Pressung des White Album (1968, SMO 2051\/52)?\"    >Warum gibt es verschiedene Stile bei den Limitierungsnummern der 1. Pressung des White Album (1968, SMO 2051\/52)?<\/div><div id=\"target-id69fb3bf2508eb\" class=\"collapseomatic_content graycontents\"><\/strong><\/p>\n<p>Es gab drei Variationen der SMO 2051\/52 Albumcovern. Die Nummern waren 7-stellig.<\/p>\n<ul>\n<li>Die <strong>erste Variante<\/strong> hatte die Nummer <strong>in Schwarz aufgedruckt<\/strong>, die f\u00fchrende Null war angeschnitten. Der Nummernkreis ging von\u00a0<strong>0000000\u00a0<\/strong>bis <strong>0125000.<\/strong><b><br \/>\n<\/b><a href=\"https:\/\/i0.wp.com\/beatles-shootouts.de\/wp-content\/uploads\/2023\/01\/WA_num01.jpg?ssl=1\"><img data-recalc-dims=\"1\" loading=\"lazy\" decoding=\"async\" data-attachment-id=\"881\" data-permalink=\"https:\/\/beatles-shootouts.de\/de\/faq\/wa_num01\/\" data-orig-file=\"https:\/\/i0.wp.com\/beatles-shootouts.de\/wp-content\/uploads\/2023\/01\/WA_num01.jpg?fit=600%2C271&amp;ssl=1\" data-orig-size=\"600,271\" data-comments-opened=\"1\" data-image-meta=\"{&quot;aperture&quot;:&quot;0&quot;,&quot;credit&quot;:&quot;&quot;,&quot;camera&quot;:&quot;&quot;,&quot;caption&quot;:&quot;&quot;,&quot;created_timestamp&quot;:&quot;0&quot;,&quot;copyright&quot;:&quot;&quot;,&quot;focal_length&quot;:&quot;0&quot;,&quot;iso&quot;:&quot;0&quot;,&quot;shutter_speed&quot;:&quot;0&quot;,&quot;title&quot;:&quot;&quot;,&quot;orientation&quot;:&quot;0&quot;}\" data-image-title=\"WA_num01\" data-image-description=\"\" data-image-caption=\"\" data-medium-file=\"https:\/\/i0.wp.com\/beatles-shootouts.de\/wp-content\/uploads\/2023\/01\/WA_num01.jpg?fit=300%2C136&amp;ssl=1\" data-large-file=\"https:\/\/i0.wp.com\/beatles-shootouts.de\/wp-content\/uploads\/2023\/01\/WA_num01.jpg?fit=600%2C271&amp;ssl=1\" class=\"alignnone size-medium wp-image-881\" src=\"https:\/\/i0.wp.com\/beatles-shootouts.de\/wp-content\/uploads\/2023\/01\/WA_num01.jpg?resize=300%2C136&#038;ssl=1\" alt=\"\" width=\"300\" height=\"136\" srcset=\"https:\/\/i0.wp.com\/beatles-shootouts.de\/wp-content\/uploads\/2023\/01\/WA_num01.jpg?resize=300%2C136&amp;ssl=1 300w, https:\/\/i0.wp.com\/beatles-shootouts.de\/wp-content\/uploads\/2023\/01\/WA_num01.jpg?w=600&amp;ssl=1 600w\" sizes=\"auto, (max-width: 300px) 100vw, 300px\" \/><\/a><\/li>\n<li>Die <strong>zweite Variante<\/strong> hatte die Nummer<strong> in dunkelgrau aufgedruckt<\/strong>. Die Schrift war leicht gr\u00f6\u00dfer und runder, als bei der ersten Variante. Die Zahlen sind besser aufeinander ausgerichtet und die f\u00fchrende Null ist nicht angeschnitten. Der Nummernkreis ging von <strong>0125000\u00a0<\/strong>bis <strong>0285000.<\/strong><b><br \/>\n<a href=\"https:\/\/i0.wp.com\/beatles-shootouts.de\/wp-content\/uploads\/2023\/01\/WA_num02.jpg?ssl=1\"><img data-recalc-dims=\"1\" loading=\"lazy\" decoding=\"async\" data-attachment-id=\"882\" data-permalink=\"https:\/\/beatles-shootouts.de\/de\/faq\/wa_num02\/\" data-orig-file=\"https:\/\/i0.wp.com\/beatles-shootouts.de\/wp-content\/uploads\/2023\/01\/WA_num02.jpg?fit=600%2C271&amp;ssl=1\" data-orig-size=\"600,271\" data-comments-opened=\"1\" data-image-meta=\"{&quot;aperture&quot;:&quot;0&quot;,&quot;credit&quot;:&quot;&quot;,&quot;camera&quot;:&quot;&quot;,&quot;caption&quot;:&quot;&quot;,&quot;created_timestamp&quot;:&quot;0&quot;,&quot;copyright&quot;:&quot;&quot;,&quot;focal_length&quot;:&quot;0&quot;,&quot;iso&quot;:&quot;0&quot;,&quot;shutter_speed&quot;:&quot;0&quot;,&quot;title&quot;:&quot;&quot;,&quot;orientation&quot;:&quot;0&quot;}\" data-image-title=\"WA_num02\" data-image-description=\"\" data-image-caption=\"\" data-medium-file=\"https:\/\/i0.wp.com\/beatles-shootouts.de\/wp-content\/uploads\/2023\/01\/WA_num02.jpg?fit=300%2C136&amp;ssl=1\" data-large-file=\"https:\/\/i0.wp.com\/beatles-shootouts.de\/wp-content\/uploads\/2023\/01\/WA_num02.jpg?fit=600%2C271&amp;ssl=1\" class=\"alignnone size-medium wp-image-882\" src=\"https:\/\/i0.wp.com\/beatles-shootouts.de\/wp-content\/uploads\/2023\/01\/WA_num02.jpg?resize=300%2C136&#038;ssl=1\" alt=\"\" width=\"300\" height=\"136\" srcset=\"https:\/\/i0.wp.com\/beatles-shootouts.de\/wp-content\/uploads\/2023\/01\/WA_num02.jpg?resize=300%2C136&amp;ssl=1 300w, https:\/\/i0.wp.com\/beatles-shootouts.de\/wp-content\/uploads\/2023\/01\/WA_num02.jpg?w=600&amp;ssl=1 600w\" sizes=\"auto, (max-width: 300px) 100vw, 300px\" \/><\/a><br \/>\n<\/b><\/li>\n<li>Die <strong>dritte Variante<\/strong> hatte die Nummer <strong>blind eingepr\u00e4gt<\/strong>. Die Schrift ist die gleiche wie bei der zweiten Variante. Die Nummern liegen \u00fcber <strong>0285000<\/strong>.<br \/>\n<a href=\"https:\/\/i0.wp.com\/beatles-shootouts.de\/wp-content\/uploads\/2023\/01\/WA_num03.jpg?ssl=1\"><img data-recalc-dims=\"1\" loading=\"lazy\" decoding=\"async\" data-attachment-id=\"883\" data-permalink=\"https:\/\/beatles-shootouts.de\/de\/faq\/wa_num03\/\" data-orig-file=\"https:\/\/i0.wp.com\/beatles-shootouts.de\/wp-content\/uploads\/2023\/01\/WA_num03.jpg?fit=600%2C271&amp;ssl=1\" data-orig-size=\"600,271\" data-comments-opened=\"1\" data-image-meta=\"{&quot;aperture&quot;:&quot;0&quot;,&quot;credit&quot;:&quot;&quot;,&quot;camera&quot;:&quot;&quot;,&quot;caption&quot;:&quot;&quot;,&quot;created_timestamp&quot;:&quot;0&quot;,&quot;copyright&quot;:&quot;&quot;,&quot;focal_length&quot;:&quot;0&quot;,&quot;iso&quot;:&quot;0&quot;,&quot;shutter_speed&quot;:&quot;0&quot;,&quot;title&quot;:&quot;&quot;,&quot;orientation&quot;:&quot;0&quot;}\" data-image-title=\"WA_num03\" data-image-description=\"\" data-image-caption=\"\" data-medium-file=\"https:\/\/i0.wp.com\/beatles-shootouts.de\/wp-content\/uploads\/2023\/01\/WA_num03.jpg?fit=300%2C136&amp;ssl=1\" data-large-file=\"https:\/\/i0.wp.com\/beatles-shootouts.de\/wp-content\/uploads\/2023\/01\/WA_num03.jpg?fit=600%2C271&amp;ssl=1\" class=\"alignnone size-medium wp-image-883\" src=\"https:\/\/i0.wp.com\/beatles-shootouts.de\/wp-content\/uploads\/2023\/01\/WA_num03.jpg?resize=300%2C136&#038;ssl=1\" alt=\"\" width=\"300\" height=\"136\" srcset=\"https:\/\/i0.wp.com\/beatles-shootouts.de\/wp-content\/uploads\/2023\/01\/WA_num03.jpg?resize=300%2C136&amp;ssl=1 300w, https:\/\/i0.wp.com\/beatles-shootouts.de\/wp-content\/uploads\/2023\/01\/WA_num03.jpg?w=600&amp;ssl=1 600w\" sizes=\"auto, (max-width: 300px) 100vw, 300px\" \/><\/a><\/li>\n<\/ul>\n<p>Die SMO-Toploader-H\u00fcllen wurden auch in anderen europ\u00e4ischen L\u00e4ndern eingesetzt (z.B. Niederlande, Frankreich oder Italien). Die Nummern wurden indes l\u00e4nder\u00fcbergreifend verteilt.<\/p>\n<p>In 1969 wurde mit der Einf\u00fchrung der neuen EMI-Katalognummern (1C 192 04 173\/74) die Nummern sechstellig (obwohl es vereinzelte Beispiele f\u00fcr siebenstellige Nummern bei sp\u00e4teren H\u00fcllen gibt). Die Nummer blieb gepr\u00e4gt bis etwa Ende der 80er.<\/p>\n<\/div>","protected":false},"excerpt":{"rendered":"<p>&#46;&#46;&#46;<\/p>\n","protected":false},"author":1,"featured_media":0,"parent":0,"menu_order":0,"comment_status":"open","ping_status":"closed","template":"","meta":{"footnotes":""},"class_list":["post-699","page","type-page","status-publish","hentry"],"jetpack_sharing_enabled":true,"_links":{"self":[{"href":"https:\/\/beatles-shootouts.de\/de\/wp-json\/wp\/v2\/pages\/699","targetHints":{"allow":["GET"]}}],"collection":[{"href":"https:\/\/beatles-shootouts.de\/de\/wp-json\/wp\/v2\/pages"}],"about":[{"href":"https:\/\/beatles-shootouts.de\/de\/wp-json\/wp\/v2\/types\/page"}],"author":[{"embeddable":true,"href":"https:\/\/beatles-shootouts.de\/de\/wp-json\/wp\/v2\/users\/1"}],"replies":[{"embeddable":true,"href":"https:\/\/beatles-shootouts.de\/de\/wp-json\/wp\/v2\/comments?post=699"}],"version-history":[{"count":27,"href":"https:\/\/beatles-shootouts.de\/de\/wp-json\/wp\/v2\/pages\/699\/revisions"}],"predecessor-version":[{"id":886,"href":"https:\/\/beatles-shootouts.de\/de\/wp-json\/wp\/v2\/pages\/699\/revisions\/886"}],"wp:attachment":[{"href":"https:\/\/beatles-shootouts.de\/de\/wp-json\/wp\/v2\/media?parent=699"}],"curies":[{"name":"wp","href":"https:\/\/api.w.org\/{rel}","templated":true}]}}