{"id":71,"date":"2022-07-07T12:11:06","date_gmt":"2022-07-07T12:11:06","guid":{"rendered":"https:\/\/beatles-shootouts.de\/?page_id=71"},"modified":"2022-10-12T13:55:11","modified_gmt":"2022-10-12T13:55:11","slug":"please-please-me-stereo","status":"publish","type":"page","link":"https:\/\/beatles-shootouts.de\/de\/beatles-german-cuts-list\/1962-1966\/please-please-me\/please-please-me-stereo\/","title":{"rendered":"Please Please Me (Stereo)"},"content":{"rendered":"<a href=\"https:\/\/i0.wp.com\/beatles-shootouts.de\/wp-content\/uploads\/2022\/07\/PPM_Stereo.jpg?ssl=1\"><img data-recalc-dims=\"1\" loading=\"lazy\" decoding=\"async\" data-attachment-id=\"296\" data-permalink=\"https:\/\/beatles-shootouts.de\/de\/beatles-german-cuts-list\/1962-1966\/please-please-me\/please-please-me-stereo\/ppm_stereo\/\" data-orig-file=\"https:\/\/i0.wp.com\/beatles-shootouts.de\/wp-content\/uploads\/2022\/07\/PPM_Stereo.jpg?fit=599%2C593&amp;ssl=1\" data-orig-size=\"599,593\" data-comments-opened=\"1\" data-image-meta=\"{&quot;aperture&quot;:&quot;0&quot;,&quot;credit&quot;:&quot;&quot;,&quot;camera&quot;:&quot;&quot;,&quot;caption&quot;:&quot;&quot;,&quot;created_timestamp&quot;:&quot;0&quot;,&quot;copyright&quot;:&quot;&quot;,&quot;focal_length&quot;:&quot;0&quot;,&quot;iso&quot;:&quot;0&quot;,&quot;shutter_speed&quot;:&quot;0&quot;,&quot;title&quot;:&quot;&quot;,&quot;orientation&quot;:&quot;1&quot;}\" data-image-title=\"PPM_Stereo\" data-image-description=\"\" data-image-caption=\"\" data-medium-file=\"https:\/\/i0.wp.com\/beatles-shootouts.de\/wp-content\/uploads\/2022\/07\/PPM_Stereo.jpg?fit=300%2C297&amp;ssl=1\" data-large-file=\"https:\/\/i0.wp.com\/beatles-shootouts.de\/wp-content\/uploads\/2022\/07\/PPM_Stereo.jpg?fit=599%2C593&amp;ssl=1\" class=\"aligncenter size-full wp-image-296\" src=\"https:\/\/i0.wp.com\/beatles-shootouts.de\/wp-content\/uploads\/2022\/07\/PPM_Stereo.jpg?resize=599%2C593&#038;ssl=1\" alt=\"\" width=\"599\" height=\"593\" srcset=\"https:\/\/i0.wp.com\/beatles-shootouts.de\/wp-content\/uploads\/2022\/07\/PPM_Stereo.jpg?w=599&amp;ssl=1 599w, https:\/\/i0.wp.com\/beatles-shootouts.de\/wp-content\/uploads\/2022\/07\/PPM_Stereo.jpg?resize=300%2C297&amp;ssl=1 300w, https:\/\/i0.wp.com\/beatles-shootouts.de\/wp-content\/uploads\/2022\/07\/PPM_Stereo.jpg?resize=80%2C80&amp;ssl=1 80w\" sizes=\"auto, (max-width: 599px) 100vw, 599px\" \/><\/a><br \/>\n<a name=\"1\"><\/a><\/p>\n<h3><strong>1. Schnitt: 1964<\/strong><\/h3>\n<p><a href=\"https:\/\/i0.wp.com\/beatles-shootouts.de\/wp-content\/uploads\/2022\/07\/01_PPM_01_SideA.jpg?ssl=1\"><img data-recalc-dims=\"1\" loading=\"lazy\" decoding=\"async\" data-attachment-id=\"109\" data-permalink=\"https:\/\/beatles-shootouts.de\/de\/beatles-german-cuts-list\/1962-1966\/please-please-me\/please-please-me-stereo\/01_ppm_01_sidea\/\" data-orig-file=\"https:\/\/i0.wp.com\/beatles-shootouts.de\/wp-content\/uploads\/2022\/07\/01_PPM_01_SideA.jpg?fit=1000%2C1000&amp;ssl=1\" data-orig-size=\"1000,1000\" data-comments-opened=\"1\" data-image-meta=\"{&quot;aperture&quot;:&quot;0&quot;,&quot;credit&quot;:&quot;&quot;,&quot;camera&quot;:&quot;&quot;,&quot;caption&quot;:&quot;&quot;,&quot;created_timestamp&quot;:&quot;0&quot;,&quot;copyright&quot;:&quot;&quot;,&quot;focal_length&quot;:&quot;0&quot;,&quot;iso&quot;:&quot;0&quot;,&quot;shutter_speed&quot;:&quot;0&quot;,&quot;title&quot;:&quot;&quot;,&quot;orientation&quot;:&quot;0&quot;}\" data-image-title=\"01_PPM_01_SideA\" data-image-description=\"\" data-image-caption=\"\" data-medium-file=\"https:\/\/i0.wp.com\/beatles-shootouts.de\/wp-content\/uploads\/2022\/07\/01_PPM_01_SideA.jpg?fit=300%2C300&amp;ssl=1\" data-large-file=\"https:\/\/i0.wp.com\/beatles-shootouts.de\/wp-content\/uploads\/2022\/07\/01_PPM_01_SideA.jpg?fit=1000%2C1000&amp;ssl=1\" class=\"alignnone wp-image-109 size-medium\" src=\"https:\/\/i0.wp.com\/beatles-shootouts.de\/wp-content\/uploads\/2022\/07\/01_PPM_01_SideA.jpg?resize=300%2C300&#038;ssl=1\" alt=\"\" width=\"300\" height=\"300\" srcset=\"https:\/\/i0.wp.com\/beatles-shootouts.de\/wp-content\/uploads\/2022\/07\/01_PPM_01_SideA.jpg?resize=300%2C300&amp;ssl=1 300w, https:\/\/i0.wp.com\/beatles-shootouts.de\/wp-content\/uploads\/2022\/07\/01_PPM_01_SideA.jpg?resize=150%2C150&amp;ssl=1 150w, https:\/\/i0.wp.com\/beatles-shootouts.de\/wp-content\/uploads\/2022\/07\/01_PPM_01_SideA.jpg?resize=768%2C768&amp;ssl=1 768w, https:\/\/i0.wp.com\/beatles-shootouts.de\/wp-content\/uploads\/2022\/07\/01_PPM_01_SideA.jpg?resize=80%2C80&amp;ssl=1 80w, https:\/\/i0.wp.com\/beatles-shootouts.de\/wp-content\/uploads\/2022\/07\/01_PPM_01_SideA.jpg?resize=320%2C320&amp;ssl=1 320w, https:\/\/i0.wp.com\/beatles-shootouts.de\/wp-content\/uploads\/2022\/07\/01_PPM_01_SideA.jpg?w=1000&amp;ssl=1 1000w\" sizes=\"auto, (max-width: 300px) 100vw, 300px\" \/><\/a> <a href=\"https:\/\/i0.wp.com\/beatles-shootouts.de\/wp-content\/uploads\/2022\/07\/01_PPM_01_SideB.jpg?ssl=1\"><img data-recalc-dims=\"1\" loading=\"lazy\" decoding=\"async\" data-attachment-id=\"110\" data-permalink=\"https:\/\/beatles-shootouts.de\/de\/beatles-german-cuts-list\/1962-1966\/please-please-me\/please-please-me-stereo\/01_ppm_01_sideb\/\" data-orig-file=\"https:\/\/i0.wp.com\/beatles-shootouts.de\/wp-content\/uploads\/2022\/07\/01_PPM_01_SideB.jpg?fit=1000%2C1000&amp;ssl=1\" data-orig-size=\"1000,1000\" data-comments-opened=\"1\" data-image-meta=\"{&quot;aperture&quot;:&quot;0&quot;,&quot;credit&quot;:&quot;&quot;,&quot;camera&quot;:&quot;&quot;,&quot;caption&quot;:&quot;&quot;,&quot;created_timestamp&quot;:&quot;0&quot;,&quot;copyright&quot;:&quot;&quot;,&quot;focal_length&quot;:&quot;0&quot;,&quot;iso&quot;:&quot;0&quot;,&quot;shutter_speed&quot;:&quot;0&quot;,&quot;title&quot;:&quot;&quot;,&quot;orientation&quot;:&quot;0&quot;}\" data-image-title=\"01_PPM_01_SideB\" data-image-description=\"\" data-image-caption=\"&lt;p&gt;Please Please Me (H\u00f6rZu)&lt;\/p&gt;\n\" data-medium-file=\"https:\/\/i0.wp.com\/beatles-shootouts.de\/wp-content\/uploads\/2022\/07\/01_PPM_01_SideB.jpg?fit=300%2C300&amp;ssl=1\" data-large-file=\"https:\/\/i0.wp.com\/beatles-shootouts.de\/wp-content\/uploads\/2022\/07\/01_PPM_01_SideB.jpg?fit=1000%2C1000&amp;ssl=1\" class=\"alignnone wp-image-110 size-medium\" src=\"https:\/\/i0.wp.com\/beatles-shootouts.de\/wp-content\/uploads\/2022\/07\/01_PPM_01_SideB.jpg?resize=300%2C300&#038;ssl=1\" alt=\"\" width=\"300\" height=\"300\" srcset=\"https:\/\/i0.wp.com\/beatles-shootouts.de\/wp-content\/uploads\/2022\/07\/01_PPM_01_SideB.jpg?resize=300%2C300&amp;ssl=1 300w, https:\/\/i0.wp.com\/beatles-shootouts.de\/wp-content\/uploads\/2022\/07\/01_PPM_01_SideB.jpg?resize=150%2C150&amp;ssl=1 150w, https:\/\/i0.wp.com\/beatles-shootouts.de\/wp-content\/uploads\/2022\/07\/01_PPM_01_SideB.jpg?resize=768%2C768&amp;ssl=1 768w, https:\/\/i0.wp.com\/beatles-shootouts.de\/wp-content\/uploads\/2022\/07\/01_PPM_01_SideB.jpg?resize=80%2C80&amp;ssl=1 80w, https:\/\/i0.wp.com\/beatles-shootouts.de\/wp-content\/uploads\/2022\/07\/01_PPM_01_SideB.jpg?resize=320%2C320&amp;ssl=1 320w, https:\/\/i0.wp.com\/beatles-shootouts.de\/wp-content\/uploads\/2022\/07\/01_PPM_01_SideB.jpg?w=1000&amp;ssl=1 1000w\" sizes=\"auto, (max-width: 300px) 100vw, 300px\" \/><\/a><br \/>\nDer erste Schnitt kam in 1964 heraus, sowohl auf dem H\u00f6rZu-Label (als &#8222;Die Beatles &#8211; Die zentrale Tanzschaffe&#8220;) sowie auf Odeon (als &#8222;Please Please Me&#8220; mit dem Originalcover, f\u00fcr den Verkauf auf St\u00fctzpunkten von ausl\u00e4ndischen Streitkr\u00e4ften).<\/p>\n<p><strong>Katalognrn.: SHZE 117, ZTOX 5550<\/strong><\/p>\n<p>Matrix:<br \/>\nSeite A: SHZE-117A-1<br \/>\nSeite B: SHZE-117B-1<\/p>\n<p><a name=\"2\"><\/a><\/p>\n<h3><strong>2. Schnitt: ca. 1968<br \/>\n[Grail]<\/strong><\/h3>\n<p><a href=\"https:\/\/i0.wp.com\/beatles-shootouts.de\/wp-content\/uploads\/2022\/10\/01_PPM_02_SideA1.jpg?ssl=1\"><img data-recalc-dims=\"1\" loading=\"lazy\" decoding=\"async\" data-attachment-id=\"747\" data-permalink=\"https:\/\/beatles-shootouts.de\/de\/beatles-german-cuts-list\/1962-1966\/please-please-me\/please-please-me-stereo\/01_ppm_02_sidea1\/\" data-orig-file=\"https:\/\/i0.wp.com\/beatles-shootouts.de\/wp-content\/uploads\/2022\/10\/01_PPM_02_SideA1.jpg?fit=1000%2C1000&amp;ssl=1\" data-orig-size=\"1000,1000\" data-comments-opened=\"1\" data-image-meta=\"{&quot;aperture&quot;:&quot;0&quot;,&quot;credit&quot;:&quot;&quot;,&quot;camera&quot;:&quot;&quot;,&quot;caption&quot;:&quot;&quot;,&quot;created_timestamp&quot;:&quot;0&quot;,&quot;copyright&quot;:&quot;&quot;,&quot;focal_length&quot;:&quot;0&quot;,&quot;iso&quot;:&quot;0&quot;,&quot;shutter_speed&quot;:&quot;0&quot;,&quot;title&quot;:&quot;&quot;,&quot;orientation&quot;:&quot;0&quot;}\" data-image-title=\"01_PPM_02_SideA1\" data-image-description=\"\" data-image-caption=\"\" data-medium-file=\"https:\/\/i0.wp.com\/beatles-shootouts.de\/wp-content\/uploads\/2022\/10\/01_PPM_02_SideA1.jpg?fit=300%2C300&amp;ssl=1\" data-large-file=\"https:\/\/i0.wp.com\/beatles-shootouts.de\/wp-content\/uploads\/2022\/10\/01_PPM_02_SideA1.jpg?fit=1000%2C1000&amp;ssl=1\" class=\"alignnone size-medium wp-image-747\" src=\"https:\/\/i0.wp.com\/beatles-shootouts.de\/wp-content\/uploads\/2022\/10\/01_PPM_02_SideA1.jpg?resize=300%2C300&#038;ssl=1\" alt=\"\" width=\"300\" height=\"300\" srcset=\"https:\/\/i0.wp.com\/beatles-shootouts.de\/wp-content\/uploads\/2022\/10\/01_PPM_02_SideA1.jpg?resize=300%2C300&amp;ssl=1 300w, https:\/\/i0.wp.com\/beatles-shootouts.de\/wp-content\/uploads\/2022\/10\/01_PPM_02_SideA1.jpg?resize=150%2C150&amp;ssl=1 150w, https:\/\/i0.wp.com\/beatles-shootouts.de\/wp-content\/uploads\/2022\/10\/01_PPM_02_SideA1.jpg?resize=768%2C768&amp;ssl=1 768w, https:\/\/i0.wp.com\/beatles-shootouts.de\/wp-content\/uploads\/2022\/10\/01_PPM_02_SideA1.jpg?resize=80%2C80&amp;ssl=1 80w, https:\/\/i0.wp.com\/beatles-shootouts.de\/wp-content\/uploads\/2022\/10\/01_PPM_02_SideA1.jpg?resize=320%2C320&amp;ssl=1 320w, https:\/\/i0.wp.com\/beatles-shootouts.de\/wp-content\/uploads\/2022\/10\/01_PPM_02_SideA1.jpg?w=1000&amp;ssl=1 1000w\" sizes=\"auto, (max-width: 300px) 100vw, 300px\" \/><\/a> <a href=\"https:\/\/i0.wp.com\/beatles-shootouts.de\/wp-content\/uploads\/2022\/10\/01_PPM_02_SideB1.jpg?ssl=1\"><img data-recalc-dims=\"1\" loading=\"lazy\" decoding=\"async\" data-attachment-id=\"748\" data-permalink=\"https:\/\/beatles-shootouts.de\/de\/beatles-german-cuts-list\/1962-1966\/please-please-me\/please-please-me-stereo\/01_ppm_02_sideb1\/\" data-orig-file=\"https:\/\/i0.wp.com\/beatles-shootouts.de\/wp-content\/uploads\/2022\/10\/01_PPM_02_SideB1.jpg?fit=1000%2C1000&amp;ssl=1\" data-orig-size=\"1000,1000\" data-comments-opened=\"1\" data-image-meta=\"{&quot;aperture&quot;:&quot;0&quot;,&quot;credit&quot;:&quot;&quot;,&quot;camera&quot;:&quot;&quot;,&quot;caption&quot;:&quot;&quot;,&quot;created_timestamp&quot;:&quot;0&quot;,&quot;copyright&quot;:&quot;&quot;,&quot;focal_length&quot;:&quot;0&quot;,&quot;iso&quot;:&quot;0&quot;,&quot;shutter_speed&quot;:&quot;0&quot;,&quot;title&quot;:&quot;&quot;,&quot;orientation&quot;:&quot;0&quot;}\" data-image-title=\"01_PPM_02_SideB1\" data-image-description=\"\" data-image-caption=\"\" data-medium-file=\"https:\/\/i0.wp.com\/beatles-shootouts.de\/wp-content\/uploads\/2022\/10\/01_PPM_02_SideB1.jpg?fit=300%2C300&amp;ssl=1\" data-large-file=\"https:\/\/i0.wp.com\/beatles-shootouts.de\/wp-content\/uploads\/2022\/10\/01_PPM_02_SideB1.jpg?fit=1000%2C1000&amp;ssl=1\" class=\"alignnone size-medium wp-image-748\" src=\"https:\/\/i0.wp.com\/beatles-shootouts.de\/wp-content\/uploads\/2022\/10\/01_PPM_02_SideB1.jpg?resize=300%2C300&#038;ssl=1\" alt=\"\" width=\"300\" height=\"300\" srcset=\"https:\/\/i0.wp.com\/beatles-shootouts.de\/wp-content\/uploads\/2022\/10\/01_PPM_02_SideB1.jpg?resize=300%2C300&amp;ssl=1 300w, https:\/\/i0.wp.com\/beatles-shootouts.de\/wp-content\/uploads\/2022\/10\/01_PPM_02_SideB1.jpg?resize=150%2C150&amp;ssl=1 150w, https:\/\/i0.wp.com\/beatles-shootouts.de\/wp-content\/uploads\/2022\/10\/01_PPM_02_SideB1.jpg?resize=768%2C768&amp;ssl=1 768w, https:\/\/i0.wp.com\/beatles-shootouts.de\/wp-content\/uploads\/2022\/10\/01_PPM_02_SideB1.jpg?resize=80%2C80&amp;ssl=1 80w, https:\/\/i0.wp.com\/beatles-shootouts.de\/wp-content\/uploads\/2022\/10\/01_PPM_02_SideB1.jpg?resize=320%2C320&amp;ssl=1 320w, https:\/\/i0.wp.com\/beatles-shootouts.de\/wp-content\/uploads\/2022\/10\/01_PPM_02_SideB1.jpg?w=1000&amp;ssl=1 1000w\" sizes=\"auto, (max-width: 300px) 100vw, 300px\" \/><\/a><\/p>\n<p><a href=\"https:\/\/i0.wp.com\/beatles-shootouts.de\/wp-content\/uploads\/2022\/07\/01_PPM_02_SideA.jpg?ssl=1\"><img data-recalc-dims=\"1\" loading=\"lazy\" decoding=\"async\" data-attachment-id=\"128\" data-permalink=\"https:\/\/beatles-shootouts.de\/de\/beatles-german-cuts-list\/1962-1966\/please-please-me\/please-please-me-stereo\/01_ppm_02_sidea\/\" data-orig-file=\"https:\/\/i0.wp.com\/beatles-shootouts.de\/wp-content\/uploads\/2022\/07\/01_PPM_02_SideA.jpg?fit=1000%2C1000&amp;ssl=1\" data-orig-size=\"1000,1000\" data-comments-opened=\"1\" data-image-meta=\"{&quot;aperture&quot;:&quot;0&quot;,&quot;credit&quot;:&quot;&quot;,&quot;camera&quot;:&quot;&quot;,&quot;caption&quot;:&quot;&quot;,&quot;created_timestamp&quot;:&quot;0&quot;,&quot;copyright&quot;:&quot;&quot;,&quot;focal_length&quot;:&quot;0&quot;,&quot;iso&quot;:&quot;0&quot;,&quot;shutter_speed&quot;:&quot;0&quot;,&quot;title&quot;:&quot;&quot;,&quot;orientation&quot;:&quot;0&quot;}\" data-image-title=\"01_PPM_02_SideA\" data-image-description=\"\" data-image-caption=\"\" data-medium-file=\"https:\/\/i0.wp.com\/beatles-shootouts.de\/wp-content\/uploads\/2022\/07\/01_PPM_02_SideA.jpg?fit=300%2C300&amp;ssl=1\" data-large-file=\"https:\/\/i0.wp.com\/beatles-shootouts.de\/wp-content\/uploads\/2022\/07\/01_PPM_02_SideA.jpg?fit=1000%2C1000&amp;ssl=1\" class=\"alignnone size-medium wp-image-128\" src=\"https:\/\/i0.wp.com\/beatles-shootouts.de\/wp-content\/uploads\/2022\/07\/01_PPM_02_SideA.jpg?resize=300%2C300&#038;ssl=1\" alt=\"\" width=\"300\" height=\"300\" srcset=\"https:\/\/i0.wp.com\/beatles-shootouts.de\/wp-content\/uploads\/2022\/07\/01_PPM_02_SideA.jpg?resize=300%2C300&amp;ssl=1 300w, https:\/\/i0.wp.com\/beatles-shootouts.de\/wp-content\/uploads\/2022\/07\/01_PPM_02_SideA.jpg?resize=150%2C150&amp;ssl=1 150w, https:\/\/i0.wp.com\/beatles-shootouts.de\/wp-content\/uploads\/2022\/07\/01_PPM_02_SideA.jpg?resize=768%2C768&amp;ssl=1 768w, https:\/\/i0.wp.com\/beatles-shootouts.de\/wp-content\/uploads\/2022\/07\/01_PPM_02_SideA.jpg?resize=80%2C80&amp;ssl=1 80w, https:\/\/i0.wp.com\/beatles-shootouts.de\/wp-content\/uploads\/2022\/07\/01_PPM_02_SideA.jpg?resize=320%2C320&amp;ssl=1 320w, https:\/\/i0.wp.com\/beatles-shootouts.de\/wp-content\/uploads\/2022\/07\/01_PPM_02_SideA.jpg?w=1000&amp;ssl=1 1000w\" sizes=\"auto, (max-width: 300px) 100vw, 300px\" \/><\/a> <a href=\"https:\/\/i0.wp.com\/beatles-shootouts.de\/wp-content\/uploads\/2022\/07\/02_PPM_02_SideB.jpg?ssl=1\"><img data-recalc-dims=\"1\" loading=\"lazy\" decoding=\"async\" data-attachment-id=\"112\" data-permalink=\"https:\/\/beatles-shootouts.de\/de\/beatles-german-cuts-list\/1962-1966\/please-please-me\/please-please-me-stereo\/02_ppm_02_sideb\/\" data-orig-file=\"https:\/\/i0.wp.com\/beatles-shootouts.de\/wp-content\/uploads\/2022\/07\/02_PPM_02_SideB.jpg?fit=1000%2C1000&amp;ssl=1\" data-orig-size=\"1000,1000\" data-comments-opened=\"1\" data-image-meta=\"{&quot;aperture&quot;:&quot;0&quot;,&quot;credit&quot;:&quot;&quot;,&quot;camera&quot;:&quot;&quot;,&quot;caption&quot;:&quot;&quot;,&quot;created_timestamp&quot;:&quot;0&quot;,&quot;copyright&quot;:&quot;&quot;,&quot;focal_length&quot;:&quot;0&quot;,&quot;iso&quot;:&quot;0&quot;,&quot;shutter_speed&quot;:&quot;0&quot;,&quot;title&quot;:&quot;&quot;,&quot;orientation&quot;:&quot;0&quot;}\" data-image-title=\"02_PPM_02_SideB\" data-image-description=\"\" data-image-caption=\"\" data-medium-file=\"https:\/\/i0.wp.com\/beatles-shootouts.de\/wp-content\/uploads\/2022\/07\/02_PPM_02_SideB.jpg?fit=300%2C300&amp;ssl=1\" data-large-file=\"https:\/\/i0.wp.com\/beatles-shootouts.de\/wp-content\/uploads\/2022\/07\/02_PPM_02_SideB.jpg?fit=1000%2C1000&amp;ssl=1\" class=\"alignnone size-medium wp-image-112\" src=\"https:\/\/i0.wp.com\/beatles-shootouts.de\/wp-content\/uploads\/2022\/07\/02_PPM_02_SideB.jpg?resize=300%2C300&#038;ssl=1\" alt=\"\" width=\"300\" height=\"300\" srcset=\"https:\/\/i0.wp.com\/beatles-shootouts.de\/wp-content\/uploads\/2022\/07\/02_PPM_02_SideB.jpg?resize=300%2C300&amp;ssl=1 300w, https:\/\/i0.wp.com\/beatles-shootouts.de\/wp-content\/uploads\/2022\/07\/02_PPM_02_SideB.jpg?resize=150%2C150&amp;ssl=1 150w, https:\/\/i0.wp.com\/beatles-shootouts.de\/wp-content\/uploads\/2022\/07\/02_PPM_02_SideB.jpg?resize=768%2C768&amp;ssl=1 768w, https:\/\/i0.wp.com\/beatles-shootouts.de\/wp-content\/uploads\/2022\/07\/02_PPM_02_SideB.jpg?resize=80%2C80&amp;ssl=1 80w, https:\/\/i0.wp.com\/beatles-shootouts.de\/wp-content\/uploads\/2022\/07\/02_PPM_02_SideB.jpg?resize=320%2C320&amp;ssl=1 320w, https:\/\/i0.wp.com\/beatles-shootouts.de\/wp-content\/uploads\/2022\/07\/02_PPM_02_SideB.jpg?w=1000&amp;ssl=1 1000w\" sizes=\"auto, (max-width: 300px) 100vw, 300px\" \/>\u00a0<\/a><br \/>\nDiscogs listet Exemplare hiervon auch f\u00fcr das Jahr 1966, doch der eigentliche Schnitt stammt vermutlich von sp\u00e4ter, etwa 1967-68. Dies ist die sogenannte &#8222;Grail&#8220;-Version, die einen au\u00dfergew\u00f6hnlich guten Sound hat. Sie kam sowohl auf dem H\u00f6rZu-Label heraus (als &#8222;Die Beatles &#8211; Die zentrale Tanzschaffe&#8220; in den sp\u00e4ten 60ern und fr\u00fchen 70ern), sowie sp\u00e4ter auf dem Apple-Label (mit Originalcover).<\/p>\n<p><strong>Katalognrn.: SHZE 117, 1C 072-04 21<\/strong><\/p>\n<p>Matrix:<br \/>\nSeite A: SHZE 117-A-2\u00a0 \u00a0<em>(beide im <a href=\"https:\/\/beatles-shootouts.de\/beatles-german-cuts-list\/excursus-emi-electrola-matrix-numbers\/styles-of-matrix-numbers\/#style2\">Enge Gravur<\/a>-Stil)<\/em><br \/>\nSeite B: SHZE 117-B-2<\/p>\n<p>oder<\/p>\n<p>Seite A: SHZE 117-A-2 04219-A-2 \u00a0 <em>(beide im <a href=\"https:\/\/beatles-shootouts.de\/beatles-german-cuts-list\/excursus-emi-electrola-matrix-numbers\/styles-of-matrix-numbers\/#style4\">Zus\u00e4tzliche Gravur<\/a>-Stil)<\/em><br \/>\nSeite B: SHZE 117-B-2 04219-B-2<\/p>\n<p><a name=\"3\"><\/a><\/p>\n<h3><strong>3. Schnitt: ab 1984<\/strong><\/h3>\n<p><a href=\"https:\/\/i0.wp.com\/beatles-shootouts.de\/wp-content\/uploads\/2022\/07\/01_PPM_03_SideA.jpg?ssl=1\"><img data-recalc-dims=\"1\" loading=\"lazy\" decoding=\"async\" data-attachment-id=\"280\" data-permalink=\"https:\/\/beatles-shootouts.de\/de\/beatles-german-cuts-list\/1962-1966\/please-please-me\/please-please-me-stereo\/01_ppm_03_sidea\/\" data-orig-file=\"https:\/\/i0.wp.com\/beatles-shootouts.de\/wp-content\/uploads\/2022\/07\/01_PPM_03_SideA.jpg?fit=1000%2C1000&amp;ssl=1\" data-orig-size=\"1000,1000\" data-comments-opened=\"1\" data-image-meta=\"{&quot;aperture&quot;:&quot;0&quot;,&quot;credit&quot;:&quot;&quot;,&quot;camera&quot;:&quot;&quot;,&quot;caption&quot;:&quot;&quot;,&quot;created_timestamp&quot;:&quot;0&quot;,&quot;copyright&quot;:&quot;&quot;,&quot;focal_length&quot;:&quot;0&quot;,&quot;iso&quot;:&quot;0&quot;,&quot;shutter_speed&quot;:&quot;0&quot;,&quot;title&quot;:&quot;&quot;,&quot;orientation&quot;:&quot;0&quot;}\" data-image-title=\"01_PPM_03_SideA\" data-image-description=\"\" data-image-caption=\"\" data-medium-file=\"https:\/\/i0.wp.com\/beatles-shootouts.de\/wp-content\/uploads\/2022\/07\/01_PPM_03_SideA.jpg?fit=300%2C300&amp;ssl=1\" data-large-file=\"https:\/\/i0.wp.com\/beatles-shootouts.de\/wp-content\/uploads\/2022\/07\/01_PPM_03_SideA.jpg?fit=1000%2C1000&amp;ssl=1\" class=\"alignnone size-medium wp-image-280\" src=\"https:\/\/i0.wp.com\/beatles-shootouts.de\/wp-content\/uploads\/2022\/07\/01_PPM_03_SideA.jpg?resize=300%2C300&#038;ssl=1\" alt=\"\" width=\"300\" height=\"300\" srcset=\"https:\/\/i0.wp.com\/beatles-shootouts.de\/wp-content\/uploads\/2022\/07\/01_PPM_03_SideA.jpg?resize=300%2C300&amp;ssl=1 300w, https:\/\/i0.wp.com\/beatles-shootouts.de\/wp-content\/uploads\/2022\/07\/01_PPM_03_SideA.jpg?resize=150%2C150&amp;ssl=1 150w, https:\/\/i0.wp.com\/beatles-shootouts.de\/wp-content\/uploads\/2022\/07\/01_PPM_03_SideA.jpg?resize=768%2C768&amp;ssl=1 768w, https:\/\/i0.wp.com\/beatles-shootouts.de\/wp-content\/uploads\/2022\/07\/01_PPM_03_SideA.jpg?resize=80%2C80&amp;ssl=1 80w, https:\/\/i0.wp.com\/beatles-shootouts.de\/wp-content\/uploads\/2022\/07\/01_PPM_03_SideA.jpg?resize=320%2C320&amp;ssl=1 320w, https:\/\/i0.wp.com\/beatles-shootouts.de\/wp-content\/uploads\/2022\/07\/01_PPM_03_SideA.jpg?w=1000&amp;ssl=1 1000w\" sizes=\"auto, (max-width: 300px) 100vw, 300px\" \/><\/a> <a href=\"https:\/\/i0.wp.com\/beatles-shootouts.de\/wp-content\/uploads\/2022\/07\/01_PPM_03_SideB.jpg?ssl=1\"><img data-recalc-dims=\"1\" loading=\"lazy\" decoding=\"async\" data-attachment-id=\"281\" data-permalink=\"https:\/\/beatles-shootouts.de\/de\/beatles-german-cuts-list\/1962-1966\/please-please-me\/please-please-me-stereo\/01_ppm_03_sideb\/\" data-orig-file=\"https:\/\/i0.wp.com\/beatles-shootouts.de\/wp-content\/uploads\/2022\/07\/01_PPM_03_SideB.jpg?fit=1000%2C1000&amp;ssl=1\" data-orig-size=\"1000,1000\" data-comments-opened=\"1\" data-image-meta=\"{&quot;aperture&quot;:&quot;0&quot;,&quot;credit&quot;:&quot;&quot;,&quot;camera&quot;:&quot;&quot;,&quot;caption&quot;:&quot;&quot;,&quot;created_timestamp&quot;:&quot;0&quot;,&quot;copyright&quot;:&quot;&quot;,&quot;focal_length&quot;:&quot;0&quot;,&quot;iso&quot;:&quot;0&quot;,&quot;shutter_speed&quot;:&quot;0&quot;,&quot;title&quot;:&quot;&quot;,&quot;orientation&quot;:&quot;0&quot;}\" data-image-title=\"01_PPM_03_SideB\" data-image-description=\"\" data-image-caption=\"\" data-medium-file=\"https:\/\/i0.wp.com\/beatles-shootouts.de\/wp-content\/uploads\/2022\/07\/01_PPM_03_SideB.jpg?fit=300%2C300&amp;ssl=1\" data-large-file=\"https:\/\/i0.wp.com\/beatles-shootouts.de\/wp-content\/uploads\/2022\/07\/01_PPM_03_SideB.jpg?fit=1000%2C1000&amp;ssl=1\" class=\"alignnone size-medium wp-image-281\" src=\"https:\/\/i0.wp.com\/beatles-shootouts.de\/wp-content\/uploads\/2022\/07\/01_PPM_03_SideB.jpg?resize=300%2C300&#038;ssl=1\" alt=\"\" width=\"300\" height=\"300\" srcset=\"https:\/\/i0.wp.com\/beatles-shootouts.de\/wp-content\/uploads\/2022\/07\/01_PPM_03_SideB.jpg?resize=300%2C300&amp;ssl=1 300w, https:\/\/i0.wp.com\/beatles-shootouts.de\/wp-content\/uploads\/2022\/07\/01_PPM_03_SideB.jpg?resize=150%2C150&amp;ssl=1 150w, https:\/\/i0.wp.com\/beatles-shootouts.de\/wp-content\/uploads\/2022\/07\/01_PPM_03_SideB.jpg?resize=768%2C768&amp;ssl=1 768w, https:\/\/i0.wp.com\/beatles-shootouts.de\/wp-content\/uploads\/2022\/07\/01_PPM_03_SideB.jpg?resize=80%2C80&amp;ssl=1 80w, https:\/\/i0.wp.com\/beatles-shootouts.de\/wp-content\/uploads\/2022\/07\/01_PPM_03_SideB.jpg?resize=320%2C320&amp;ssl=1 320w, https:\/\/i0.wp.com\/beatles-shootouts.de\/wp-content\/uploads\/2022\/07\/01_PPM_03_SideB.jpg?w=1000&amp;ssl=1 1000w\" sizes=\"auto, (max-width: 300px) 100vw, 300px\" \/><\/a><\/p>\n<p>EMI Electrola hat 1984 angefangen, unmarkierte DMM-Pressungen im Pop-Repertoire zu ver\u00f6ffentlichen. Nach und nach wurden alle Beatles-Alben mit neuen DMM-Schnitten von analogem Quellmaterial neu aufgelegt.<\/p>\n<p><em>Unmarkiertes DMM<\/em><\/p>\n<p><strong>Katalognrn.: 1C 064-10 4219 1, 1C 072-04 219<\/strong><\/p>\n<p>Matrix:<br \/>\nSeite A: 04219-A2<br \/>\nSeite B: 04219-B1","protected":false},"excerpt":{"rendered":"<p>&#46;&#46;&#46;<\/p>\n","protected":false},"author":1,"featured_media":0,"parent":223,"menu_order":1,"comment_status":"open","ping_status":"closed","template":"","meta":{"footnotes":""},"class_list":["post-71","page","type-page","status-publish","hentry"],"jetpack_sharing_enabled":true,"_links":{"self":[{"href":"https:\/\/beatles-shootouts.de\/de\/wp-json\/wp\/v2\/pages\/71","targetHints":{"allow":["GET"]}}],"collection":[{"href":"https:\/\/beatles-shootouts.de\/de\/wp-json\/wp\/v2\/pages"}],"about":[{"href":"https:\/\/beatles-shootouts.de\/de\/wp-json\/wp\/v2\/types\/page"}],"author":[{"embeddable":true,"href":"https:\/\/beatles-shootouts.de\/de\/wp-json\/wp\/v2\/users\/1"}],"replies":[{"embeddable":true,"href":"https:\/\/beatles-shootouts.de\/de\/wp-json\/wp\/v2\/comments?post=71"}],"version-history":[{"count":44,"href":"https:\/\/beatles-shootouts.de\/de\/wp-json\/wp\/v2\/pages\/71\/revisions"}],"predecessor-version":[{"id":772,"href":"https:\/\/beatles-shootouts.de\/de\/wp-json\/wp\/v2\/pages\/71\/revisions\/772"}],"up":[{"embeddable":true,"href":"https:\/\/beatles-shootouts.de\/de\/wp-json\/wp\/v2\/pages\/223"}],"wp:attachment":[{"href":"https:\/\/beatles-shootouts.de\/de\/wp-json\/wp\/v2\/media?parent=71"}],"curies":[{"name":"wp","href":"https:\/\/api.w.org\/{rel}","templated":true}]}}