{"id":956,"date":"2024-07-06T14:22:32","date_gmt":"2024-07-06T14:22:32","guid":{"rendered":"https:\/\/beatles-shootouts.de\/?page_id=956"},"modified":"2024-07-07T09:17:12","modified_gmt":"2024-07-07T09:17:12","slug":"help-legacy","status":"publish","type":"page","link":"https:\/\/beatles-shootouts.de\/de\/shootouts\/legacy-shootouts\/help-legacy\/","title":{"rendered":"Help! (Legacy)"},"content":{"rendered":"<a href=\"https:\/\/i0.wp.com\/beatles-shootouts.de\/wp-content\/uploads\/2024\/07\/covers_1600-1.jpg?ssl=1\"><img data-recalc-dims=\"1\" loading=\"lazy\" decoding=\"async\" data-attachment-id=\"957\" data-permalink=\"https:\/\/beatles-shootouts.de\/de\/shootouts\/legacy-shootouts\/help-legacy\/covers_1600-2\/\" data-orig-file=\"https:\/\/i0.wp.com\/beatles-shootouts.de\/wp-content\/uploads\/2024\/07\/covers_1600-1.jpg?fit=1600%2C1175&amp;ssl=1\" data-orig-size=\"1600,1175\" data-comments-opened=\"1\" data-image-meta=\"{&quot;aperture&quot;:&quot;0&quot;,&quot;credit&quot;:&quot;&quot;,&quot;camera&quot;:&quot;&quot;,&quot;caption&quot;:&quot;&quot;,&quot;created_timestamp&quot;:&quot;0&quot;,&quot;copyright&quot;:&quot;&quot;,&quot;focal_length&quot;:&quot;0&quot;,&quot;iso&quot;:&quot;0&quot;,&quot;shutter_speed&quot;:&quot;0&quot;,&quot;title&quot;:&quot;&quot;,&quot;orientation&quot;:&quot;0&quot;}\" data-image-title=\"covers_1600\" data-image-description=\"\" data-image-caption=\"\" data-medium-file=\"https:\/\/i0.wp.com\/beatles-shootouts.de\/wp-content\/uploads\/2024\/07\/covers_1600-1.jpg?fit=300%2C220&amp;ssl=1\" data-large-file=\"https:\/\/i0.wp.com\/beatles-shootouts.de\/wp-content\/uploads\/2024\/07\/covers_1600-1.jpg?fit=1024%2C752&amp;ssl=1\" class=\"aligncenter size-large wp-image-957\" src=\"https:\/\/i0.wp.com\/beatles-shootouts.de\/wp-content\/uploads\/2024\/07\/covers_1600-1.jpg?resize=1024%2C752&#038;ssl=1\" alt=\"\" width=\"1024\" height=\"752\" srcset=\"https:\/\/i0.wp.com\/beatles-shootouts.de\/wp-content\/uploads\/2024\/07\/covers_1600-1.jpg?resize=1024%2C752&amp;ssl=1 1024w, https:\/\/i0.wp.com\/beatles-shootouts.de\/wp-content\/uploads\/2024\/07\/covers_1600-1.jpg?resize=300%2C220&amp;ssl=1 300w, https:\/\/i0.wp.com\/beatles-shootouts.de\/wp-content\/uploads\/2024\/07\/covers_1600-1.jpg?resize=768%2C564&amp;ssl=1 768w, https:\/\/i0.wp.com\/beatles-shootouts.de\/wp-content\/uploads\/2024\/07\/covers_1600-1.jpg?resize=1536%2C1128&amp;ssl=1 1536w, https:\/\/i0.wp.com\/beatles-shootouts.de\/wp-content\/uploads\/2024\/07\/covers_1600-1.jpg?w=1600&amp;ssl=1 1600w\" sizes=\"auto, (max-width: 1000px) 100vw, 1000px\" \/><\/a><\/p>\n<p>Erstver\u00f6ffentlichung: 6. Juni 2021<\/p>\n<p><strong>Die Kandidaten:<\/strong><\/p>\n<ul>\n<li><a href=\"2\/\">UK 6th Pressing (1978)<\/a><\/li>\n<li><a href=\"3\/\">UK 7th Pressing (1980)<\/a><\/li>\n<li><a href=\"4\/\">German 3rd Cut (1977)<\/a><\/li>\n<li><a href=\"5\/\">Japanese Pressing (1973)<\/a><\/li>\n<li><a href=\"6\/\">The Verdict<\/a><\/li>\n<\/ul>\n<p>Die UK-Pressungen werden anhand der Klassifikation von\u00a0<a href=\"http:\/\/thebeatles-collection.com\/wordpress\/\" target=\"_blank\" rel=\"noopener\">TheBeatles-Collection<\/a>\u00a0angegeben, die deutschen Cuts anhand der\u00a0<a href=\"https:\/\/beatles-shootouts.de\/beatles-german-cuts-list\/\">German Matrix Database<\/a>.<\/p>\n<p><!--nextpage--><\/p>\n<h2><b><a href=\"https:\/\/i0.wp.com\/beatles-shootouts.de\/wp-content\/uploads\/2024\/07\/help_labels_0003_Layer-1.jpg?ssl=1\"><img data-recalc-dims=\"1\" loading=\"lazy\" decoding=\"async\" data-attachment-id=\"959\" data-permalink=\"https:\/\/beatles-shootouts.de\/de\/shootouts\/legacy-shootouts\/help-legacy\/help_labels_0003_layer-1\/\" data-orig-file=\"https:\/\/i0.wp.com\/beatles-shootouts.de\/wp-content\/uploads\/2024\/07\/help_labels_0003_Layer-1.jpg?fit=1600%2C1600&amp;ssl=1\" data-orig-size=\"1600,1600\" data-comments-opened=\"1\" data-image-meta=\"{&quot;aperture&quot;:&quot;0&quot;,&quot;credit&quot;:&quot;&quot;,&quot;camera&quot;:&quot;&quot;,&quot;caption&quot;:&quot;&quot;,&quot;created_timestamp&quot;:&quot;0&quot;,&quot;copyright&quot;:&quot;&quot;,&quot;focal_length&quot;:&quot;0&quot;,&quot;iso&quot;:&quot;0&quot;,&quot;shutter_speed&quot;:&quot;0&quot;,&quot;title&quot;:&quot;&quot;,&quot;orientation&quot;:&quot;1&quot;}\" data-image-title=\"help_labels_0003_Layer 1\" data-image-description=\"\" data-image-caption=\"\" data-medium-file=\"https:\/\/i0.wp.com\/beatles-shootouts.de\/wp-content\/uploads\/2024\/07\/help_labels_0003_Layer-1.jpg?fit=300%2C300&amp;ssl=1\" data-large-file=\"https:\/\/i0.wp.com\/beatles-shootouts.de\/wp-content\/uploads\/2024\/07\/help_labels_0003_Layer-1.jpg?fit=1024%2C1024&amp;ssl=1\" class=\"alignright size-medium wp-image-959\" src=\"https:\/\/i0.wp.com\/beatles-shootouts.de\/wp-content\/uploads\/2024\/07\/help_labels_0003_Layer-1.jpg?resize=300%2C300&#038;ssl=1\" alt=\"\" width=\"300\" height=\"300\" srcset=\"https:\/\/i0.wp.com\/beatles-shootouts.de\/wp-content\/uploads\/2024\/07\/help_labels_0003_Layer-1.jpg?resize=300%2C300&amp;ssl=1 300w, https:\/\/i0.wp.com\/beatles-shootouts.de\/wp-content\/uploads\/2024\/07\/help_labels_0003_Layer-1.jpg?resize=1024%2C1024&amp;ssl=1 1024w, https:\/\/i0.wp.com\/beatles-shootouts.de\/wp-content\/uploads\/2024\/07\/help_labels_0003_Layer-1.jpg?resize=150%2C150&amp;ssl=1 150w, https:\/\/i0.wp.com\/beatles-shootouts.de\/wp-content\/uploads\/2024\/07\/help_labels_0003_Layer-1.jpg?resize=768%2C768&amp;ssl=1 768w, https:\/\/i0.wp.com\/beatles-shootouts.de\/wp-content\/uploads\/2024\/07\/help_labels_0003_Layer-1.jpg?resize=1536%2C1536&amp;ssl=1 1536w, https:\/\/i0.wp.com\/beatles-shootouts.de\/wp-content\/uploads\/2024\/07\/help_labels_0003_Layer-1.jpg?resize=80%2C80&amp;ssl=1 80w, https:\/\/i0.wp.com\/beatles-shootouts.de\/wp-content\/uploads\/2024\/07\/help_labels_0003_Layer-1.jpg?resize=320%2C320&amp;ssl=1 320w, https:\/\/i0.wp.com\/beatles-shootouts.de\/wp-content\/uploads\/2024\/07\/help_labels_0003_Layer-1.jpg?w=1600&amp;ssl=1 1600w\" sizes=\"auto, (max-width: 300px) 100vw, 300px\" \/><\/a>UK 6th Pressing (1978)<\/b><\/h2>\n<p><b>PCS 3071<\/b><\/p>\n<p><a href=\"https:\/\/www.discogs.com\/release\/2595641-The-Beatles-Help\" target=\"_blank\" rel=\"noopener\">Discogs<\/a> | <a href=\"http:\/\/thebeatles-collection.com\/wordpress\/2011\/07\/16\/help-parlophone-pcs-3071\/\" target=\"_blank\" rel=\"noopener\">TheBeatles-Collection<\/a><\/p>\n<p>Matrix:<br \/>\nSide A: YEX 168-4\u00a0 \u00a0HTM<br \/>\nSide B: YEX 169-3\u00a0 \u00a0HTM<\/p>\n<p>Diese Version lag in meiner britischen BC13 Box von 1978. Obwohl in TheBeatles-Collection diese Kombination aus Matrixnummern f\u00fcr diese Version nicht gelistet wird, kann sie anhand des Labels als 6. Pressung identifiziert werden. Beide Seiten wurden von Harry T. Moss geschnitten.<\/p>\n<p>Der Schnitt mit der -4 Matrix auf Seite A ist wirklich ein tolles H\u00f6rerlebnis. Schon der Titeltrack zeigt die St\u00e4rken dieser Version: sehr ausgewogene Balance zwischen B\u00e4ssen, H\u00f6hen und Stimmen. Die Stereotrennung ist sehr gut, die Stimmen lokalisieren sich in der Mitte, die Instrumente sind im Stereopanorama verteilt. Der Bass ist pr\u00e4sent, aber nicht \u00fcberbl\u00e4ht. Die H\u00f6hen, wie etwa die Tamburine bei \u201eYou\u2019ve Got to Hide Your Love Away\u201c oder Maracas bei \u201eThe Night Before\u201d, sind fein aufgel\u00f6st. Was Instrumente angeht, da gl\u00e4nzt der Song \u201eAnother Girl\u201d mit einer runden Erfahrung. Die H\u00f6hen strahlen dann bei \u201eTicket to Ride\u201c. Ein sehr harmonischer Schnitt, wo sich nicht nach vorn dr\u00e4ngelt und nichts \u00fcberm\u00e4\u00dfig im Mix vergraben wird.<\/p>\n<p>Seite B hat die Matrix mit der Nummer -3. Wenn man es mit einem Wort beschreiben wollte, w\u00e4re es \u201eaufregend\u201c. Sehr detaillierte B\u00e4sse (wieder, ohne dass sie \u00fcberbl\u00e4ht wirken), gute H\u00f6hen und fein eingebettete Stimmen. \u201eAct Naturally\u201c hat einen punchigen Bass und gute H\u00f6hen. Allerdings hat es etwas Sibilanz bei der Stimme (\u201eWell, I hope you come and <strong>th<\/strong>ee me in the movie\u201d). Dieser Hang zu Sibilanzen ist auch bei \u201eIt\u2019s Only Love\u201c gut zu erkennen (\u201ewhen you <strong>th<\/strong>igh my mind inside just flies\u201d). Die Stereotrennung bei \u201eYou Like Me Too Much\u201d ist wirklich gut. Aber was auf der Seite richtig reinhaut, sind die Akustikgitarren, etwa bei : \u201eI\u2019ve Just Seen A Face\u201d und vor allem \u201eYesterday\u201d \u2013 hier atmet die Gitarre geradezu. \u201eDizzy Miss Lizzy\u201c, ein Rock \u2018n\u2018 Roll Song, ist indes ein schwieriger Fall: er wirkt komprimiert und \u00fcberladen mit Becken. Trotzdem sind die Details noch gut zu erkennen.<\/p>\n<p><strong>Fazit:<\/strong> Abgesehen von einigen Sibilanzen auf Seite B habe ich diese Pressung wirklich gut genossen. Sie klingt aufregend und macht einfach nur Spa\u00df.<\/p>\n<p><!--nextpage--><\/p>\n<h2><b><a href=\"https:\/\/i0.wp.com\/beatles-shootouts.de\/wp-content\/uploads\/2024\/07\/help_labels_0002_Layer-2.jpg?ssl=1\"><img data-recalc-dims=\"1\" loading=\"lazy\" decoding=\"async\" data-attachment-id=\"960\" data-permalink=\"https:\/\/beatles-shootouts.de\/de\/shootouts\/legacy-shootouts\/help-legacy\/help_labels_0002_layer-2\/\" data-orig-file=\"https:\/\/i0.wp.com\/beatles-shootouts.de\/wp-content\/uploads\/2024\/07\/help_labels_0002_Layer-2.jpg?fit=1600%2C1600&amp;ssl=1\" data-orig-size=\"1600,1600\" data-comments-opened=\"1\" data-image-meta=\"{&quot;aperture&quot;:&quot;0&quot;,&quot;credit&quot;:&quot;&quot;,&quot;camera&quot;:&quot;&quot;,&quot;caption&quot;:&quot;&quot;,&quot;created_timestamp&quot;:&quot;0&quot;,&quot;copyright&quot;:&quot;&quot;,&quot;focal_length&quot;:&quot;0&quot;,&quot;iso&quot;:&quot;0&quot;,&quot;shutter_speed&quot;:&quot;0&quot;,&quot;title&quot;:&quot;&quot;,&quot;orientation&quot;:&quot;1&quot;}\" data-image-title=\"help_labels_0002_Layer 2\" data-image-description=\"\" data-image-caption=\"\" data-medium-file=\"https:\/\/i0.wp.com\/beatles-shootouts.de\/wp-content\/uploads\/2024\/07\/help_labels_0002_Layer-2.jpg?fit=300%2C300&amp;ssl=1\" data-large-file=\"https:\/\/i0.wp.com\/beatles-shootouts.de\/wp-content\/uploads\/2024\/07\/help_labels_0002_Layer-2.jpg?fit=1024%2C1024&amp;ssl=1\" class=\"alignright size-medium wp-image-960\" src=\"https:\/\/i0.wp.com\/beatles-shootouts.de\/wp-content\/uploads\/2024\/07\/help_labels_0002_Layer-2.jpg?resize=300%2C300&#038;ssl=1\" alt=\"\" width=\"300\" height=\"300\" srcset=\"https:\/\/i0.wp.com\/beatles-shootouts.de\/wp-content\/uploads\/2024\/07\/help_labels_0002_Layer-2.jpg?resize=300%2C300&amp;ssl=1 300w, https:\/\/i0.wp.com\/beatles-shootouts.de\/wp-content\/uploads\/2024\/07\/help_labels_0002_Layer-2.jpg?resize=1024%2C1024&amp;ssl=1 1024w, https:\/\/i0.wp.com\/beatles-shootouts.de\/wp-content\/uploads\/2024\/07\/help_labels_0002_Layer-2.jpg?resize=150%2C150&amp;ssl=1 150w, https:\/\/i0.wp.com\/beatles-shootouts.de\/wp-content\/uploads\/2024\/07\/help_labels_0002_Layer-2.jpg?resize=768%2C768&amp;ssl=1 768w, https:\/\/i0.wp.com\/beatles-shootouts.de\/wp-content\/uploads\/2024\/07\/help_labels_0002_Layer-2.jpg?resize=1536%2C1536&amp;ssl=1 1536w, https:\/\/i0.wp.com\/beatles-shootouts.de\/wp-content\/uploads\/2024\/07\/help_labels_0002_Layer-2.jpg?resize=80%2C80&amp;ssl=1 80w, https:\/\/i0.wp.com\/beatles-shootouts.de\/wp-content\/uploads\/2024\/07\/help_labels_0002_Layer-2.jpg?resize=320%2C320&amp;ssl=1 320w, https:\/\/i0.wp.com\/beatles-shootouts.de\/wp-content\/uploads\/2024\/07\/help_labels_0002_Layer-2.jpg?w=1600&amp;ssl=1 1600w\" sizes=\"auto, (max-width: 300px) 100vw, 300px\" \/><\/a>UK 7th Pressing (1980)<\/b><\/h2>\n<p><a href=\"https:\/\/www.discogs.com\/release\/4058857-The-Beatles-Help\" target=\"_blank\" rel=\"noopener\">Discogs<\/a> | <a href=\"http:\/\/thebeatles-collection.com\/wordpress\/2011\/07\/16\/help-parlophone-pcs-3071\/\" target=\"_blank\" rel=\"noopener\">TheBeatles-Collection<\/a><\/p>\n<p><b>PCS 3071<\/b><\/p>\n<p>Matrix:<br \/>\nSide A: YEX 168-4\u00a0 \u00a0HTM<br \/>\nSide B: YEX 169-4\u00a0 \u00a0HTM<\/p>\n<p>Diese Version wurde erstmals 1980 gepresst (mein Exemplar ist von 1982) und hat die gleiche Seite A mit der -4 Matrix, sowie einen neueren Schnitt auf Seite B, ebenfalls von Harry T. Moss.<\/p>\n<p>Alles, was \u00fcber die vorherige Version zur Seite A gesagt wurde, hat auch hier G\u00fcltigkeit. Jedoch ist die Seite B ein anderer Schnitt und muss gesondert betrachtet werden.<\/p>\n<p>Was an diesem Schnitt besser ist, ist die Sibilanz: sie wurde stark reduziert. Bei \u201eAct Naturally\u201d gibt\u2019s sie so gut wie gar nicht, bei \u201eIt\u2019s Only Love\u201c wurde sie reduziert. Doch im generellen Vergleich wirkt die -4 erheblich zahmer, als die -3.\u00a0 Der Bass hat weniger Punch, die H\u00f6hen sind weniger ausgepr\u00e4gt, die Instrumentierung wirkt ged\u00e4mpfter und weniger aufregend. Die Stimmen heben sich von den Instrumenten ab, so dass die Instrumentation in den Hintergrund tritt. \u201eYesterday\u201c klingt zwar \u00e4hnlich, doch die akustische Gitarre wirkt weniger detailliert. Und \u201eDizzy Miss Lizzy\u201c klingt noch komprimierter und flacher, die Stimme ist im Mix vergraben.<\/p>\n<p><strong>Fazit:<\/strong> Wenn man sich diese Pressung, vor allem Seite B, l\u00e4nger anh\u00f6rt, ist daran nichts auszusetzen, sie klingt durchaus nett. Doch beim Hin- und Herschalten zwischen -3 und -4 f\u00fchlt sich diese Pressung doch etwas zahmer und langweiliger an.<\/p>\n<p><!--nextpage--><\/p>\n<h2><b><a href=\"https:\/\/i0.wp.com\/beatles-shootouts.de\/wp-content\/uploads\/2024\/07\/help_labels_0001_Layer-3.jpg?ssl=1\"><img data-recalc-dims=\"1\" loading=\"lazy\" decoding=\"async\" data-attachment-id=\"961\" data-permalink=\"https:\/\/beatles-shootouts.de\/de\/shootouts\/legacy-shootouts\/help-legacy\/help_labels_0001_layer-3\/\" data-orig-file=\"https:\/\/i0.wp.com\/beatles-shootouts.de\/wp-content\/uploads\/2024\/07\/help_labels_0001_Layer-3.jpg?fit=1600%2C1600&amp;ssl=1\" data-orig-size=\"1600,1600\" data-comments-opened=\"1\" data-image-meta=\"{&quot;aperture&quot;:&quot;0&quot;,&quot;credit&quot;:&quot;&quot;,&quot;camera&quot;:&quot;&quot;,&quot;caption&quot;:&quot;&quot;,&quot;created_timestamp&quot;:&quot;0&quot;,&quot;copyright&quot;:&quot;&quot;,&quot;focal_length&quot;:&quot;0&quot;,&quot;iso&quot;:&quot;0&quot;,&quot;shutter_speed&quot;:&quot;0&quot;,&quot;title&quot;:&quot;&quot;,&quot;orientation&quot;:&quot;1&quot;}\" data-image-title=\"help_labels_0001_Layer 3\" data-image-description=\"\" data-image-caption=\"\" data-medium-file=\"https:\/\/i0.wp.com\/beatles-shootouts.de\/wp-content\/uploads\/2024\/07\/help_labels_0001_Layer-3.jpg?fit=300%2C300&amp;ssl=1\" data-large-file=\"https:\/\/i0.wp.com\/beatles-shootouts.de\/wp-content\/uploads\/2024\/07\/help_labels_0001_Layer-3.jpg?fit=1024%2C1024&amp;ssl=1\" class=\"alignright size-medium wp-image-961\" src=\"https:\/\/i0.wp.com\/beatles-shootouts.de\/wp-content\/uploads\/2024\/07\/help_labels_0001_Layer-3.jpg?resize=300%2C300&#038;ssl=1\" alt=\"\" width=\"300\" height=\"300\" srcset=\"https:\/\/i0.wp.com\/beatles-shootouts.de\/wp-content\/uploads\/2024\/07\/help_labels_0001_Layer-3.jpg?resize=300%2C300&amp;ssl=1 300w, https:\/\/i0.wp.com\/beatles-shootouts.de\/wp-content\/uploads\/2024\/07\/help_labels_0001_Layer-3.jpg?resize=1024%2C1024&amp;ssl=1 1024w, https:\/\/i0.wp.com\/beatles-shootouts.de\/wp-content\/uploads\/2024\/07\/help_labels_0001_Layer-3.jpg?resize=150%2C150&amp;ssl=1 150w, https:\/\/i0.wp.com\/beatles-shootouts.de\/wp-content\/uploads\/2024\/07\/help_labels_0001_Layer-3.jpg?resize=768%2C768&amp;ssl=1 768w, https:\/\/i0.wp.com\/beatles-shootouts.de\/wp-content\/uploads\/2024\/07\/help_labels_0001_Layer-3.jpg?resize=1536%2C1536&amp;ssl=1 1536w, https:\/\/i0.wp.com\/beatles-shootouts.de\/wp-content\/uploads\/2024\/07\/help_labels_0001_Layer-3.jpg?resize=80%2C80&amp;ssl=1 80w, https:\/\/i0.wp.com\/beatles-shootouts.de\/wp-content\/uploads\/2024\/07\/help_labels_0001_Layer-3.jpg?resize=320%2C320&amp;ssl=1 320w, https:\/\/i0.wp.com\/beatles-shootouts.de\/wp-content\/uploads\/2024\/07\/help_labels_0001_Layer-3.jpg?w=1600&amp;ssl=1 1600w\" sizes=\"auto, (max-width: 300px) 100vw, 300px\" \/><\/a>German 3rd Cut (1977)<\/b><\/h2>\n<p><b>1C 072-04 257<\/b><\/p>\n<p><a href=\"https:\/\/www.discogs.com\/release\/1816876-The-Beatles-Help\" target=\"_blank\" rel=\"noopener\">Discogs<\/a> | <a href=\"https:\/\/beatles-shootouts.de\/en\/beatles-german-cuts-list\/1962-1966\/help\/#3\">German Matrix Database<\/a><\/p>\n<p>Matrix:<br \/>\nSide A: SHZE 162 A-2\u00a0 \u00a0 04257-A-2<br \/>\nSide B: SHZE 16X2 B-3\u00a0 \u00a0 04257 B-3<\/p>\n<p>Diese Version mit der A-2 \/ B-3 Matrix wird im Allgemeinen als einer der deutschen \u201eGrale\u201c betrachtet. Sie kam auf dem Apple-Label gegen Ende der 70er heraus (wobei die A-2 Seite schon \u00e4lter ist und bereits Anfang der 70er auf dem H\u00f6rZu-Label verwendet wurde).<\/p>\n<p>Nun zur Seite A. Sie klingt ganz anders, als der UK -4 Schnitt. Der Titelsong hat ein Gef\u00fchl von Unruhe, der Gesang f\u00fcgt sich weniger harmonisch in die Instrumentierung ein. Irgendwie ist es auf allen Ebenen verst\u00e4rkt: der Bass, die H\u00f6hen, die Stimmen. Auf der anderen Seite klingt die akustische Gitarre irgendwie verzerrt und br\u00fcchig, und die H\u00f6hen wirken etwas zu scharf. Das bessert sich aber danach. \u201eThe Night Before\u201c klingt erheblich angenehmer und aufregender, als die UK-Variante, sie wirkt lauter, breiter und die Stimmen haben mehr Pr\u00e4senz. \u201eYou\u2019ve Got to Hide Your Love Away\u201d klingt der UK sehr \u00e4hnlich, aber im Refrain ist der Bass etwas schw\u00e4cher. Auch \u201eI Need You\u201c ist der UK \u00e4hnlich, aber mehr Pr\u00e4senz im Gesang, ebenso wie \u201eAnother Girl\u201c, welche sehr viel Spa\u00df macht. \u201eYou\u2019re Gonna Lose That Girl\u201c: die Stereotrennung ist sehr sch\u00f6n, die Stimmen haben eine starke Pr\u00e4senz, aber irgendwie wirken der Gesang und die Instrumente voneinander abgekoppelt, statt ein harmonisches Ganzes zu bilden. Aber \u201eTicket to Ride\u201c macht sehr viel Spa\u00df, die Stimmen stehen mehr hervor, und die B\u00e4sse und H\u00f6hen haben mehr Energie.<\/p>\n<p>Nun zur Seite B. \u201eAsk Naturally\u201c klingt echt sch\u00f6n, \u00e4hnich zu beiden UK-Versionen, und hat weniger Sibilanzen als UK -3 und ein bi\u00dfchen mehr als UK -4. \u201eIt\u2019s Only Love\u201c ist \u00e4hnlich aufregend wie die UK -3, und hat auch einige Sibilanzen. Aber \u201eYou Like Me Too Much\u201d ist sogar dynamischer, als die UK -3 (ganz zu schweigen von zahmer -4), die B\u00e4sse und H\u00f6hen sind pr\u00e4senter. \u201eTell Me What You See\u201c hat mehr Substanz am unteren Ende (und dennoch gute H\u00f6hen) und macht es wieder aufregender, als UK -3. \u201eI\u2019ve Just Seen A Face\u201c ist wiederum der UK \u00e4hnlich, hat aber etwas mehr oberer Mitten und H\u00f6hen (Gitarre und Maracas). H\u00f6rt sich sehr angenehm an. Bei \u201eYesterday\u201d gibt\u2019s wieder das Gef\u00fchl, dass die Stimme, die Gitarre und die Streicher voneinander etwas abgekoppelt sind, bei beiden UKs h\u00f6rt es sich harmonischer an. Aber \u201eDizzy Miss Lizzy\u201d gl\u00e4nzt bei dieser Pressung und bietet gro\u00dfartige Dynamik und gute Trennung von Instrumenten und Stimme.<\/p>\n<p><strong>Fazit:<\/strong> Ist es wirklich ein Gral? Ich glaube, den Titel verdient diese Pressung. Einige Songs klingen ungew\u00f6hnlich h\u00f6henlastig (\u201eHelp!\u201c), aber zum Gro\u00dfteil macht diese deutsche Pressung einfach Spa\u00df und bietet gute B\u00e4sse, H\u00f6hen, energetische Vocals und eine tolle Instrumententrennung.<\/p>\n<p><!--nextpage--><\/p>\n<h2><b><a href=\"https:\/\/i0.wp.com\/beatles-shootouts.de\/wp-content\/uploads\/2024\/07\/help_labels_0000_Layer-4.jpg?ssl=1\"><img data-recalc-dims=\"1\" loading=\"lazy\" decoding=\"async\" data-attachment-id=\"962\" data-permalink=\"https:\/\/beatles-shootouts.de\/de\/shootouts\/legacy-shootouts\/help-legacy\/help_labels_0000_layer-4\/\" data-orig-file=\"https:\/\/i0.wp.com\/beatles-shootouts.de\/wp-content\/uploads\/2024\/07\/help_labels_0000_Layer-4.jpg?fit=1600%2C1600&amp;ssl=1\" data-orig-size=\"1600,1600\" data-comments-opened=\"1\" data-image-meta=\"{&quot;aperture&quot;:&quot;0&quot;,&quot;credit&quot;:&quot;&quot;,&quot;camera&quot;:&quot;&quot;,&quot;caption&quot;:&quot;&quot;,&quot;created_timestamp&quot;:&quot;0&quot;,&quot;copyright&quot;:&quot;&quot;,&quot;focal_length&quot;:&quot;0&quot;,&quot;iso&quot;:&quot;0&quot;,&quot;shutter_speed&quot;:&quot;0&quot;,&quot;title&quot;:&quot;&quot;,&quot;orientation&quot;:&quot;1&quot;}\" data-image-title=\"help_labels_0000_Layer 4\" data-image-description=\"\" data-image-caption=\"\" data-medium-file=\"https:\/\/i0.wp.com\/beatles-shootouts.de\/wp-content\/uploads\/2024\/07\/help_labels_0000_Layer-4.jpg?fit=300%2C300&amp;ssl=1\" data-large-file=\"https:\/\/i0.wp.com\/beatles-shootouts.de\/wp-content\/uploads\/2024\/07\/help_labels_0000_Layer-4.jpg?fit=1024%2C1024&amp;ssl=1\" class=\"alignright size-medium wp-image-962\" src=\"https:\/\/i0.wp.com\/beatles-shootouts.de\/wp-content\/uploads\/2024\/07\/help_labels_0000_Layer-4.jpg?resize=300%2C300&#038;ssl=1\" alt=\"\" width=\"300\" height=\"300\" srcset=\"https:\/\/i0.wp.com\/beatles-shootouts.de\/wp-content\/uploads\/2024\/07\/help_labels_0000_Layer-4.jpg?resize=300%2C300&amp;ssl=1 300w, https:\/\/i0.wp.com\/beatles-shootouts.de\/wp-content\/uploads\/2024\/07\/help_labels_0000_Layer-4.jpg?resize=1024%2C1024&amp;ssl=1 1024w, https:\/\/i0.wp.com\/beatles-shootouts.de\/wp-content\/uploads\/2024\/07\/help_labels_0000_Layer-4.jpg?resize=150%2C150&amp;ssl=1 150w, https:\/\/i0.wp.com\/beatles-shootouts.de\/wp-content\/uploads\/2024\/07\/help_labels_0000_Layer-4.jpg?resize=768%2C768&amp;ssl=1 768w, https:\/\/i0.wp.com\/beatles-shootouts.de\/wp-content\/uploads\/2024\/07\/help_labels_0000_Layer-4.jpg?resize=1536%2C1536&amp;ssl=1 1536w, https:\/\/i0.wp.com\/beatles-shootouts.de\/wp-content\/uploads\/2024\/07\/help_labels_0000_Layer-4.jpg?resize=80%2C80&amp;ssl=1 80w, https:\/\/i0.wp.com\/beatles-shootouts.de\/wp-content\/uploads\/2024\/07\/help_labels_0000_Layer-4.jpg?resize=320%2C320&amp;ssl=1 320w, https:\/\/i0.wp.com\/beatles-shootouts.de\/wp-content\/uploads\/2024\/07\/help_labels_0000_Layer-4.jpg?w=1600&amp;ssl=1 1600w\" sizes=\"auto, (max-width: 300px) 100vw, 300px\" \/><\/a>Japanese Pressing (1973)<\/b><\/h2>\n<p><b>AP-8151<\/b><\/p>\n<p><a href=\"https:\/\/www.discogs.com\/release\/11124260-The-Beatles-Help\" target=\"_blank\" rel=\"noopener\">Discogs<\/a><\/p>\n<p>Matrix:<br \/>\nSide A: YEX 168 2S<br \/>\nSide B: YEX 169 2S2<\/p>\n<p>Diese japanische Version aus den fr\u00fchen 70ern kommt von Apple in einem Gatefold, welcher das Design von Odeon wiederverwendet. Von den getesteten Versionen ist es die fr\u00fcheste Pressung.<\/p>\n<p>Seite A. Der Titeltrack enth\u00fcllt das Hauptproblem dieser japanischen Version. Er klingt etwas dumpf, wie von unter einer Decke. Obwohl die H\u00f6hen sch\u00f6n detailliert sind (Refrain von \u201eHelp!\u201d), ist der Rest etwas undifferenziert und breiig, vor allem beim Bass und den Mitten. Das tritt bei verschiedenen Songs mal mehr, mal weniger stark auf. Bei \u201eHelp!\u201c oder \u201eI Need You\u201d ist es st\u00e4rker, bei \u201eThe Night Before\u201d oder \u201eYou\u2019ve Got to Hide Your Love Away\u201d eher weniger. \u201eAnother Girl\u201d ist beim Japaner etwas lauter aufgespielt. \u201eYou\u2019re Gonna Lose That Girl\u201c schw\u00e4chelt wieder beim Bass. Und beim \u201eTicket to Ride\u201c sind die charakteristischen Gitarren-Riffs im Mix vergraben, daf\u00fcr hat der Gesang mehr Pr\u00e4senz.<\/p>\n<p>Seite B: \u201eAct Naturally\u201d hat ein solides Bassfundament und gute H\u00f6hen, aber die Stimme und Gitarre sind im Mix vergraben. \u201eIt\u2019s Only Love\u201c l\u00e4sst Substanz bei den Tiefen vermissen, immerhin gibt\u2019s keine Sibilanzen, und die H\u00f6hen sind nett. \u201eYou Like Me Too Much\u201c hat wieder zu schwache B\u00e4sse und Mitten, die Stimme wirkt im Mix vergraben. Das mit dem Bass gilt auch f\u00fcr \u201eTell Me What You See\u201c. \u201eI\u2019ve Just Seen A Face\u201c ist so richtig ged\u00e4mpft, die Maracas sind nur ein Schatten ihrer selbst und Paul scheint durch ein Kissen zu singen. Das gleiche gilt f\u00fcr \u201eYesterday\u201c, wo die Gitarre und Pauls Stimme dumpf wirken. Na ja, und bei \u201eDizzy Miss Lizzy\u201d fehlt es an B\u00e4ssen, die Stimme ist dumpf und alles ist eher ein gro\u00dfes Kuddelmuddel.<\/p>\n<p><strong>Fazit:<\/strong> der Japaner hat oft sch\u00f6ne detailreiche H\u00f6hen, aber meistens fehlt es an der Substanz bei den niedrigen Mitten (was die Stimme d\u00e4mpft) und beim Bass.<\/p>\n<p><!--nextpage--><\/p>\n<h2><b>Das Urteil:<\/b><\/h2>\n<ul>\n<li><strong>0. Platz:<\/strong> UK, 6. Pressung (1978). Die Seite A ist eine vergn\u00fcgliche H\u00f6rerfahrung, und Seite B ist sowohl harmonisch, als auch aufregend. Richtig gut.<\/li>\n<li><strong>1. Platz:<\/strong> Deutschland (1977). Es war wirklich knapp. Obwohl es bei einigen Liedern einige strittige Punkte, bin ich mit den EQ-Entscheidungen bei dieser deutschen Pressung meistens sehr happy. Sie macht einfach Spa\u00df, hat tollen Bass, starken Gesang und gute Details. Daher ist sie f\u00fcr mich ein kleines bi\u00dfchen besser, als\u2026<\/li>\n<li><strong>2. Platz:<\/strong> UK, 7. Pressung (1980). Wo Seite A genauso gut wie der Sieger ist, ist Seite B irgendwie zu zahm und zur\u00fcckhaltend f\u00fcr meinen Geschmack.<\/li>\n<li><strong>4. Platz:<\/strong> Japan (1973). Dieser Version fehlt es ganz einfach an tiefen Mitten und Bass, wodurch sie an vielen Stellen dumpf klingt.<\/li>\n<\/ul>","protected":false},"excerpt":{"rendered":"<p>&#46;&#46;&#46;<\/p>\n","protected":false},"author":1,"featured_media":0,"parent":934,"menu_order":1,"comment_status":"closed","ping_status":"closed","template":"","meta":{"footnotes":""},"class_list":["post-956","page","type-page","status-publish","hentry"],"jetpack_sharing_enabled":true,"_links":{"self":[{"href":"https:\/\/beatles-shootouts.de\/de\/wp-json\/wp\/v2\/pages\/956","targetHints":{"allow":["GET"]}}],"collection":[{"href":"https:\/\/beatles-shootouts.de\/de\/wp-json\/wp\/v2\/pages"}],"about":[{"href":"https:\/\/beatles-shootouts.de\/de\/wp-json\/wp\/v2\/types\/page"}],"author":[{"embeddable":true,"href":"https:\/\/beatles-shootouts.de\/de\/wp-json\/wp\/v2\/users\/1"}],"replies":[{"embeddable":true,"href":"https:\/\/beatles-shootouts.de\/de\/wp-json\/wp\/v2\/comments?post=956"}],"version-history":[{"count":3,"href":"https:\/\/beatles-shootouts.de\/de\/wp-json\/wp\/v2\/pages\/956\/revisions"}],"predecessor-version":[{"id":965,"href":"https:\/\/beatles-shootouts.de\/de\/wp-json\/wp\/v2\/pages\/956\/revisions\/965"}],"up":[{"embeddable":true,"href":"https:\/\/beatles-shootouts.de\/de\/wp-json\/wp\/v2\/pages\/934"}],"wp:attachment":[{"href":"https:\/\/beatles-shootouts.de\/de\/wp-json\/wp\/v2\/media?parent=956"}],"curies":[{"name":"wp","href":"https:\/\/api.w.org\/{rel}","templated":true}]}}